{"id":8698,"date":"2024-11-12T17:04:47","date_gmt":"2024-11-12T15:04:47","guid":{"rendered":"https:\/\/sugar-skin.gr\/?post_type=product&#038;p=8698"},"modified":"2026-03-06T17:54:50","modified_gmt":"2026-03-06T15:54:50","slug":"set-x3-lipcheek","status":"publish","type":"product","link":"https:\/\/sugar-skin.gr\/fr\/product\/set-x3-lipcheek\/","title":{"rendered":"Toutes les l\u00e8vres et les joues"},"content":{"rendered":"<p><strong>Ce que c'est :<\/strong><br \/>\nUn stick hydratant polyvalent qui donne de la couleur aux l\u00e8vres et aux pommettes.<\/p>\n<p><strong>Couleurs que vous recevrez :<\/strong><\/p>\n<ol>\n<li>p\u00eache<\/li>\n<li>magenta<\/li>\n<li>rouge sang<\/li>\n<\/ol>\n<p>\u03ae<\/p>\n<ol>\n<li>bronzer fonc\u00e9<\/li>\n<li>bronzer light<\/li>\n<li>Surligneur Champaign<\/li>\n<\/ol>\n<p><strong>Ce qu'il fait :<\/strong><br \/>\nDonne une texture cr\u00e9meuse en une seule application sur les l\u00e8vres et les pommettes. Pratique, le Lip + Cheek Stick s'applique facilement et offre une teinte modulable selon l'intensit\u00e9 souhait\u00e9e. Il est enrichi en beurre de mangue et d'avocat pour l'hydratation, procurant une sensation de fra\u00eecheur et de soin.<\/p>\n<p><strong>Ce qu'il ne contient PAS :<\/strong><\/p>\n<ul>\n<li>Parabens<\/li>\n<li>Compos\u00e9s du soufre<\/li>\n<li>Phtalates<\/li>\n<\/ul>\n<p><strong>Plus d'informations :<\/strong><br \/>\nCe produit est v\u00e9g\u00e9talien, n'a pas \u00e9t\u00e9 test\u00e9 sur les animaux et ne contient pas de parfum.<\/p>","protected":false},"excerpt":{"rendered":"<p>\u03a4\u03b9 \u03b5\u03af\u03bd\u03b1\u03b9: \u0388\u03bd\u03b1 \u03b5\u03bd\u03c5\u03b4\u03b1\u03c4\u03b9\u03ba\u03cc stick \u03c0\u03bf\u03bb\u03bb\u03b1\u03c0\u03bb\u03ce\u03bd \u03c7\u03c1\u03ae\u03c3\u03b5\u03c9\u03bd \u03c0\u03bf\u03c5 \u03c0\u03c1\u03bf\u03c3\u03c6\u03ad\u03c1\u03b5\u03b9 \u03c7\u03c1\u03ce\u03bc\u03b1 \u03c4\u03cc\u03c3\u03bf \u03c3\u03c4\u03b1 \u03c7\u03b5\u03af\u03bb\u03b7 \u03cc\u03c3\u03bf \u03ba\u03b1\u03b9 \u03c3\u03c4\u03b1 \u03b6\u03c5\u03b3\u03c9\u03bc\u03b1\u03c4\u03b9\u03ba\u03ac. \u03a7\u03c1\u03ce\u03bc\u03b1\u03c4\u03b1 \u03c0\u03bf\u03c5 \u03b8\u03b1 \u03c0\u03b1\u03c1\u03b1\u03bb\u03ac\u03b2\u03b5\u03c4\u03b5 : peachy magenta bloody red \u03ae bronzer dark bronzer light Champaign highlighter \u03a4\u03b9 \u03ba\u03ac\u03bd\u03b5\u03b9: \u03a7\u03b1\u03c1\u03af\u03b6\u03b5\u03b9 \u03ba\u03c1\u03b5\u03bc\u03ce\u03b4\u03b7 \u03c5\u03c6\u03ae \u03bc\u03b5 \u03bc\u03af\u03b1 \u03bc\u03cc\u03bd\u03bf \u03b5\u03c6\u03b1\u03c1\u03bc\u03bf\u03b3\u03ae \u03c3\u03c4\u03b1 \u03c7\u03b5\u03af\u03bb\u03b7 \u03ba\u03b1\u03b9 \u03c4\u03b1 \u03b6\u03c5\u03b3\u03c9\u03bc\u03b1\u03c4\u03b9\u03ba\u03ac. \u03a4\u03bf \u03c0\u03c1\u03b1\u03ba\u03c4\u03b9\u03ba\u03cc Lip [&hellip;]<\/p>\n","protected":false},"featured_media":22477,"comment_status":"closed","ping_status":"closed","template":"","meta":{"_acf_changed":false,"_seopress_robots_primary_cat":"none","_seopress_titles_title":"","_seopress_titles_desc":"","_seopress_robots_index":"","_mo_disable_npp":""},"product_brand":[],"product_cat":[132,99],"product_tag":[135],"class_list":{"0":"post-8698","1":"product","2":"type-product","3":"status-publish","4":"has-post-thumbnail","6":"product_cat-lip-cheek","7":"product_cat-sets","8":"product_tag-show-extra-tabs","10":"first","11":"outofstock","12":"sale","13":"shipping-taxable","14":"purchasable","15":"product-type-variable"},"acf":[],"_links":{"self":[{"href":"https:\/\/sugar-skin.gr\/fr\/wp-json\/wp\/v2\/product\/8698","targetHints":{"allow":["GET"]}}],"collection":[{"href":"https:\/\/sugar-skin.gr\/fr\/wp-json\/wp\/v2\/product"}],"about":[{"href":"https:\/\/sugar-skin.gr\/fr\/wp-json\/wp\/v2\/types\/product"}],"replies":[{"embeddable":true,"href":"https:\/\/sugar-skin.gr\/fr\/wp-json\/wp\/v2\/comments?post=8698"}],"version-history":[{"count":3,"href":"https:\/\/sugar-skin.gr\/fr\/wp-json\/wp\/v2\/product\/8698\/revisions"}],"predecessor-version":[{"id":22491,"href":"https:\/\/sugar-skin.gr\/fr\/wp-json\/wp\/v2\/product\/8698\/revisions\/22491"}],"wp:featuredmedia":[{"embeddable":true,"href":"https:\/\/sugar-skin.gr\/fr\/wp-json\/wp\/v2\/media\/22477"}],"wp:attachment":[{"href":"https:\/\/sugar-skin.gr\/fr\/wp-json\/wp\/v2\/media?parent=8698"}],"wp:term":[{"taxonomy":"product_brand","embeddable":true,"href":"https:\/\/sugar-skin.gr\/fr\/wp-json\/wp\/v2\/product_brand?post=8698"},{"taxonomy":"product_cat","embeddable":true,"href":"https:\/\/sugar-skin.gr\/fr\/wp-json\/wp\/v2\/product_cat?post=8698"},{"taxonomy":"product_tag","embeddable":true,"href":"https:\/\/sugar-skin.gr\/fr\/wp-json\/wp\/v2\/product_tag?post=8698"}],"curies":[{"name":"wp","href":"https:\/\/api.w.org\/{rel}","templated":true}]}}