{"id":3454,"date":"2024-03-21T14:55:46","date_gmt":"2024-03-21T12:55:46","guid":{"rendered":"https:\/\/sugar-skin.gr\/?post_type=product&#038;p=3454"},"modified":"2026-05-04T00:19:38","modified_gmt":"2026-05-03T21:19:38","slug":"lip-and-cheek-6gr","status":"publish","type":"product","link":"https:\/\/sugar-skin.gr\/fr\/product\/lip-and-cheek-6gr\/","title":{"rendered":"L\u00e8vres et joues"},"content":{"rendered":"<p style=\"text-align: center\">L\u00e8vres et joues 3gr<\/p>\n<p>Stick multi-usages 2 en 1 qui donne de la couleur (teinte d'intensit\u00e9 personnalisable) aux l\u00e8vres et aux pommettes. Enrichi en acide hyaluronique, huile d'avocat, huile d'abricot, beurre de cacao et vitamine E pour une hydratation ultime.<br \/>\nStick polyvalent 2 en 1 qui donne de la couleur (teinte d'intensit\u00e9 r\u00e9glable) aux l\u00e8vres et aux pommettes. Enrichi en acide hyaluronique, huile d'avocat, huile d'abricot, beurre de cacao et vitamine E pour une hydratation ultime.<\/p>","protected":false},"excerpt":{"rendered":"<p>Stick multi-usages 2 en 1 qui donne de la couleur (teinte d'intensit\u00e9 personnalisable) aux l\u00e8vres et aux pommettes. Enrichi en acide hyaluronique, huile d'avocat, huile d'abricot, beurre de cacao et vitamine E pour une hydratation ultime. Trois couleurs diff\u00e9rentes pour une sensation naturelle sur les l\u00e8vres et les pommettes. .<\/p>\n<p>Stick polyvalent 2 en 1 qui donne de la couleur (teinte d'intensit\u00e9 r\u00e9glable) aux l\u00e8vres et aux pommettes. Enrichi en acide hyaluronique, huile d'avocat, huile d'abricot, beurre de cacao et vitamine E pour une hydratation ultime. En trois teintes diff\u00e9rentes pour une teinte naturelle sur les joues et les l\u00e8vres.<\/p>","protected":false},"featured_media":22481,"comment_status":"closed","ping_status":"closed","template":"","meta":{"_acf_changed":false,"_seopress_robots_primary_cat":"none","_seopress_titles_title":"","_seopress_titles_desc":"","_seopress_robots_index":"","_mo_disable_npp":""},"product_brand":[],"product_cat":[132],"product_tag":[135],"class_list":{"0":"post-3454","1":"product","2":"type-product","3":"status-publish","4":"has-post-thumbnail","6":"product_cat-lip-cheek","7":"product_tag-show-extra-tabs","9":"first","10":"instock","11":"shipping-taxable","12":"purchasable","13":"product-type-variable"},"acf":[],"_links":{"self":[{"href":"https:\/\/sugar-skin.gr\/fr\/wp-json\/wp\/v2\/product\/3454","targetHints":{"allow":["GET"]}}],"collection":[{"href":"https:\/\/sugar-skin.gr\/fr\/wp-json\/wp\/v2\/product"}],"about":[{"href":"https:\/\/sugar-skin.gr\/fr\/wp-json\/wp\/v2\/types\/product"}],"replies":[{"embeddable":true,"href":"https:\/\/sugar-skin.gr\/fr\/wp-json\/wp\/v2\/comments?post=3454"}],"version-history":[{"count":15,"href":"https:\/\/sugar-skin.gr\/fr\/wp-json\/wp\/v2\/product\/3454\/revisions"}],"predecessor-version":[{"id":24705,"href":"https:\/\/sugar-skin.gr\/fr\/wp-json\/wp\/v2\/product\/3454\/revisions\/24705"}],"wp:featuredmedia":[{"embeddable":true,"href":"https:\/\/sugar-skin.gr\/fr\/wp-json\/wp\/v2\/media\/22481"}],"wp:attachment":[{"href":"https:\/\/sugar-skin.gr\/fr\/wp-json\/wp\/v2\/media?parent=3454"}],"wp:term":[{"taxonomy":"product_brand","embeddable":true,"href":"https:\/\/sugar-skin.gr\/fr\/wp-json\/wp\/v2\/product_brand?post=3454"},{"taxonomy":"product_cat","embeddable":true,"href":"https:\/\/sugar-skin.gr\/fr\/wp-json\/wp\/v2\/product_cat?post=3454"},{"taxonomy":"product_tag","embeddable":true,"href":"https:\/\/sugar-skin.gr\/fr\/wp-json\/wp\/v2\/product_tag?post=3454"}],"curies":[{"name":"wp","href":"https:\/\/api.w.org\/{rel}","templated":true}]}}