{"id":24256,"date":"2026-04-06T16:24:31","date_gmt":"2026-04-06T13:24:31","guid":{"rendered":"https:\/\/sugar-skin.gr\/?post_type=product&#038;p=24256"},"modified":"2026-05-04T14:14:53","modified_gmt":"2026-05-04T11:14:53","slug":"rosewood-kiss-salted-caramel","status":"publish","type":"product","link":"https:\/\/sugar-skin.gr\/fr\/product\/rosewood-kiss-salted-caramel\/","title":{"rendered":"Rosewood kiss + Salted caramel"},"content":{"rendered":"<p><span class=\"s8\">Lip contour\u00a0 Long Lasting Rosewood Kiss + Hyaluronic lip oil with Vitamin E &amp; Castor Oil Salted Caramel<\/span><\/p>\n<p>Contour des l\u00e8vres Longue dur\u00e9e <span class=\"s8\">Baiser en bois de rose<\/span> \u00a0Crayon \u00e0 l\u00e8vres : crayon \u00e0 l\u00e8vres longue tenue pour dessiner, d\u00e9finir et accentuer la forme naturelle des l\u00e8vres.<br \/>\nMODE D'EMPLOI : Dessinez le contour de vos l\u00e8vres ou remplissez-les avant d'appliquer votre produit pr\u00e9f\u00e9r\u00e9.<\/p>\n<p>Huile \u00e0 l\u00e8vres hyaluronique \u00e0 la vitamine E et \u00e0 l'huile de ricin Caramel sal\u00e9 : Huile \u00e0 l\u00e8vres hydratante \u00e0 l'acide hyaluronique, \u00e0 la vitamine E et \u00e0 l'huile de ricin qui nourrit, prot\u00e8ge et donne une douce brillance aux l\u00e8vres. Sa formule l\u00e9g\u00e8re retient l'humidit\u00e9, laissant les l\u00e8vres lisses et pulpeuses.<\/p>\n<h1 class=\"product_title entry-title\" data-no-translation=\"\"><\/h1>","protected":false},"excerpt":{"rendered":"<p><strong data-start=\"104\" data-end=\"119\">Obtenir le duo<\/strong><br data-start=\"119\" data-end=\"122\" \/>Deux produits qui se compl\u00e8tent parfaitement.<br data-start=\"162\" data-end=\"165\" data-is-only-node=\"\" \/>Le <strong data-start=\"168\" data-end=\"183\">Obtenir le duo<\/strong> Les combos de Sugar Skin sont con\u00e7us pour une s\u00e9lection facile et des r\u00e9sultats complets. Des nuances et des textures soigneusement combin\u00e9es qui rehaussent votre look dans un \u00e9quilibre parfait.<\/p>","protected":false},"featured_media":24259,"comment_status":"open","ping_status":"closed","template":"","meta":{"_acf_changed":false,"_seopress_robots_primary_cat":"none","_seopress_titles_title":"","_seopress_titles_desc":"","_seopress_robots_index":"","_mo_disable_npp":""},"product_brand":[],"product_cat":[169],"product_tag":[],"class_list":{"0":"post-24256","1":"product","2":"type-product","3":"status-publish","4":"has-post-thumbnail","6":"product_cat-duos","8":"first","9":"instock","10":"sale","11":"shipping-taxable","12":"purchasable","13":"product-type-simple"},"acf":[],"_links":{"self":[{"href":"https:\/\/sugar-skin.gr\/fr\/wp-json\/wp\/v2\/product\/24256","targetHints":{"allow":["GET"]}}],"collection":[{"href":"https:\/\/sugar-skin.gr\/fr\/wp-json\/wp\/v2\/product"}],"about":[{"href":"https:\/\/sugar-skin.gr\/fr\/wp-json\/wp\/v2\/types\/product"}],"replies":[{"embeddable":true,"href":"https:\/\/sugar-skin.gr\/fr\/wp-json\/wp\/v2\/comments?post=24256"}],"version-history":[{"count":5,"href":"https:\/\/sugar-skin.gr\/fr\/wp-json\/wp\/v2\/product\/24256\/revisions"}],"predecessor-version":[{"id":24949,"href":"https:\/\/sugar-skin.gr\/fr\/wp-json\/wp\/v2\/product\/24256\/revisions\/24949"}],"wp:featuredmedia":[{"embeddable":true,"href":"https:\/\/sugar-skin.gr\/fr\/wp-json\/wp\/v2\/media\/24259"}],"wp:attachment":[{"href":"https:\/\/sugar-skin.gr\/fr\/wp-json\/wp\/v2\/media?parent=24256"}],"wp:term":[{"taxonomy":"product_brand","embeddable":true,"href":"https:\/\/sugar-skin.gr\/fr\/wp-json\/wp\/v2\/product_brand?post=24256"},{"taxonomy":"product_cat","embeddable":true,"href":"https:\/\/sugar-skin.gr\/fr\/wp-json\/wp\/v2\/product_cat?post=24256"},{"taxonomy":"product_tag","embeddable":true,"href":"https:\/\/sugar-skin.gr\/fr\/wp-json\/wp\/v2\/product_tag?post=24256"}],"curies":[{"name":"wp","href":"https:\/\/api.w.org\/{rel}","templated":true}]}}