{"id":24251,"date":"2026-04-06T16:20:04","date_gmt":"2026-04-06T13:20:04","guid":{"rendered":"https:\/\/sugar-skin.gr\/?post_type=product&#038;p=24251"},"modified":"2026-04-24T18:17:22","modified_gmt":"2026-04-24T15:17:22","slug":"peach-sorbet-mocha-nude","status":"publish","type":"product","link":"https:\/\/sugar-skin.gr\/fr\/product\/peach-sorbet-mocha-nude\/","title":{"rendered":"Peach sorbet + Mocha nude"},"content":{"rendered":"<p><span class=\"s8\">Lip contour\u00a0 Long Lasting Mocha Mocha Nude + Hyaluronic lip oil with Vitamin E &amp; Castor Oil Peach Sorbet<\/span><\/p>\n<p>contour des l\u00e8vres \u00a0<span class=\"s8\">Moka Nude<\/span> \u00a0:\u00a0 \u039c\u03bf\u03bb\u03cd\u03b2\u03b9 <span class=\"s8\">\u03c7\u03b5\u03b9\u03bb\u03b9\u03ce\u03bd \u03b3\u03b9\u03b1 \u03c4\u03bf\u03bd \u03c3\u03c7\u03b5\u03b4\u03b9\u03b1\u03c3\u03bc\u03cc \u03c0\u03b5\u03c1\u03b9\u03b3\u03c1\u03ac\u03bc\u03bc\u03b1\u03c4\u03bf\u03c2,<\/span>\u00a0<span class=\"s8\">que\u00a0<\/span><span class=\"s8\">URL<\/span><span class=\"s8\">hey<\/span><span class=\"s8\">\u00a0et le stress<\/span><span class=\"s8\">hey\u00a0<\/span><span class=\"s8\">la forme naturelle<\/span><span class=\"s8\">\u00a0leur<\/span><span class=\"s8\">.<br \/>\n<\/span>MODE D'EMPLOI : Dessinez le contour de vos l\u00e8vres ou remplissez-les avant d'appliquer votre produit pr\u00e9f\u00e9r\u00e9.<\/p>\n<p>Huile \u00e0 l\u00e8vres hyaluronique \u00e0 la vitamine E et \u00e0 l'huile de ricin <span class=\"s8\">Peach Sorbet<\/span> Huile pour les l\u00e8vres : Huile hydratante pour les l\u00e8vres \u00e0 base d'acide hyaluronique, de vitamine E et d'huile de ricin qui nourrit, prot\u00e8ge et donne une douce brillance aux l\u00e8vres. Sa formule l\u00e9g\u00e8re retient l'humidit\u00e9, laissant les l\u00e8vres lisses et pulpeuses.<\/p>\n<h1 class=\"product_title entry-title\" data-no-translation=\"\"><\/h1>","protected":false},"excerpt":{"rendered":"<p><strong data-start=\"104\" data-end=\"119\">Obtenir le duo<\/strong><br data-start=\"119\" data-end=\"122\" \/>Deux produits qui se compl\u00e8tent parfaitement.<br data-start=\"162\" data-end=\"165\" data-is-only-node=\"\" \/>Le <strong data-start=\"168\" data-end=\"183\">Obtenir le duo<\/strong> Les combos de Sugar Skin sont con\u00e7us pour une s\u00e9lection facile et des r\u00e9sultats complets. Des nuances et des textures soigneusement combin\u00e9es qui rehaussent votre look dans un \u00e9quilibre parfait.<\/p>","protected":false},"featured_media":24254,"comment_status":"open","ping_status":"closed","template":"","meta":{"_acf_changed":false,"_seopress_robots_primary_cat":"none","_seopress_titles_title":"","_seopress_titles_desc":"","_seopress_robots_index":"","_mo_disable_npp":""},"product_brand":[],"product_cat":[169],"product_tag":[],"class_list":{"0":"post-24251","1":"product","2":"type-product","3":"status-publish","4":"has-post-thumbnail","6":"product_cat-duos","8":"first","9":"instock","10":"sale","11":"shipping-taxable","12":"purchasable","13":"product-type-simple"},"acf":[],"_links":{"self":[{"href":"https:\/\/sugar-skin.gr\/fr\/wp-json\/wp\/v2\/product\/24251","targetHints":{"allow":["GET"]}}],"collection":[{"href":"https:\/\/sugar-skin.gr\/fr\/wp-json\/wp\/v2\/product"}],"about":[{"href":"https:\/\/sugar-skin.gr\/fr\/wp-json\/wp\/v2\/types\/product"}],"replies":[{"embeddable":true,"href":"https:\/\/sugar-skin.gr\/fr\/wp-json\/wp\/v2\/comments?post=24251"}],"version-history":[{"count":3,"href":"https:\/\/sugar-skin.gr\/fr\/wp-json\/wp\/v2\/product\/24251\/revisions"}],"predecessor-version":[{"id":24858,"href":"https:\/\/sugar-skin.gr\/fr\/wp-json\/wp\/v2\/product\/24251\/revisions\/24858"}],"wp:featuredmedia":[{"embeddable":true,"href":"https:\/\/sugar-skin.gr\/fr\/wp-json\/wp\/v2\/media\/24254"}],"wp:attachment":[{"href":"https:\/\/sugar-skin.gr\/fr\/wp-json\/wp\/v2\/media?parent=24251"}],"wp:term":[{"taxonomy":"product_brand","embeddable":true,"href":"https:\/\/sugar-skin.gr\/fr\/wp-json\/wp\/v2\/product_brand?post=24251"},{"taxonomy":"product_cat","embeddable":true,"href":"https:\/\/sugar-skin.gr\/fr\/wp-json\/wp\/v2\/product_cat?post=24251"},{"taxonomy":"product_tag","embeddable":true,"href":"https:\/\/sugar-skin.gr\/fr\/wp-json\/wp\/v2\/product_tag?post=24251"}],"curies":[{"name":"wp","href":"https:\/\/api.w.org\/{rel}","templated":true}]}}