{"id":21956,"date":"2026-01-23T10:35:27","date_gmt":"2026-01-23T08:35:27","guid":{"rendered":"https:\/\/sugar-skin.gr\/?post_type=product&#038;p=21956"},"modified":"2026-04-14T20:59:18","modified_gmt":"2026-04-14T17:59:18","slug":"get-the-duo-14","status":"publish","type":"product","link":"https:\/\/sugar-skin.gr\/fr\/product\/get-the-duo-14\/","title":{"rendered":"Choco fonc\u00e9 + Coeur d'humeur"},"content":{"rendered":"<p><span class=\"s8\">Contour des l\u00e8vres Long Lasting Dark Choco + Rouge \u00e0 l\u00e8vres Moody Heart<\/span><\/p>\n<p>Contour des l\u00e8vres Longue dur\u00e9e <span class=\"s8\">Choco fonc\u00e9<\/span><span class=\"s8\">\u00a0<\/span>Crayon \u00e0 l\u00e8vres : crayon \u00e0 l\u00e8vres longue tenue pour dessiner, d\u00e9finir et accentuer la forme naturelle des l\u00e8vres.<br \/>\nMODE D'EMPLOI : Dessinez le contour de vos l\u00e8vres ou remplissez-les avant d'appliquer votre produit pr\u00e9f\u00e9r\u00e9.<\/p>\n<p>Rouge \u00e0 l\u00e8vres\u00a0 <span class=\"s8\">Le c\u0153ur malade<\/span><span class=\"s8\">\u00a0<\/span> Rouge \u00e0 l\u00e8vres : Un rouge \u00e0 l\u00e8vres unique en deux phases, con\u00e7u avec un c\u0153ur en forme de c\u0153ur enrichi d'extraits botaniques apaisants et entour\u00e9 d'une enveloppe soyeuse de couleur riche. Ce rouge \u00e0 l\u00e8vres innovant allie nutrition et couleur en un seul geste.<\/p>","protected":false},"excerpt":{"rendered":"<p><strong data-start=\"104\" data-end=\"119\">Obtenir le duo<\/strong><br data-start=\"119\" data-end=\"122\" \/>Deux produits qui se compl\u00e8tent parfaitement.<br data-start=\"162\" data-end=\"165\" data-is-only-node=\"\" \/>Le <strong data-start=\"168\" data-end=\"183\">Obtenir le duo<\/strong> Les combos de Sugar Skin sont con\u00e7us pour une s\u00e9lection facile et des r\u00e9sultats complets. Des nuances et des textures soigneusement combin\u00e9es qui rehaussent votre look dans un \u00e9quilibre parfait.<\/p>","protected":false},"featured_media":22495,"comment_status":"open","ping_status":"closed","template":"","meta":{"_acf_changed":false,"_seopress_robots_primary_cat":"none","_seopress_titles_title":"","_seopress_titles_desc":"","_seopress_robots_index":"","_mo_disable_npp":""},"product_brand":[],"product_cat":[169,16],"product_tag":[],"class_list":{"0":"post-21956","1":"product","2":"type-product","3":"status-publish","4":"has-post-thumbnail","6":"product_cat-duos","7":"product_cat-uncategorized","9":"first","10":"instock","11":"sale","12":"shipping-taxable","13":"purchasable","14":"product-type-simple"},"acf":[],"_links":{"self":[{"href":"https:\/\/sugar-skin.gr\/fr\/wp-json\/wp\/v2\/product\/21956","targetHints":{"allow":["GET"]}}],"collection":[{"href":"https:\/\/sugar-skin.gr\/fr\/wp-json\/wp\/v2\/product"}],"about":[{"href":"https:\/\/sugar-skin.gr\/fr\/wp-json\/wp\/v2\/types\/product"}],"replies":[{"embeddable":true,"href":"https:\/\/sugar-skin.gr\/fr\/wp-json\/wp\/v2\/comments?post=21956"}],"version-history":[{"count":8,"href":"https:\/\/sugar-skin.gr\/fr\/wp-json\/wp\/v2\/product\/21956\/revisions"}],"predecessor-version":[{"id":23493,"href":"https:\/\/sugar-skin.gr\/fr\/wp-json\/wp\/v2\/product\/21956\/revisions\/23493"}],"wp:featuredmedia":[{"embeddable":true,"href":"https:\/\/sugar-skin.gr\/fr\/wp-json\/wp\/v2\/media\/22495"}],"wp:attachment":[{"href":"https:\/\/sugar-skin.gr\/fr\/wp-json\/wp\/v2\/media?parent=21956"}],"wp:term":[{"taxonomy":"product_brand","embeddable":true,"href":"https:\/\/sugar-skin.gr\/fr\/wp-json\/wp\/v2\/product_brand?post=21956"},{"taxonomy":"product_cat","embeddable":true,"href":"https:\/\/sugar-skin.gr\/fr\/wp-json\/wp\/v2\/product_cat?post=21956"},{"taxonomy":"product_tag","embeddable":true,"href":"https:\/\/sugar-skin.gr\/fr\/wp-json\/wp\/v2\/product_tag?post=21956"}],"curies":[{"name":"wp","href":"https:\/\/api.w.org\/{rel}","templated":true}]}}