{"id":21893,"date":"2026-01-22T17:49:16","date_gmt":"2026-01-22T15:49:16","guid":{"rendered":"https:\/\/sugar-skin.gr\/?post_type=product&#038;p=21893"},"modified":"2026-04-24T14:44:15","modified_gmt":"2026-04-24T11:44:15","slug":"get-them-all","status":"publish","type":"product","link":"https:\/\/sugar-skin.gr\/fr\/product\/get-them-all\/","title":{"rendered":"Cornet caramel + Figue givr\u00e9e + Moka nude + #02"},"content":{"rendered":"<p>Contour des l\u00e8vres : Caramel cone + Frosted fig + Mocha nude + #02<\/p>\n<p class=\"s9\"><span class=\"s8\">Crayon \u00e0 l\u00e8vres pour le dessin des contours,<\/span>\u00a0<span class=\"s8\">que\u00a0<\/span><span class=\"s8\">URL<\/span><span class=\"s8\">hey<\/span><span class=\"s8\">\u00a0et le stress<\/span><span class=\"s8\">hey\u00a0<\/span><span class=\"s8\">la forme naturelle<\/span><span class=\"s8\">\u00a0leur<\/span><span class=\"s8\">.<br \/>\n<\/span>MODE D'EMPLOI : Dessinez le contour de vos l\u00e8vres ou remplissez-les avant d'appliquer votre produit pr\u00e9f\u00e9r\u00e9.<\/p>","protected":false},"excerpt":{"rendered":"<p>Contour des l\u00e8vres : Caramel cone + Frosted fig + Mocha nude + #02 Crayon \u00e0 l\u00e8vres pour dessiner, d\u00e9finir et accentuer la forme naturelle des l\u00e8vres. Mode d'emploi.<\/p>","protected":false},"featured_media":22496,"comment_status":"open","ping_status":"closed","template":"","meta":{"_acf_changed":false,"_seopress_robots_primary_cat":"none","_seopress_titles_title":"","_seopress_titles_desc":"","_seopress_robots_index":"","_mo_disable_npp":""},"product_brand":[],"product_cat":[99,16],"product_tag":[],"class_list":{"0":"post-21893","1":"product","2":"type-product","3":"status-publish","4":"has-post-thumbnail","6":"product_cat-sets","7":"product_cat-uncategorized","9":"first","10":"instock","11":"sale","12":"shipping-taxable","13":"purchasable","14":"product-type-simple"},"acf":[],"_links":{"self":[{"href":"https:\/\/sugar-skin.gr\/fr\/wp-json\/wp\/v2\/product\/21893","targetHints":{"allow":["GET"]}}],"collection":[{"href":"https:\/\/sugar-skin.gr\/fr\/wp-json\/wp\/v2\/product"}],"about":[{"href":"https:\/\/sugar-skin.gr\/fr\/wp-json\/wp\/v2\/types\/product"}],"replies":[{"embeddable":true,"href":"https:\/\/sugar-skin.gr\/fr\/wp-json\/wp\/v2\/comments?post=21893"}],"version-history":[{"count":4,"href":"https:\/\/sugar-skin.gr\/fr\/wp-json\/wp\/v2\/product\/21893\/revisions"}],"predecessor-version":[{"id":23466,"href":"https:\/\/sugar-skin.gr\/fr\/wp-json\/wp\/v2\/product\/21893\/revisions\/23466"}],"wp:featuredmedia":[{"embeddable":true,"href":"https:\/\/sugar-skin.gr\/fr\/wp-json\/wp\/v2\/media\/22496"}],"wp:attachment":[{"href":"https:\/\/sugar-skin.gr\/fr\/wp-json\/wp\/v2\/media?parent=21893"}],"wp:term":[{"taxonomy":"product_brand","embeddable":true,"href":"https:\/\/sugar-skin.gr\/fr\/wp-json\/wp\/v2\/product_brand?post=21893"},{"taxonomy":"product_cat","embeddable":true,"href":"https:\/\/sugar-skin.gr\/fr\/wp-json\/wp\/v2\/product_cat?post=21893"},{"taxonomy":"product_tag","embeddable":true,"href":"https:\/\/sugar-skin.gr\/fr\/wp-json\/wp\/v2\/product_tag?post=21893"}],"curies":[{"name":"wp","href":"https:\/\/api.w.org\/{rel}","templated":true}]}}