{"id":21887,"date":"2026-01-22T17:42:07","date_gmt":"2026-01-22T15:42:07","guid":{"rendered":"https:\/\/sugar-skin.gr\/?post_type=product&#038;p=21887"},"modified":"2026-04-21T18:06:08","modified_gmt":"2026-04-21T15:06:08","slug":"get-the-duo-10","status":"publish","type":"product","link":"https:\/\/sugar-skin.gr\/fr\/product\/get-the-duo-10\/","title":{"rendered":"Past\u00e8que Splash + Argile aux baies"},"content":{"rendered":"<p><span class=\"s8\">Huile \u00e0 l\u00e8vres hyaluronique \u00e0 la vitamine E et \u00e0 l'huile de ricin Watermelon Splash + Lip &amp; Cheek Berry Clay<\/span><\/p>\n<p>&nbsp;<\/p>\n<p>Huile \u00e0 l\u00e8vres hyaluronique \u00e0 la vitamine E et \u00e0 l'huile de ricin<span class=\"s8\"> \u00c9clat de melon d'eau<\/span>\u00a0Huile pour les l\u00e8vres : Huile hydratante pour les l\u00e8vres \u00e0 base d'acide hyaluronique, de vitamine E et d'huile de ricin qui nourrit, prot\u00e8ge et donne une douce brillance aux l\u00e8vres. Sa formule l\u00e9g\u00e8re retient l'humidit\u00e9, laissant les l\u00e8vres lisses et pulpeuses.<\/p>\n<p>Lip &amp; Cheek Berry Clay : Stick 2 en 1 multi-usages qui donne de la couleur (teinte d'intensit\u00e9 r\u00e9glable) aux l\u00e8vres et aux pommettes. Enrichi en acide hyaluronique, huile d'avocat, huile d'abricot, beurre de cacao et vitamine E pour une hydratation optimale.<br \/>\nMODE D'EMPLOI : Appliquer directement sur les l?vres et les pommettes selon les besoins et appliquer\/coller avec les doigts ou avec un pinceau selon vos souhaits.<\/p>\n<p>&nbsp;<\/p>\n<p><span class=\"s8\">\u00a0<\/span><\/p>","protected":false},"excerpt":{"rendered":"<p>Hyaluronic lip oil with Vitamin E &amp; Castor Oil Watermelon Splash + Lip&amp;cheeck Berry Clay &nbsp; Hyaluronic lip oil with Vitamin E &amp; Castor Oil Watermelon Splash\u00a0: \u0395\u03bd\u03c5\u03b4\u03b1\u03c4\u03b9\u03ba\u03cc lip oil \u03bc\u03b5 \u03a5\u03b1\u03bb\u03bf\u03c5\u03c1\u03bf\u03bd\u03b9\u03ba\u03cc \u039f\u03be\u03cd, \u0392\u03b9\u03c4\u03b1\u03bc\u03af\u03bd\u03b7 \u0395 \u03ba\u03b1\u03b9 \u039a\u03b1\u03c3\u03c4\u03bf\u03c1\u03ad\u03bb\u03b1\u03b9\u03bf \u03c0\u03bf\u03c5 \u03b8\u03c1\u03ad\u03c6\u03b5\u03b9, \u03c0\u03c1\u03bf\u03c3\u03c4\u03b1\u03c4\u03b5\u03cd\u03b5\u03b9 \u03ba\u03b1\u03b9 \u03c7\u03b1\u03c1\u03af\u03b6\u03b5\u03b9 \u03b1\u03c0\u03b1\u03bb\u03ae \u03bb\u03ac\u03bc\u03c8\u03b7 \u03c3\u03c4\u03b1 \u03c7\u03b5\u03af\u03bb\u03b7. \u0397 \u03b5\u03bb\u03b1\u03c6\u03c1\u03b9\u03ac \u03c3\u03cd\u03bd\u03b8\u03b5\u03c3\u03ae \u03c4\u03bf\u03c5 [&hellip;]<\/p>\n","protected":false},"featured_media":22506,"comment_status":"open","ping_status":"closed","template":"","meta":{"_acf_changed":false,"_seopress_robots_primary_cat":"none","_seopress_titles_title":"","_seopress_titles_desc":"","_seopress_robots_index":"","_mo_disable_npp":""},"product_brand":[],"product_cat":[169,16],"product_tag":[],"class_list":{"0":"post-21887","1":"product","2":"type-product","3":"status-publish","4":"has-post-thumbnail","6":"product_cat-duos","7":"product_cat-uncategorized","9":"first","10":"instock","11":"sale","12":"shipping-taxable","13":"purchasable","14":"product-type-simple"},"acf":[],"_links":{"self":[{"href":"https:\/\/sugar-skin.gr\/fr\/wp-json\/wp\/v2\/product\/21887","targetHints":{"allow":["GET"]}}],"collection":[{"href":"https:\/\/sugar-skin.gr\/fr\/wp-json\/wp\/v2\/product"}],"about":[{"href":"https:\/\/sugar-skin.gr\/fr\/wp-json\/wp\/v2\/types\/product"}],"replies":[{"embeddable":true,"href":"https:\/\/sugar-skin.gr\/fr\/wp-json\/wp\/v2\/comments?post=21887"}],"version-history":[{"count":4,"href":"https:\/\/sugar-skin.gr\/fr\/wp-json\/wp\/v2\/product\/21887\/revisions"}],"predecessor-version":[{"id":23468,"href":"https:\/\/sugar-skin.gr\/fr\/wp-json\/wp\/v2\/product\/21887\/revisions\/23468"}],"wp:featuredmedia":[{"embeddable":true,"href":"https:\/\/sugar-skin.gr\/fr\/wp-json\/wp\/v2\/media\/22506"}],"wp:attachment":[{"href":"https:\/\/sugar-skin.gr\/fr\/wp-json\/wp\/v2\/media?parent=21887"}],"wp:term":[{"taxonomy":"product_brand","embeddable":true,"href":"https:\/\/sugar-skin.gr\/fr\/wp-json\/wp\/v2\/product_brand?post=21887"},{"taxonomy":"product_cat","embeddable":true,"href":"https:\/\/sugar-skin.gr\/fr\/wp-json\/wp\/v2\/product_cat?post=21887"},{"taxonomy":"product_tag","embeddable":true,"href":"https:\/\/sugar-skin.gr\/fr\/wp-json\/wp\/v2\/product_tag?post=21887"}],"curies":[{"name":"wp","href":"https:\/\/api.w.org\/{rel}","templated":true}]}}