{"id":21881,"date":"2026-01-22T17:38:38","date_gmt":"2026-01-22T15:38:38","guid":{"rendered":"https:\/\/sugar-skin.gr\/?post_type=product&#038;p=21881"},"modified":"2026-04-24T14:14:44","modified_gmt":"2026-04-24T11:14:44","slug":"get-the-duo-9","status":"publish","type":"product","link":"https:\/\/sugar-skin.gr\/fr\/product\/get-the-duo-9\/","title":{"rendered":"Choco fonc\u00e9 + Paloma aux baies"},"content":{"rendered":"<p><span class=\"s8\">Lip contour Long Lasting Dark Choco + Hyaluronic Lip Restore Balm Berry Paloma<\/span><\/p>\n<p>&nbsp;<\/p>\n<p>Contour des l\u00e8vres Longue dur\u00e9e <span class=\"s8\">Choco fonc\u00e9 <\/span><span class=\"s8\">\u00a0<\/span>\u00a0Crayon \u00e0 l\u00e8vres : crayon \u00e0 l\u00e8vres longue dur\u00e9e pour le contournement, <span class=\"s8\">que <\/span><span class=\"s8\">URL<\/span><span class=\"s8\">hey<\/span><span class=\"s8\"> et le stress<\/span><span class=\"s8\">hey <\/span><span class=\"s8\">la forme naturelle<\/span><span class=\"s8\"> leur<\/span><span class=\"s8\">.<br \/>\nMODE D'EMPLOI : Dessinez le contour de vos l\u00e8vres ou remplissez-les avant d'appliquer votre produit pr\u00e9f\u00e9r\u00e9.<\/span><\/p>\n<p>Baume Hyaluronique pour les L\u00e8vres <span class=\"s8\">Paloma aux baies<\/span><span class=\"s8\">\u00a0\u00a0<\/span>Baume \u00e0 l\u00e8vres avec acide hyaluronique, huiles de papaye et de fruit de la passion qui adoucissent les l\u00e8vres s\u00e8ches et gerc\u00e9es et procurent une hydratation et un volume profonds, pour des l\u00e8vres merveilleusement brillantes, juteuses et douces.<\/p>\n<p>&nbsp;<\/p>\n<p>&nbsp;<\/p>\n<p><span class=\"s8\">\u00a0<\/span><\/p>","protected":false},"excerpt":{"rendered":"<p><strong data-start=\"104\" data-end=\"119\">Obtenir le duo<\/strong><br data-start=\"119\" data-end=\"122\" \/>Deux produits qui se compl\u00e8tent parfaitement.<br data-start=\"162\" data-end=\"165\" data-is-only-node=\"\" \/>Le <strong data-start=\"168\" data-end=\"183\">Obtenir le duo<\/strong> Les combos de Sugar Skin sont con\u00e7us pour une s\u00e9lection facile et des r\u00e9sultats complets. Des nuances et des textures soigneusement combin\u00e9es qui rehaussent votre look dans un \u00e9quilibre parfait.<\/p>","protected":false},"featured_media":24092,"comment_status":"open","ping_status":"closed","template":"","meta":{"_acf_changed":false,"_seopress_robots_primary_cat":"none","_seopress_titles_title":"","_seopress_titles_desc":"","_seopress_robots_index":"","_mo_disable_npp":""},"product_brand":[],"product_cat":[169,16],"product_tag":[],"class_list":{"0":"post-21881","1":"product","2":"type-product","3":"status-publish","4":"has-post-thumbnail","6":"product_cat-duos","7":"product_cat-uncategorized","9":"first","10":"outofstock","11":"sale","12":"shipping-taxable","13":"purchasable","14":"product-type-simple"},"acf":[],"_links":{"self":[{"href":"https:\/\/sugar-skin.gr\/fr\/wp-json\/wp\/v2\/product\/21881","targetHints":{"allow":["GET"]}}],"collection":[{"href":"https:\/\/sugar-skin.gr\/fr\/wp-json\/wp\/v2\/product"}],"about":[{"href":"https:\/\/sugar-skin.gr\/fr\/wp-json\/wp\/v2\/types\/product"}],"replies":[{"embeddable":true,"href":"https:\/\/sugar-skin.gr\/fr\/wp-json\/wp\/v2\/comments?post=21881"}],"version-history":[{"count":9,"href":"https:\/\/sugar-skin.gr\/fr\/wp-json\/wp\/v2\/product\/21881\/revisions"}],"predecessor-version":[{"id":24093,"href":"https:\/\/sugar-skin.gr\/fr\/wp-json\/wp\/v2\/product\/21881\/revisions\/24093"}],"wp:featuredmedia":[{"embeddable":true,"href":"https:\/\/sugar-skin.gr\/fr\/wp-json\/wp\/v2\/media\/24092"}],"wp:attachment":[{"href":"https:\/\/sugar-skin.gr\/fr\/wp-json\/wp\/v2\/media?parent=21881"}],"wp:term":[{"taxonomy":"product_brand","embeddable":true,"href":"https:\/\/sugar-skin.gr\/fr\/wp-json\/wp\/v2\/product_brand?post=21881"},{"taxonomy":"product_cat","embeddable":true,"href":"https:\/\/sugar-skin.gr\/fr\/wp-json\/wp\/v2\/product_cat?post=21881"},{"taxonomy":"product_tag","embeddable":true,"href":"https:\/\/sugar-skin.gr\/fr\/wp-json\/wp\/v2\/product_tag?post=21881"}],"curies":[{"name":"wp","href":"https:\/\/api.w.org\/{rel}","templated":true}]}}