{"id":21869,"date":"2026-01-22T17:32:54","date_gmt":"2026-01-22T15:32:54","guid":{"rendered":"https:\/\/sugar-skin.gr\/?post_type=product&#038;p=21869"},"modified":"2026-05-03T12:05:36","modified_gmt":"2026-05-03T09:05:36","slug":"get-the-duo-7","status":"publish","type":"product","link":"https:\/\/sugar-skin.gr\/fr\/product\/get-the-duo-7\/","title":{"rendered":"Truffe moka + caramel sal\u00e9"},"content":{"rendered":"<p><span class=\"s8\">Contour des l\u00e8vres Long Lasting Mocha Truffle + Huile \u00e0 l\u00e8vres Hyaluronic avec Vitamine E &amp; Huile de ricin Salted Caramel<\/span><\/p>\n<p>Lip contour Long Lasting Mocha Truffle : Crayon \u00e0 l\u00e8vres longue dur\u00e9e pour dessiner, d\u00e9finir et accentuer la forme naturelle des l\u00e8vres.<br \/>\nMODE D'EMPLOI : Dessinez le contour de vos l\u00e8vres ou remplissez-les avant d'appliquer votre produit pr\u00e9f\u00e9r\u00e9.<\/p>\n<p>Huile \u00e0 l\u00e8vres hyaluronique \u00e0 la vitamine E et \u00e0 l'huile de ricin Caramel sal\u00e9 : Huile \u00e0 l\u00e8vres hydratante \u00e0 l'acide hyaluronique, \u00e0 la vitamine E et \u00e0 l'huile de ricin qui nourrit, prot\u00e8ge et donne une douce brillance aux l\u00e8vres. Sa formule l\u00e9g\u00e8re retient l'humidit\u00e9, laissant les l\u00e8vres lisses et pulpeuses.<\/p>\n<h1 class=\"product_title entry-title\" data-no-translation=\"\"><\/h1>","protected":false},"excerpt":{"rendered":"<p><strong data-start=\"104\" data-end=\"119\">Obtenir le duo<\/strong><br data-start=\"119\" data-end=\"122\" \/>Deux produits qui se compl\u00e8tent parfaitement.<br data-start=\"162\" data-end=\"165\" data-is-only-node=\"\" \/>Le <strong data-start=\"168\" data-end=\"183\">Obtenir le duo<\/strong> Les combos de Sugar Skin sont con\u00e7us pour une s\u00e9lection facile et des r\u00e9sultats complets. Des nuances et des textures soigneusement combin\u00e9es qui rehaussent votre look dans un \u00e9quilibre parfait.<\/p>","protected":false},"featured_media":22499,"comment_status":"open","ping_status":"closed","template":"","meta":{"_acf_changed":false,"_seopress_robots_primary_cat":"none","_seopress_titles_title":"","_seopress_titles_desc":"","_seopress_robots_index":"","_mo_disable_npp":""},"product_brand":[],"product_cat":[169,16],"product_tag":[],"class_list":{"0":"post-21869","1":"product","2":"type-product","3":"status-publish","4":"has-post-thumbnail","6":"product_cat-duos","7":"product_cat-uncategorized","9":"first","10":"instock","11":"sale","12":"shipping-taxable","13":"purchasable","14":"product-type-simple"},"acf":[],"_links":{"self":[{"href":"https:\/\/sugar-skin.gr\/fr\/wp-json\/wp\/v2\/product\/21869","targetHints":{"allow":["GET"]}}],"collection":[{"href":"https:\/\/sugar-skin.gr\/fr\/wp-json\/wp\/v2\/product"}],"about":[{"href":"https:\/\/sugar-skin.gr\/fr\/wp-json\/wp\/v2\/types\/product"}],"replies":[{"embeddable":true,"href":"https:\/\/sugar-skin.gr\/fr\/wp-json\/wp\/v2\/comments?post=21869"}],"version-history":[{"count":8,"href":"https:\/\/sugar-skin.gr\/fr\/wp-json\/wp\/v2\/product\/21869\/revisions"}],"predecessor-version":[{"id":23495,"href":"https:\/\/sugar-skin.gr\/fr\/wp-json\/wp\/v2\/product\/21869\/revisions\/23495"}],"wp:featuredmedia":[{"embeddable":true,"href":"https:\/\/sugar-skin.gr\/fr\/wp-json\/wp\/v2\/media\/22499"}],"wp:attachment":[{"href":"https:\/\/sugar-skin.gr\/fr\/wp-json\/wp\/v2\/media?parent=21869"}],"wp:term":[{"taxonomy":"product_brand","embeddable":true,"href":"https:\/\/sugar-skin.gr\/fr\/wp-json\/wp\/v2\/product_brand?post=21869"},{"taxonomy":"product_cat","embeddable":true,"href":"https:\/\/sugar-skin.gr\/fr\/wp-json\/wp\/v2\/product_cat?post=21869"},{"taxonomy":"product_tag","embeddable":true,"href":"https:\/\/sugar-skin.gr\/fr\/wp-json\/wp\/v2\/product_tag?post=21869"}],"curies":[{"name":"wp","href":"https:\/\/api.w.org\/{rel}","templated":true}]}}