{"id":21863,"date":"2026-01-22T17:28:06","date_gmt":"2026-01-22T15:28:06","guid":{"rendered":"https:\/\/sugar-skin.gr\/?post_type=product&#038;p=21863"},"modified":"2026-04-21T21:47:19","modified_gmt":"2026-04-21T18:47:19","slug":"get-the-duo-6","status":"publish","type":"product","link":"https:\/\/sugar-skin.gr\/fr\/product\/get-the-duo-6\/","title":{"rendered":"Caramel Glow + Caramel Tan"},"content":{"rendered":"<p><span class=\"s8\">Baume Hyaluronique pour les L\u00e8vres Eclat Caramel + Lip&amp;check Caramel Bronz\u00e9<\/span><\/p>\n<p>Hyaluronic Lip Restore Balm Toffee Glow : Baume \u00e0 l\u00e8vres \u00e0 base d'acide hyaluronique, d'huiles de papaye et de fruit de la passion qui adoucissent les l\u00e8vres s\u00e8ches et gerc\u00e9es et procurent une hydratation et un volume profonds. Disponible en six teintes pour des l\u00e8vres merveilleusement brillantes, juteuses et douces.<\/p>\n<p>Lip &amp; Cheek Toffe Tan : Stick multi-usages 2 en 1 qui donne de la couleur (teinte d'intensit\u00e9 r\u00e9glable) aux l\u00e8vres et aux pommettes. Enrichi en acide hyaluronique, huile d'avocat, huile d'abricot, beurre de cacao et vitamine E pour une hydratation optimale.<br \/>\nMODE D'EMPLOI : Appliquer directement sur les l?vres et les pommettes selon les besoins et appliquer\/coller avec les doigts ou avec un pinceau selon vos souhaits.<\/p>","protected":false},"excerpt":{"rendered":"<p><strong data-start=\"104\" data-end=\"119\">Obtenir le duo<\/strong><br data-start=\"119\" data-end=\"122\" \/>Deux produits qui se compl\u00e8tent parfaitement.<br data-start=\"162\" data-end=\"165\" data-is-only-node=\"\" \/>Le <strong data-start=\"168\" data-end=\"183\">Obtenir le duo<\/strong> Les combos de Sugar Skin sont con\u00e7us pour une s\u00e9lection facile et des r\u00e9sultats complets. Des nuances et des textures soigneusement combin\u00e9es qui rehaussent votre look dans un \u00e9quilibre parfait.<\/p>","protected":false},"featured_media":24094,"comment_status":"open","ping_status":"closed","template":"","meta":{"_acf_changed":false,"_seopress_robots_primary_cat":"none","_seopress_titles_title":"","_seopress_titles_desc":"","_seopress_robots_index":"","_mo_disable_npp":""},"product_brand":[],"product_cat":[169,16],"product_tag":[],"class_list":{"0":"post-21863","1":"product","2":"type-product","3":"status-publish","4":"has-post-thumbnail","6":"product_cat-duos","7":"product_cat-uncategorized","9":"first","10":"instock","11":"sale","12":"shipping-taxable","13":"purchasable","14":"product-type-simple"},"acf":[],"_links":{"self":[{"href":"https:\/\/sugar-skin.gr\/fr\/wp-json\/wp\/v2\/product\/21863","targetHints":{"allow":["GET"]}}],"collection":[{"href":"https:\/\/sugar-skin.gr\/fr\/wp-json\/wp\/v2\/product"}],"about":[{"href":"https:\/\/sugar-skin.gr\/fr\/wp-json\/wp\/v2\/types\/product"}],"replies":[{"embeddable":true,"href":"https:\/\/sugar-skin.gr\/fr\/wp-json\/wp\/v2\/comments?post=21863"}],"version-history":[{"count":8,"href":"https:\/\/sugar-skin.gr\/fr\/wp-json\/wp\/v2\/product\/21863\/revisions"}],"predecessor-version":[{"id":24095,"href":"https:\/\/sugar-skin.gr\/fr\/wp-json\/wp\/v2\/product\/21863\/revisions\/24095"}],"wp:featuredmedia":[{"embeddable":true,"href":"https:\/\/sugar-skin.gr\/fr\/wp-json\/wp\/v2\/media\/24094"}],"wp:attachment":[{"href":"https:\/\/sugar-skin.gr\/fr\/wp-json\/wp\/v2\/media?parent=21863"}],"wp:term":[{"taxonomy":"product_brand","embeddable":true,"href":"https:\/\/sugar-skin.gr\/fr\/wp-json\/wp\/v2\/product_brand?post=21863"},{"taxonomy":"product_cat","embeddable":true,"href":"https:\/\/sugar-skin.gr\/fr\/wp-json\/wp\/v2\/product_cat?post=21863"},{"taxonomy":"product_tag","embeddable":true,"href":"https:\/\/sugar-skin.gr\/fr\/wp-json\/wp\/v2\/product_tag?post=21863"}],"curies":[{"name":"wp","href":"https:\/\/api.w.org\/{rel}","templated":true}]}}