{"id":21850,"date":"2026-01-22T17:19:54","date_gmt":"2026-01-22T15:19:54","guid":{"rendered":"https:\/\/sugar-skin.gr\/?post_type=product&#038;p=21850"},"modified":"2026-04-03T22:59:07","modified_gmt":"2026-04-03T19:59:07","slug":"get-the-duo-4","status":"publish","type":"product","link":"https:\/\/sugar-skin.gr\/fr\/product\/get-the-duo-4\/","title":{"rendered":"Terracotta Brown + Toffee Tan"},"content":{"rendered":"<p><span class=\"s8\">Contour des l\u00e8vres Long Lasting Terracotta Brown + Lip&amp;check Toffee Tan<\/span><\/p>\n<p>Contour des l\u00e8vres Longue dur\u00e9e <span class=\"s8\"> Terracotta Marron<\/span><span class=\"s8\">\u00a0<\/span>\u00a0Crayon \u00e0 l\u00e8vres : crayon \u00e0 l\u00e8vres longue dur\u00e9e pour le contournement, <span class=\"s8\">que <\/span><span class=\"s8\">URL<\/span><span class=\"s8\">hey<\/span><span class=\"s8\"> et le stress<\/span><span class=\"s8\">hey <\/span><span class=\"s8\">la forme naturelle<\/span><span class=\"s8\"> leur<\/span><span class=\"s8\">.<br \/>\nMODE D'EMPLOI : Dessinez le contour de vos l\u00e8vres ou remplissez-les avant d'appliquer votre produit pr\u00e9f\u00e9r\u00e9.<\/span><\/p>\n<p><span class=\"s8\">Lip&amp;check Toffe Tan <\/span>Stick 2 en 1 multi-usages qui donne de la couleur (teinte d'intensit\u00e9 modulable) aux l\u00e8vres et aux pommettes. Enrichi en acide hyaluronique, huile d'avocat, huile d'abricot, beurre de cacao et vitamine E pour une hydratation optimale.<br \/>\nMODE D'EMPLOI : Appliquer directement sur les l?vres et les pommettes selon les besoins et appliquer\/coller avec les doigts ou avec un pinceau selon vos souhaits.<\/p>","protected":false},"excerpt":{"rendered":"<p><strong data-start=\"104\" data-end=\"119\">Obtenir le duo<\/strong><br data-start=\"119\" data-end=\"122\" \/>Deux produits qui se compl\u00e8tent parfaitement.<br data-start=\"162\" data-end=\"165\" data-is-only-node=\"\" \/>Le <strong data-start=\"168\" data-end=\"183\">Obtenir le duo<\/strong> Les combos de Sugar Skin sont con\u00e7us pour une s\u00e9lection facile et des r\u00e9sultats complets. Des nuances et des textures soigneusement combin\u00e9es qui rehaussent votre look dans un \u00e9quilibre parfait.<\/p>","protected":false},"featured_media":22504,"comment_status":"open","ping_status":"closed","template":"","meta":{"_acf_changed":false,"_seopress_robots_primary_cat":"none","_seopress_titles_title":"","_seopress_titles_desc":"","_seopress_robots_index":"","_mo_disable_npp":""},"product_brand":[],"product_cat":[169,16],"product_tag":[],"class_list":{"0":"post-21850","1":"product","2":"type-product","3":"status-publish","4":"has-post-thumbnail","6":"product_cat-duos","7":"product_cat-uncategorized","9":"first","10":"instock","11":"sale","12":"shipping-taxable","13":"purchasable","14":"product-type-simple"},"acf":[],"_links":{"self":[{"href":"https:\/\/sugar-skin.gr\/fr\/wp-json\/wp\/v2\/product\/21850","targetHints":{"allow":["GET"]}}],"collection":[{"href":"https:\/\/sugar-skin.gr\/fr\/wp-json\/wp\/v2\/product"}],"about":[{"href":"https:\/\/sugar-skin.gr\/fr\/wp-json\/wp\/v2\/types\/product"}],"replies":[{"embeddable":true,"href":"https:\/\/sugar-skin.gr\/fr\/wp-json\/wp\/v2\/comments?post=21850"}],"version-history":[{"count":8,"href":"https:\/\/sugar-skin.gr\/fr\/wp-json\/wp\/v2\/product\/21850\/revisions"}],"predecessor-version":[{"id":23496,"href":"https:\/\/sugar-skin.gr\/fr\/wp-json\/wp\/v2\/product\/21850\/revisions\/23496"}],"wp:featuredmedia":[{"embeddable":true,"href":"https:\/\/sugar-skin.gr\/fr\/wp-json\/wp\/v2\/media\/22504"}],"wp:attachment":[{"href":"https:\/\/sugar-skin.gr\/fr\/wp-json\/wp\/v2\/media?parent=21850"}],"wp:term":[{"taxonomy":"product_brand","embeddable":true,"href":"https:\/\/sugar-skin.gr\/fr\/wp-json\/wp\/v2\/product_brand?post=21850"},{"taxonomy":"product_cat","embeddable":true,"href":"https:\/\/sugar-skin.gr\/fr\/wp-json\/wp\/v2\/product_cat?post=21850"},{"taxonomy":"product_tag","embeddable":true,"href":"https:\/\/sugar-skin.gr\/fr\/wp-json\/wp\/v2\/product_tag?post=21850"}],"curies":[{"name":"wp","href":"https:\/\/api.w.org\/{rel}","templated":true}]}}