{"id":21426,"date":"2026-01-14T14:06:18","date_gmt":"2026-01-14T12:06:18","guid":{"rendered":"https:\/\/sugar-skin.gr\/?post_type=product&#038;p=21426"},"modified":"2026-03-06T18:06:00","modified_gmt":"2026-03-06T16:06:00","slug":"lipstick-set-x4","status":"publish","type":"product","link":"https:\/\/sugar-skin.gr\/fr\/product\/lipstick-set-x4\/","title":{"rendered":"Les obtenir tous - Rouge \u00e0 l\u00e8vres c\u0153ur"},"content":{"rendered":"<p><span class=\"s8\">Le set comprend tous les rouges \u00e0 l\u00e8vres suivants :<\/span><\/p>\n<p>-C\u0153ur tendre<br \/>\n-Sienna Soul<br \/>\n-Cacao poussi\u00e9reux<br \/>\n-Fum\u00e9e de miel<\/p>","protected":false},"excerpt":{"rendered":"<p>Le set comprend tous les rouges \u00e0 l\u00e8vres suivants : -Moody heart -Sienna Soul -Dusty Cocoa -Honey Smoke<\/p>","protected":false},"featured_media":22470,"comment_status":"open","ping_status":"closed","template":"","meta":{"_acf_changed":false,"_seopress_robots_primary_cat":"none","_seopress_titles_title":"","_seopress_titles_desc":"","_seopress_robots_index":"","_mo_disable_npp":""},"product_brand":[],"product_cat":[132,99],"product_tag":[],"class_list":{"0":"post-21426","1":"product","2":"type-product","3":"status-publish","4":"has-post-thumbnail","6":"product_cat-lip-cheek","7":"product_cat-sets","9":"first","10":"instock","11":"sale","12":"shipping-taxable","13":"purchasable","14":"product-type-simple"},"acf":[],"_links":{"self":[{"href":"https:\/\/sugar-skin.gr\/fr\/wp-json\/wp\/v2\/product\/21426","targetHints":{"allow":["GET"]}}],"collection":[{"href":"https:\/\/sugar-skin.gr\/fr\/wp-json\/wp\/v2\/product"}],"about":[{"href":"https:\/\/sugar-skin.gr\/fr\/wp-json\/wp\/v2\/types\/product"}],"replies":[{"embeddable":true,"href":"https:\/\/sugar-skin.gr\/fr\/wp-json\/wp\/v2\/comments?post=21426"}],"version-history":[{"count":9,"href":"https:\/\/sugar-skin.gr\/fr\/wp-json\/wp\/v2\/product\/21426\/revisions"}],"predecessor-version":[{"id":23452,"href":"https:\/\/sugar-skin.gr\/fr\/wp-json\/wp\/v2\/product\/21426\/revisions\/23452"}],"wp:featuredmedia":[{"embeddable":true,"href":"https:\/\/sugar-skin.gr\/fr\/wp-json\/wp\/v2\/media\/22470"}],"wp:attachment":[{"href":"https:\/\/sugar-skin.gr\/fr\/wp-json\/wp\/v2\/media?parent=21426"}],"wp:term":[{"taxonomy":"product_brand","embeddable":true,"href":"https:\/\/sugar-skin.gr\/fr\/wp-json\/wp\/v2\/product_brand?post=21426"},{"taxonomy":"product_cat","embeddable":true,"href":"https:\/\/sugar-skin.gr\/fr\/wp-json\/wp\/v2\/product_cat?post=21426"},{"taxonomy":"product_tag","embeddable":true,"href":"https:\/\/sugar-skin.gr\/fr\/wp-json\/wp\/v2\/product_tag?post=21426"}],"curies":[{"name":"wp","href":"https:\/\/api.w.org\/{rel}","templated":true}]}}