{"id":21096,"date":"2025-12-22T15:49:27","date_gmt":"2025-12-22T13:49:27","guid":{"rendered":"https:\/\/sugar-skin.gr\/?post_type=product&#038;p=21096"},"modified":"2026-05-04T16:15:20","modified_gmt":"2026-05-04T13:15:20","slug":"lipstick","status":"publish","type":"product","link":"https:\/\/sugar-skin.gr\/fr\/product\/lipstick\/","title":{"rendered":"C\u0153ur de rouge \u00e0 l\u00e8vres"},"content":{"rendered":"<div data-elementor-type=\"product-post\" data-elementor-id=\"21096\" class=\"elementor elementor-21096\" data-elementor-post-type=\"product\">\n\t\t\t\t<div class=\"elementor-element elementor-element-a5aadab e-flex e-con-boxed e-con e-parent\" data-id=\"a5aadab\" data-element_type=\"container\" data-e-type=\"container\">\n\t\t\t\t\t<div class=\"e-con-inner\">\n\t\t\t\t<div class=\"elementor-element elementor-element-3992bc1c elementor-widget elementor-widget-text-editor\" data-id=\"3992bc1c\" data-element_type=\"widget\" data-e-type=\"widget\" data-widget_type=\"text-editor.default\">\n\t\t\t\t<div class=\"elementor-widget-container\">\n\t\t\t\t\t\t\t\t\tUn rouge \u00e0 l\u00e8vres unique en deux phases, con\u00e7u avec un c\u0153ur en forme de c\u0153ur enrichi d'extraits botaniques apaisants et entour\u00e9 d'une enveloppe soyeuse de couleur riche. Ce rouge \u00e0 l\u00e8vres innovant allie nutrition et couleur en un seul geste.\t\t\t\t\t\t\t\t<\/div>\n\t\t\t\t<\/div>\n\t\t\t\t\t<\/div>\n\t\t\t\t<\/div>\n\t\t<div class=\"elementor-element elementor-element-50d9ce8e e-flex e-con-boxed e-con e-parent\" data-id=\"50d9ce8e\" data-element_type=\"container\" data-e-type=\"container\">\n\t\t\t\t\t<div class=\"e-con-inner\">\n\t\t<div class=\"elementor-element elementor-element-1a258272 e-con-full e-flex e-con e-child\" data-id=\"1a258272\" data-element_type=\"container\" data-e-type=\"container\">\n\t\t<div class=\"elementor-element elementor-element-29e786e7 e-con-full e-flex e-con e-child\" data-id=\"29e786e7\" data-element_type=\"container\" data-e-type=\"container\">\n\t\t<div class=\"elementor-element elementor-element-467c9f8d e-con-full e-flex e-con e-child\" data-id=\"467c9f8d\" data-element_type=\"container\" data-e-type=\"container\" data-settings=\"{&quot;background_background&quot;:&quot;classic&quot;}\">\n\t\t\t\t<div class=\"elementor-element elementor-element-74f0af54 elementor-widget elementor-widget-heading\" data-id=\"74f0af54\" data-element_type=\"widget\" data-e-type=\"widget\" data-widget_type=\"heading.default\">\n\t\t\t\t<div class=\"elementor-widget-container\">\n\t\t\t\t\t<h2 class=\"elementor-heading-title elementor-size-default\">C\u0153urs de rouge \u00e0 l\u00e8vres<\/h2>\t\t\t\t<\/div>\n\t\t\t\t<\/div>\n\t\t\t\t<div class=\"elementor-element elementor-element-28b04959 elementor-widget elementor-widget-text-editor\" data-id=\"28b04959\" data-element_type=\"widget\" data-e-type=\"widget\" data-widget_type=\"text-editor.default\">\n\t\t\t\t<div class=\"elementor-widget-container\">\n\t\t\t\t\t\t\t\t\t<p>en 4 couleurs.<\/p>\t\t\t\t\t\t\t\t<\/div>\n\t\t\t\t<\/div>\n\t\t<div class=\"elementor-element elementor-element-68516a53 e-grid e-con-full e-con e-child\" data-id=\"68516a53\" data-element_type=\"container\" data-e-type=\"container\">\n\t\t\t\t<div class=\"elementor-element elementor-element-7cb136b8 elementor-widget elementor-widget-heading\" data-id=\"7cb136b8\" data-element_type=\"widget\" data-e-type=\"widget\" data-widget_type=\"heading.default\">\n\t\t\t\t<div class=\"elementor-widget-container\">\n\t\t\t\t\t<span class=\"elementor-heading-title elementor-size-default\">BON POUR :<\/span>\t\t\t\t<\/div>\n\t\t\t\t<\/div>\n\t\t\t\t<div class=\"elementor-element elementor-element-48fe3674 elementor-widget elementor-widget-heading\" data-id=\"48fe3674\" data-element_type=\"widget\" data-e-type=\"widget\" data-widget_type=\"heading.default\">\n\t\t\t\t<div class=\"elementor-widget-container\">\n\t\t\t\t\t<span class=\"elementor-heading-title elementor-size-default\">- Tous les types de peau, y compris les peaux sensibles\n\t- Port quotidien\n\t- L\u00e8vres s\u00e8ches et gerc\u00e9es\n<\/span>\t\t\t\t<\/div>\n\t\t\t\t<\/div>\n\t\t\t\t<\/div>\n\t\t\t\t<div class=\"elementor-element elementor-element-469e4648 elementor-widget-divider--view-line elementor-widget elementor-widget-divider\" data-id=\"469e4648\" data-element_type=\"widget\" data-e-type=\"widget\" data-widget_type=\"divider.default\">\n\t\t\t\t<div class=\"elementor-widget-container\">\n\t\t\t\t\t\t\t<div class=\"elementor-divider\">\n\t\t\t<span class=\"elementor-divider-separator\">\n\t\t\t\t\t\t<\/span>\n\t\t<\/div>\n\t\t\t\t\t\t<\/div>\n\t\t\t\t<\/div>\n\t\t<div class=\"elementor-element elementor-element-4687e3ea e-grid e-con-full e-con e-child\" data-id=\"4687e3ea\" data-element_type=\"container\" data-e-type=\"container\">\n\t\t\t\t<div class=\"elementor-element elementor-element-1a543291 elementor-widget elementor-widget-heading\" data-id=\"1a543291\" data-element_type=\"widget\" data-e-type=\"widget\" data-widget_type=\"heading.default\">\n\t\t\t\t<div class=\"elementor-widget-container\">\n\t\t\t\t\t<span class=\"elementor-heading-title elementor-size-default\">FEELS LIKE :\n\n<\/span>\t\t\t\t<\/div>\n\t\t\t\t<\/div>\n\t\t\t\t<div class=\"elementor-element elementor-element-ab98728 elementor-widget elementor-widget-heading\" data-id=\"ab98728\" data-element_type=\"widget\" data-e-type=\"widget\" data-widget_type=\"heading.default\">\n\t\t\t\t<div class=\"elementor-widget-container\">\n\t\t\t\t\t<span class=\"elementor-heading-title elementor-size-default\">-Un toucher doux et beurr\u00e9\n-Confort sur les l\u00e8vres\n-Hydratation l\u00e9g\u00e8re\n\n<\/span>\t\t\t\t<\/div>\n\t\t\t\t<\/div>\n\t\t\t\t<\/div>\n\t\t\t\t<div class=\"elementor-element elementor-element-3a431892 elementor-widget-divider--view-line elementor-widget elementor-widget-divider\" data-id=\"3a431892\" data-element_type=\"widget\" data-e-type=\"widget\" data-widget_type=\"divider.default\">\n\t\t\t\t<div class=\"elementor-widget-container\">\n\t\t\t\t\t\t\t<div class=\"elementor-divider\">\n\t\t\t<span class=\"elementor-divider-separator\">\n\t\t\t\t\t\t<\/span>\n\t\t<\/div>\n\t\t\t\t\t\t<\/div>\n\t\t\t\t<\/div>\n\t\t<div class=\"elementor-element elementor-element-729624b0 e-grid e-con-full e-con e-child\" data-id=\"729624b0\" data-element_type=\"container\" data-e-type=\"container\">\n\t\t\t\t<div class=\"elementor-element elementor-element-994847b elementor-widget elementor-widget-heading\" data-id=\"994847b\" data-element_type=\"widget\" data-e-type=\"widget\" data-widget_type=\"heading.default\">\n\t\t\t\t<div class=\"elementor-widget-container\">\n\t\t\t\t\t<span class=\"elementor-heading-title elementor-size-default\">SENT BON :<\/span>\t\t\t\t<\/div>\n\t\t\t\t<\/div>\n\t\t\t\t<div class=\"elementor-element elementor-element-3b9cbebd elementor-widget elementor-widget-heading\" data-id=\"3b9cbebd\" data-element_type=\"widget\" data-e-type=\"widget\" data-widget_type=\"heading.default\">\n\t\t\t\t<div class=\"elementor-widget-container\">\n\t\t\t\t\t<span class=\"elementor-heading-title elementor-size-default\">Sans parfum\n\n<\/span>\t\t\t\t<\/div>\n\t\t\t\t<\/div>\n\t\t\t\t<\/div>\n\t\t\t\t<div class=\"elementor-element elementor-element-6f6260ce elementor-widget-divider--view-line elementor-widget elementor-widget-divider\" data-id=\"6f6260ce\" data-element_type=\"widget\" data-e-type=\"widget\" data-widget_type=\"divider.default\">\n\t\t\t\t<div class=\"elementor-widget-container\">\n\t\t\t\t\t\t\t<div class=\"elementor-divider\">\n\t\t\t<span class=\"elementor-divider-separator\">\n\t\t\t\t\t\t<\/span>\n\t\t<\/div>\n\t\t\t\t\t\t<\/div>\n\t\t\t\t<\/div>\n\t\t<div class=\"elementor-element elementor-element-45f3ad74 e-grid e-con-full e-con e-child\" data-id=\"45f3ad74\" data-element_type=\"container\" data-e-type=\"container\">\n\t\t\t\t<div class=\"elementor-element elementor-element-1fada2ac elementor-widget elementor-widget-heading\" data-id=\"1fada2ac\" data-element_type=\"widget\" data-e-type=\"widget\" data-widget_type=\"heading.default\">\n\t\t\t\t<div class=\"elementor-widget-container\">\n\t\t\t\t\t<span class=\"elementor-heading-title elementor-size-default\">POUR INFORMATION :<\/span>\t\t\t\t<\/div>\n\t\t\t\t<\/div>\n\t\t\t\t<div class=\"elementor-element elementor-element-526da715 elementor-widget elementor-widget-heading\" data-id=\"526da715\" data-element_type=\"widget\" data-e-type=\"widget\" data-widget_type=\"heading.default\">\n\t\t\t\t<div class=\"elementor-widget-container\">\n\t\t\t\t\t<span class=\"elementor-heading-title elementor-size-default\">Sans cruaut\u00e9 - Vegan - Sans gluten\n<\/span>\t\t\t\t<\/div>\n\t\t\t\t<\/div>\n\t\t\t\t<\/div>\n\t\t\t\t<\/div>\n\t\t\t\t<\/div>\n\t\t<div class=\"elementor-element elementor-element-70672047 e-con-full e-flex e-con e-child\" data-id=\"70672047\" data-element_type=\"container\" data-e-type=\"container\">\n\t\t<div class=\"elementor-element elementor-element-312f8cdb e-con-full e-flex e-con e-child\" data-id=\"312f8cdb\" data-element_type=\"container\" data-e-type=\"container\">\n\t\t\t\t<div class=\"elementor-element elementor-element-28679f76 elementor-widget elementor-widget-image\" data-id=\"28679f76\" data-element_type=\"widget\" data-e-type=\"widget\" data-widget_type=\"image.default\">\n\t\t\t\t<div class=\"elementor-widget-container\">\n\t\t\t\t\t\t\t\t\t\t\t\t\t\t\t<img fetchpriority=\"high\" decoding=\"async\" width=\"819\" height=\"1024\" src=\"https:\/\/sugar-skin.gr\/wp-content\/uploads\/2026\/02\/sugar_valentines7363_g-120x150.jpg\" class=\"attachment-large size-large wp-image-22604 et-lazyload lazyload\" alt=\"valentines en sucre7363 g\" data-src=\"https:\/\/sugar-skin.gr\/wp-content\/uploads\/2026\/02\/sugar_valentines7363_g-819x1024.jpg\" data-sizes=\"(max-width: 819px) 100vw, 819px\" data-srcset=\"https:\/\/sugar-skin.gr\/wp-content\/uploads\/2026\/02\/sugar_valentines7363_g-819x1024.jpg 819w, https:\/\/sugar-skin.gr\/wp-content\/uploads\/2026\/02\/sugar_valentines7363_g-240x300.jpg 240w, https:\/\/sugar-skin.gr\/wp-content\/uploads\/2026\/02\/sugar_valentines7363_g-768x960.jpg 768w, https:\/\/sugar-skin.gr\/wp-content\/uploads\/2026\/02\/sugar_valentines7363_g-1229x1536.jpg 1229w, https:\/\/sugar-skin.gr\/wp-content\/uploads\/2026\/02\/sugar_valentines7363_g-1639x2048.jpg 1639w, https:\/\/sugar-skin.gr\/wp-content\/uploads\/2026\/02\/sugar_valentines7363_g-120x150.jpg 120w, https:\/\/sugar-skin.gr\/wp-content\/uploads\/2026\/02\/sugar_valentines7363_g-1000x1250.jpg 1000w, https:\/\/sugar-skin.gr\/wp-content\/uploads\/2026\/02\/sugar_valentines7363_g.jpg 1793w\" srcset=\"https:\/\/sugar-skin.gr\/wp-content\/uploads\/2026\/02\/sugar_valentines7363_g-120x150.jpg 120w, https:\/\/sugar-skin.gr\/wp-content\/uploads\/2026\/02\/sugar_valentines7363_g-240x300.jpg 240w, https:\/\/sugar-skin.gr\/wp-content\/uploads\/2026\/02\/sugar_valentines7363_g-819x1024.jpg 819w, https:\/\/sugar-skin.gr\/wp-content\/uploads\/2026\/02\/sugar_valentines7363_g-768x960.jpg 768w, https:\/\/sugar-skin.gr\/wp-content\/uploads\/2026\/02\/sugar_valentines7363_g-1229x1536.jpg 1229w, https:\/\/sugar-skin.gr\/wp-content\/uploads\/2026\/02\/sugar_valentines7363_g-1639x2048.jpg 1639w, https:\/\/sugar-skin.gr\/wp-content\/uploads\/2026\/02\/sugar_valentines7363_g-1000x1250.jpg 1000w, https:\/\/sugar-skin.gr\/wp-content\/uploads\/2026\/02\/sugar_valentines7363_g.jpg 1793w\" sizes=\"(max-width: 819px) 100vw, 819px\" \/>\t\t\t\t\t\t\t\t\t\t\t\t\t\t\t<\/div>\n\t\t\t\t<\/div>\n\t\t\t\t<\/div>\n\t\t\t\t<\/div>\n\t\t\t\t<\/div>\n\t\t<div class=\"elementor-element elementor-element-5811e434 e-con-full e-flex e-con e-child\" data-id=\"5811e434\" data-element_type=\"container\" data-e-type=\"container\">\n\t\t\t\t<div class=\"elementor-element elementor-element-692ac597 elementor-widget elementor-widget-video\" data-id=\"692ac597\" data-element_type=\"widget\" data-e-type=\"widget\" data-settings=\"{&quot;youtube_url&quot;:&quot;https:\\\/\\\/youtube.com\\\/shorts\\\/1OclUuT1St4&quot;,&quot;video_type&quot;:&quot;youtube&quot;,&quot;controls&quot;:&quot;yes&quot;}\" data-widget_type=\"video.default\">\n\t\t\t\t<div class=\"elementor-widget-container\">\n\t\t\t\t\t\t\t<div class=\"elementor-wrapper elementor-open-inline\">\n\t\t\t<div class=\"elementor-video\"><\/div>\t\t<\/div>\n\t\t\t\t\t\t<\/div>\n\t\t\t\t<\/div>\n\t\t\t\t<\/div>\n\t\t\t\t\t<\/div>\n\t\t\t\t<\/div>\n\t\t\t\t<\/div>","protected":false},"excerpt":{"rendered":"<p>\u0388\u03bd\u03b1 \u03bc\u03bf\u03bd\u03b1\u03b4\u03b9\u03ba\u03cc \u03b4\u03b9\u03c6\u03b1\u03c3\u03b9\u03ba\u03cc \u03ba\u03c1\u03b1\u03b3\u03b9\u03cc\u03bd, \u03c3\u03c7\u03b5\u03b4\u03b9\u03b1\u03c3\u03bc\u03ad\u03bd\u03bf \u03bc\u03b5 \u03ad\u03bd\u03b1\u03bd \u03b5\u03bd\u03c4\u03c5\u03c0\u03c9\u03c3\u03b9\u03b1\u03ba\u03cc \u03c0\u03c5\u03c1\u03ae\u03bd\u03b1 \u03c3\u03c7\u03ae\u03bc\u03b1\u03c4\u03bf\u03c2 \u03ba\u03b1\u03c1\u03b4\u03b9\u03ac\u03c2 \u03b5\u03bc\u03c0\u03bb\u03bf\u03c5\u03c4\u03b9\u03c3\u03bc\u03ad\u03bd\u03bf \u03bc\u03b5 \u03ba\u03b1\u03c4\u03b1\u03c0\u03c1\u03b1\u03cb\u03bd\u03c4\u03b9\u03ba\u03ac \u03c6\u03c5\u03c4\u03b9\u03ba\u03ac \u03b5\u03ba\u03c7\u03c5\u03bb\u03af\u03c3\u03bc\u03b1\u03c4\u03b1 \u03c0\u03bf\u03c5 \u03c0\u03b5\u03c1\u03b9\u03b2\u03ac\u03bb\u03bb\u03b5\u03c4\u03b1\u03b9 \u03b1\u03c0\u03cc \u03ad\u03bd\u03b1 \u03bc\u03b5\u03c4\u03b1\u03be\u03ad\u03bd\u03b9\u03bf \u03c0\u03b5\u03c1\u03af\u03b2\u03bb\u03b7\u03bc\u03b1 \u03c0\u03bb\u03bf\u03cd\u03c3\u03b9\u03bf\u03c5 \u03c7\u03c1\u03ce\u03bc\u03b1\u03c4\u03bf\u03c2. \u0391\u03c5\u03c4\u03cc \u03c4\u03bf \u03ba\u03b1\u03b9\u03bd\u03bf\u03c4\u03cc\u03bc\u03bf \u03ba\u03c1\u03b1\u03b3\u03b9\u03cc\u03bd \u03c3\u03c5\u03bd\u03b4\u03c5\u03ac\u03b6\u03b5\u03b9 \u03b8\u03c1\u03ad\u03c8\u03b7 \u03ba\u03b1\u03b9 \u03c7\u03c1\u03ce\u03bc\u03b1 \u03bc\u03b5 \u03bc\u03b9\u03b1 \u03bc\u03cc\u03bd\u03bf \u03ba\u03af\u03bd\u03b7\u03c3\u03b7. Lipstick Hearts in 4 Colors. GOOD FOR: \u2022 All skin types, including sensitive \u2022 [&hellip;]<\/p>\n","protected":false},"featured_media":22471,"comment_status":"open","ping_status":"closed","template":"","meta":{"_acf_changed":false,"_seopress_robots_primary_cat":"none","_seopress_titles_title":"","_seopress_titles_desc":"","_seopress_robots_index":"","_mo_disable_npp":""},"product_brand":[],"product_cat":[132],"product_tag":[135],"class_list":{"0":"post-21096","1":"product","2":"type-product","3":"status-publish","4":"has-post-thumbnail","6":"product_cat-lip-cheek","7":"product_tag-show-extra-tabs","9":"first","10":"instock","11":"shipping-taxable","12":"purchasable","13":"product-type-variable"},"acf":[],"_links":{"self":[{"href":"https:\/\/sugar-skin.gr\/fr\/wp-json\/wp\/v2\/product\/21096","targetHints":{"allow":["GET"]}}],"collection":[{"href":"https:\/\/sugar-skin.gr\/fr\/wp-json\/wp\/v2\/product"}],"about":[{"href":"https:\/\/sugar-skin.gr\/fr\/wp-json\/wp\/v2\/types\/product"}],"replies":[{"embeddable":true,"href":"https:\/\/sugar-skin.gr\/fr\/wp-json\/wp\/v2\/comments?post=21096"}],"version-history":[{"count":21,"href":"https:\/\/sugar-skin.gr\/fr\/wp-json\/wp\/v2\/product\/21096\/revisions"}],"predecessor-version":[{"id":23456,"href":"https:\/\/sugar-skin.gr\/fr\/wp-json\/wp\/v2\/product\/21096\/revisions\/23456"}],"wp:featuredmedia":[{"embeddable":true,"href":"https:\/\/sugar-skin.gr\/fr\/wp-json\/wp\/v2\/media\/22471"}],"wp:attachment":[{"href":"https:\/\/sugar-skin.gr\/fr\/wp-json\/wp\/v2\/media?parent=21096"}],"wp:term":[{"taxonomy":"product_brand","embeddable":true,"href":"https:\/\/sugar-skin.gr\/fr\/wp-json\/wp\/v2\/product_brand?post=21096"},{"taxonomy":"product_cat","embeddable":true,"href":"https:\/\/sugar-skin.gr\/fr\/wp-json\/wp\/v2\/product_cat?post=21096"},{"taxonomy":"product_tag","embeddable":true,"href":"https:\/\/sugar-skin.gr\/fr\/wp-json\/wp\/v2\/product_tag?post=21096"}],"curies":[{"name":"wp","href":"https:\/\/api.w.org\/{rel}","templated":true}]}}