{"id":19185,"date":"2025-11-20T14:56:47","date_gmt":"2025-11-20T12:56:47","guid":{"rendered":"https:\/\/sugar-skin.gr\/?post_type=product&#038;p=19185"},"modified":"2026-05-01T00:50:21","modified_gmt":"2026-04-30T21:50:21","slug":"the-sugar-brush-04","status":"publish","type":"product","link":"https:\/\/sugar-skin.gr\/fr\/product\/the-sugar-brush-04\/","title":{"rendered":"Le pinceau SUGAR 04"},"content":{"rendered":"<p>\u201cPinceau pour un m\u00e9lange parfait - Pour les fards \u00e0 joues cr\u00e8me\/poudre, les poudres bronzantes et les illuminations<\/p>\n<p>Le pinceau polyvalent par excellence pour le blush, le bronzer et le shimmer. Sa t\u00eate moyenne, l\u00e9g\u00e8rement pointue, s'adapte parfaitement aux poudres et aux cr\u00e8mes et permet d'obtenir un effet uniforme, subtil et parfaitement estomp\u00e9. Id\u00e9al pour estomper les lignes et donner un aspect naturel et radieux.<\/p>","protected":false},"excerpt":{"rendered":"<p>\u201cPinceau pour un m\u00e9lange parfait - Pour les fards \u00e0 joues cr\u00e8me\/poudre, les poudres bronzantes et les illuminations<\/p>\n<p>Le pinceau polyvalent par excellence pour le blush, le bronzer et le shimmer.<\/p>","protected":false},"featured_media":22466,"comment_status":"open","ping_status":"closed","template":"","meta":{"_acf_changed":false,"_seopress_robots_primary_cat":"none","_seopress_titles_title":"","_seopress_titles_desc":"","_seopress_robots_index":"","_mo_disable_npp":""},"product_brand":[],"product_cat":[133],"product_tag":[],"class_list":{"0":"post-19185","1":"product","2":"type-product","3":"status-publish","4":"has-post-thumbnail","6":"product_cat-accessories","8":"first","9":"instock","10":"shipping-taxable","11":"purchasable","12":"product-type-simple"},"acf":[],"_links":{"self":[{"href":"https:\/\/sugar-skin.gr\/fr\/wp-json\/wp\/v2\/product\/19185","targetHints":{"allow":["GET"]}}],"collection":[{"href":"https:\/\/sugar-skin.gr\/fr\/wp-json\/wp\/v2\/product"}],"about":[{"href":"https:\/\/sugar-skin.gr\/fr\/wp-json\/wp\/v2\/types\/product"}],"replies":[{"embeddable":true,"href":"https:\/\/sugar-skin.gr\/fr\/wp-json\/wp\/v2\/comments?post=19185"}],"version-history":[{"count":5,"href":"https:\/\/sugar-skin.gr\/fr\/wp-json\/wp\/v2\/product\/19185\/revisions"}],"predecessor-version":[{"id":24200,"href":"https:\/\/sugar-skin.gr\/fr\/wp-json\/wp\/v2\/product\/19185\/revisions\/24200"}],"wp:featuredmedia":[{"embeddable":true,"href":"https:\/\/sugar-skin.gr\/fr\/wp-json\/wp\/v2\/media\/22466"}],"wp:attachment":[{"href":"https:\/\/sugar-skin.gr\/fr\/wp-json\/wp\/v2\/media?parent=19185"}],"wp:term":[{"taxonomy":"product_brand","embeddable":true,"href":"https:\/\/sugar-skin.gr\/fr\/wp-json\/wp\/v2\/product_brand?post=19185"},{"taxonomy":"product_cat","embeddable":true,"href":"https:\/\/sugar-skin.gr\/fr\/wp-json\/wp\/v2\/product_cat?post=19185"},{"taxonomy":"product_tag","embeddable":true,"href":"https:\/\/sugar-skin.gr\/fr\/wp-json\/wp\/v2\/product_tag?post=19185"}],"curies":[{"name":"wp","href":"https:\/\/api.w.org\/{rel}","templated":true}]}}