{"id":19177,"date":"2025-11-20T14:54:39","date_gmt":"2025-11-20T12:54:39","guid":{"rendered":"https:\/\/sugar-skin.gr\/?post_type=product&#038;p=19177"},"modified":"2026-04-30T17:46:47","modified_gmt":"2026-04-30T14:46:47","slug":"the-sugar-brush-02","status":"publish","type":"product","link":"https:\/\/sugar-skin.gr\/fr\/product\/the-sugar-brush-02\/","title":{"rendered":"La brosse \u00e0 sucre 02"},"content":{"rendered":"<p>Pinceau rond pour le fond de teint - Couvrance l\u00e9g\u00e8re<\/p>\n<p>Ce pinceau est dot\u00e9 d'une t\u00eate ronde plus souple et flexible qui applique d\u00e9licatement le produit pour un effet naturel, semblable \u00e0 celui de la peau. Id\u00e9al pour une couvrance l\u00e9g\u00e8re ou modulable, il estompe facilement les fonds de teint liquides et cr\u00e9meux, laissant la peau fra\u00eeche, uniforme et l\u00e9g\u00e8re. Parfait pour le maquillage de tous les jours.<\/p>","protected":false},"excerpt":{"rendered":"<p>Pinceau rond pour le fond de teint - Couvrance l\u00e9g\u00e8re<\/p>\n<p>Ce pinceau est dot\u00e9 d'une t\u00eate ronde plus souple et flexible qui applique d\u00e9licatement le produit pour un effet naturel et \u201cpeau\u201d.<\/p>","protected":false},"featured_media":22484,"comment_status":"open","ping_status":"closed","template":"","meta":{"_acf_changed":false,"_seopress_robots_primary_cat":"none","_seopress_titles_title":"","_seopress_titles_desc":"","_seopress_robots_index":"","_mo_disable_npp":""},"product_brand":[],"product_cat":[133],"product_tag":[],"class_list":{"0":"post-19177","1":"product","2":"type-product","3":"status-publish","4":"has-post-thumbnail","6":"product_cat-accessories","8":"first","9":"instock","10":"shipping-taxable","11":"purchasable","12":"product-type-simple"},"acf":[],"_links":{"self":[{"href":"https:\/\/sugar-skin.gr\/fr\/wp-json\/wp\/v2\/product\/19177","targetHints":{"allow":["GET"]}}],"collection":[{"href":"https:\/\/sugar-skin.gr\/fr\/wp-json\/wp\/v2\/product"}],"about":[{"href":"https:\/\/sugar-skin.gr\/fr\/wp-json\/wp\/v2\/types\/product"}],"replies":[{"embeddable":true,"href":"https:\/\/sugar-skin.gr\/fr\/wp-json\/wp\/v2\/comments?post=19177"}],"version-history":[{"count":3,"href":"https:\/\/sugar-skin.gr\/fr\/wp-json\/wp\/v2\/product\/19177\/revisions"}],"predecessor-version":[{"id":22428,"href":"https:\/\/sugar-skin.gr\/fr\/wp-json\/wp\/v2\/product\/19177\/revisions\/22428"}],"wp:featuredmedia":[{"embeddable":true,"href":"https:\/\/sugar-skin.gr\/fr\/wp-json\/wp\/v2\/media\/22484"}],"wp:attachment":[{"href":"https:\/\/sugar-skin.gr\/fr\/wp-json\/wp\/v2\/media?parent=19177"}],"wp:term":[{"taxonomy":"product_brand","embeddable":true,"href":"https:\/\/sugar-skin.gr\/fr\/wp-json\/wp\/v2\/product_brand?post=19177"},{"taxonomy":"product_cat","embeddable":true,"href":"https:\/\/sugar-skin.gr\/fr\/wp-json\/wp\/v2\/product_cat?post=19177"},{"taxonomy":"product_tag","embeddable":true,"href":"https:\/\/sugar-skin.gr\/fr\/wp-json\/wp\/v2\/product_tag?post=19177"}],"curies":[{"name":"wp","href":"https:\/\/api.w.org\/{rel}","templated":true}]}}