{"id":19173,"date":"2025-11-20T14:53:05","date_gmt":"2025-11-20T12:53:05","guid":{"rendered":"https:\/\/sugar-skin.gr\/?post_type=product&#038;p=19173"},"modified":"2026-04-30T17:46:47","modified_gmt":"2026-04-30T14:46:47","slug":"the-sugar-brush-01","status":"publish","type":"product","link":"https:\/\/sugar-skin.gr\/fr\/product\/the-sugar-brush-01\/","title":{"rendered":"Le pinceau SUGAR 01"},"content":{"rendered":"<p>Pinceau rond pour le fond de teint - Couvrance totale<\/p>\n<p>Un pinceau rond et dense con\u00e7u pour une application impeccable et une couverture totale. Ses poils ultra-doux font p\u00e9n\u00e9trer le produit dans la peau, donnant un aspect lisse, uniforme et a\u00e9rographe sans lignes. Id\u00e9al pour les fonds de teint humides et cr\u00e9meux lorsque vous souhaitez obtenir une couverture maximale avec un minimum d'effort.<\/p>","protected":false},"excerpt":{"rendered":"<p>Pinceau rond pour le fond de teint - Couvrance totale<\/p>\n<p>Un pinceau de base dense et rond con\u00e7u pour une application impeccable et une couvrance totale.<\/p>","protected":false},"featured_media":22483,"comment_status":"open","ping_status":"closed","template":"","meta":{"_acf_changed":false,"_seopress_robots_primary_cat":"none","_seopress_titles_title":"","_seopress_titles_desc":"","_seopress_robots_index":"","_mo_disable_npp":""},"product_brand":[],"product_cat":[133],"product_tag":[],"class_list":{"0":"post-19173","1":"product","2":"type-product","3":"status-publish","4":"has-post-thumbnail","6":"product_cat-accessories","8":"first","9":"instock","10":"shipping-taxable","11":"purchasable","12":"product-type-simple"},"acf":[],"_links":{"self":[{"href":"https:\/\/sugar-skin.gr\/fr\/wp-json\/wp\/v2\/product\/19173","targetHints":{"allow":["GET"]}}],"collection":[{"href":"https:\/\/sugar-skin.gr\/fr\/wp-json\/wp\/v2\/product"}],"about":[{"href":"https:\/\/sugar-skin.gr\/fr\/wp-json\/wp\/v2\/types\/product"}],"replies":[{"embeddable":true,"href":"https:\/\/sugar-skin.gr\/fr\/wp-json\/wp\/v2\/comments?post=19173"}],"version-history":[{"count":4,"href":"https:\/\/sugar-skin.gr\/fr\/wp-json\/wp\/v2\/product\/19173\/revisions"}],"predecessor-version":[{"id":22427,"href":"https:\/\/sugar-skin.gr\/fr\/wp-json\/wp\/v2\/product\/19173\/revisions\/22427"}],"wp:featuredmedia":[{"embeddable":true,"href":"https:\/\/sugar-skin.gr\/fr\/wp-json\/wp\/v2\/media\/22483"}],"wp:attachment":[{"href":"https:\/\/sugar-skin.gr\/fr\/wp-json\/wp\/v2\/media?parent=19173"}],"wp:term":[{"taxonomy":"product_brand","embeddable":true,"href":"https:\/\/sugar-skin.gr\/fr\/wp-json\/wp\/v2\/product_brand?post=19173"},{"taxonomy":"product_cat","embeddable":true,"href":"https:\/\/sugar-skin.gr\/fr\/wp-json\/wp\/v2\/product_cat?post=19173"},{"taxonomy":"product_tag","embeddable":true,"href":"https:\/\/sugar-skin.gr\/fr\/wp-json\/wp\/v2\/product_tag?post=19173"}],"curies":[{"name":"wp","href":"https:\/\/api.w.org\/{rel}","templated":true}]}}