{"id":18203,"date":"2025-10-29T15:49:51","date_gmt":"2025-10-29T13:49:51","guid":{"rendered":"https:\/\/sugar-skin.gr\/?post_type=product&#038;p=18203"},"modified":"2026-03-24T17:40:56","modified_gmt":"2026-03-24T15:40:56","slug":"hyaluronic-lip-restore-balm-setx3","status":"publish","type":"product","link":"https:\/\/sugar-skin.gr\/fr\/product\/hyaluronic-lip-restore-balm-setx3\/","title":{"rendered":"Get Them All-Baume Hyaluronique pour les L\u00e8vres"},"content":{"rendered":"<p><span class=\"s8\">Le set comprend tous les baumes \u00e0 l\u00e8vres suivants.<\/span><\/p>\n<p>Baume \u00e0 l\u00e8vres \u00e0 base d'acide hyaluronique et d'huiles de papaye et de fruit de la passion qui adoucissent les l\u00e8vres s\u00e8ches et gerc\u00e9es et procurent une hydratation et un volume profonds, pour des l\u00e8vres merveilleusement brillantes, juteuses et douces.<\/p>\n<p>FR : Baume \u00e0 l\u00e8vres \u00e0 base d'acide hyaluronique et d'huiles de papaye et de fruit de la passion qui adoucissent les l\u00e8vres s\u00e8ches et gerc\u00e9es et procurent une hydratation et un volume profonds, pour des l\u00e8vres merveilleusement brillantes, juteuses et douces.<\/p>\n<p>&nbsp;<\/p>","protected":false},"excerpt":{"rendered":"<p>\u03a4\u03bf set \u03c0\u03b5\u03c1\u03b9\u03bb\u03b1\u03bc\u03b2\u03ac\u03bd\u03b5\u03b9 \u03cc\u03bb\u03b1 \u03c4\u03b1 \u03c0\u03b1\u03c1\u03b1\u03ba\u03ac\u03c4\u03c9 Lip balm. Lip balm \u03bc\u03b5 \u03c5\u03b1\u03bb\u03bf\u03c5\u03c1\u03bf\u03bd\u03b9\u03ba\u03cc \u03bf\u03be\u03cd, \u03ad\u03bb\u03b1\u03b9\u03b1 papaya \u03ba\u03b1\u03b9 passion fruit \u03c0\u03bf\u03c5 \u03bc\u03b1\u03bb\u03b1\u03ba\u03ce\u03bd\u03bf\u03c5\u03bd \u03c4\u03b1 \u03be\u03b7\u03c1\u03ac \u03c3\u03ba\u03b1\u03c3\u03bc\u03ad\u03bd\u03b1 \u03c7\u03b5\u03af\u03bb\u03b7 \u03ba\u03b1\u03b9 \u03c7\u03b1\u03c1\u03af\u03b6\u03bf\u03c5\u03bd \u03b2\u03b1\u03b8\u03b9\u03ac \u03b5\u03bd\u03c5\u03b4\u03ac\u03c4\u03c9\u03c3\u03b7 \u03ba\u03b1\u03b9 \u03cc\u03b3\u03ba\u03bf, \u03b3\u03b9\u03b1 \u03c5\u03c0\u03ad\u03c1\u03bf\u03c7\u03b1 \u03bb\u03b1\u03bc\u03c0\u03b5\u03c1\u03ac, \u03b6\u03bf\u03c5\u03bc\u03b5\u03c1\u03ac \u03ba\u03b1\u03b9 \u03bc\u03b1\u03bb\u03b1\u03ba\u03ac \u03c7\u03b5\u03af\u03bb\u03b7. EN: Lip balm with hyaluronic acid, papaya and passion fruit oils that soften [&hellip;]<\/p>\n","protected":false},"featured_media":22473,"comment_status":"closed","ping_status":"closed","template":"","meta":{"_acf_changed":false,"_seopress_robots_primary_cat":"none","_seopress_titles_title":"","_seopress_titles_desc":"","_seopress_robots_index":"","_mo_disable_npp":""},"product_brand":[],"product_cat":[132,99,16],"product_tag":[],"class_list":{"0":"post-18203","1":"product","2":"type-product","3":"status-publish","4":"has-post-thumbnail","6":"product_cat-lip-cheek","7":"product_cat-sets","8":"product_cat-uncategorized","10":"first","11":"instock","12":"sale","13":"shipping-taxable","14":"purchasable","15":"product-type-simple"},"acf":[],"_links":{"self":[{"href":"https:\/\/sugar-skin.gr\/fr\/wp-json\/wp\/v2\/product\/18203","targetHints":{"allow":["GET"]}}],"collection":[{"href":"https:\/\/sugar-skin.gr\/fr\/wp-json\/wp\/v2\/product"}],"about":[{"href":"https:\/\/sugar-skin.gr\/fr\/wp-json\/wp\/v2\/types\/product"}],"replies":[{"embeddable":true,"href":"https:\/\/sugar-skin.gr\/fr\/wp-json\/wp\/v2\/comments?post=18203"}],"version-history":[{"count":7,"href":"https:\/\/sugar-skin.gr\/fr\/wp-json\/wp\/v2\/product\/18203\/revisions"}],"predecessor-version":[{"id":23459,"href":"https:\/\/sugar-skin.gr\/fr\/wp-json\/wp\/v2\/product\/18203\/revisions\/23459"}],"wp:featuredmedia":[{"embeddable":true,"href":"https:\/\/sugar-skin.gr\/fr\/wp-json\/wp\/v2\/media\/22473"}],"wp:attachment":[{"href":"https:\/\/sugar-skin.gr\/fr\/wp-json\/wp\/v2\/media?parent=18203"}],"wp:term":[{"taxonomy":"product_brand","embeddable":true,"href":"https:\/\/sugar-skin.gr\/fr\/wp-json\/wp\/v2\/product_brand?post=18203"},{"taxonomy":"product_cat","embeddable":true,"href":"https:\/\/sugar-skin.gr\/fr\/wp-json\/wp\/v2\/product_cat?post=18203"},{"taxonomy":"product_tag","embeddable":true,"href":"https:\/\/sugar-skin.gr\/fr\/wp-json\/wp\/v2\/product_tag?post=18203"}],"curies":[{"name":"wp","href":"https:\/\/api.w.org\/{rel}","templated":true}]}}