{"id":18135,"date":"2025-10-24T10:23:52","date_gmt":"2025-10-24T07:23:52","guid":{"rendered":"https:\/\/sugar-skin.gr\/?post_type=product&#038;p=18135"},"modified":"2026-05-04T19:59:10","modified_gmt":"2026-05-04T16:59:10","slug":"hyaluronic-lip-restore-balm-14ml-2","status":"publish","type":"product","link":"https:\/\/sugar-skin.gr\/fr\/product\/hyaluronic-lip-restore-balm-14ml-2\/","title":{"rendered":"Baume Hyaluronique pour les L\u00e8vres 14ml"},"content":{"rendered":"<div data-elementor-type=\"product-post\" data-elementor-id=\"18135\" class=\"elementor elementor-18135\" data-elementor-post-type=\"product\">\n\t\t\t\t<div class=\"elementor-element elementor-element-15b2f759 e-flex e-con-boxed e-con e-parent\" data-id=\"15b2f759\" data-element_type=\"container\" data-e-type=\"container\">\n\t\t\t\t\t<div class=\"e-con-inner\">\n\t\t\t\t<div class=\"elementor-element elementor-element-5c8fb0bc elementor-widget elementor-widget-text-editor\" data-id=\"5c8fb0bc\" data-element_type=\"widget\" data-e-type=\"widget\" data-widget_type=\"text-editor.default\">\n\t\t\t\t<div class=\"elementor-widget-container\">\n\t\t\t\t\t\t\t\t\tBaume \u00e0 l\u00e8vres \u00e0 base d'acide hyaluronique et d'huiles de papaye et de fruit de la passion qui adoucissent les l\u00e8vres s\u00e8ches et gerc\u00e9es et procurent une hydratation et un volume profonds, pour des l\u00e8vres merveilleusement brillantes, juteuses et douces.\r\n\r\nFR : Baume pour les l\u00e8vres contenant de l'acide hyaluronique et des huiles de papaye et de fruit de la passion qui adoucissent les l\u00e8vres s\u00e8ches et gerc\u00e9es et procurent une hydratation et un volume profonds, pour des l\u00e8vres merveilleusement brillantes, juteuses et douces.\t\t\t\t\t\t\t\t<\/div>\n\t\t\t\t<\/div>\n\t\t\t\t\t<\/div>\n\t\t\t\t<\/div>\n\t\t<div class=\"elementor-element elementor-element-3dbbaa02 e-flex e-con-boxed e-con e-parent\" data-id=\"3dbbaa02\" data-element_type=\"container\" data-e-type=\"container\">\n\t\t\t\t\t<div class=\"e-con-inner\">\n\t\t<div class=\"elementor-element elementor-element-615f342a e-con-full e-flex e-con e-child\" data-id=\"615f342a\" data-element_type=\"container\" data-e-type=\"container\">\n\t\t<div class=\"elementor-element elementor-element-2dd89d5 e-con-full e-flex e-con e-child\" data-id=\"2dd89d5\" data-element_type=\"container\" data-e-type=\"container\">\n\t\t<div class=\"elementor-element elementor-element-68c8b4bd e-con-full e-flex e-con e-child\" data-id=\"68c8b4bd\" data-element_type=\"container\" data-e-type=\"container\" data-settings=\"{&quot;background_background&quot;:&quot;classic&quot;}\">\n\t\t\t\t<div class=\"elementor-element elementor-element-53cdfde5 elementor-widget elementor-widget-heading\" data-id=\"53cdfde5\" data-element_type=\"widget\" data-e-type=\"widget\" data-widget_type=\"heading.default\">\n\t\t\t\t<div class=\"elementor-widget-container\">\n\t\t\t\t\t<h2 class=\"elementor-heading-title elementor-size-default\">Baume hyaluronique pour les l\u00e8vres 14ml<\/h2>\t\t\t\t<\/div>\n\t\t\t\t<\/div>\n\t\t\t\t<div class=\"elementor-element elementor-element-8b20c41 elementor-widget elementor-widget-text-editor\" data-id=\"8b20c41\" data-element_type=\"widget\" data-e-type=\"widget\" data-widget_type=\"text-editor.default\">\n\t\t\t\t<div class=\"elementor-widget-container\">\n\t\t\t\t\t\t\t\t\t<p class=\"p1\" style=\"caret-color: #000000; color: #000000;\"><span class=\"s1\">Disponible en 13 couleurs et 2 parfums diff\u00e9rents : citrouille \u00e9pic\u00e9e et cerise.<\/span><\/p>\t\t\t\t\t\t\t\t<\/div>\n\t\t\t\t<\/div>\n\t\t<div class=\"elementor-element elementor-element-38bad812 e-grid e-con-full e-con e-child\" data-id=\"38bad812\" data-element_type=\"container\" data-e-type=\"container\">\n\t\t\t\t<div class=\"elementor-element elementor-element-3d798ae7 elementor-widget elementor-widget-heading\" data-id=\"3d798ae7\" data-element_type=\"widget\" data-e-type=\"widget\" data-widget_type=\"heading.default\">\n\t\t\t\t<div class=\"elementor-widget-container\">\n\t\t\t\t\t<span class=\"elementor-heading-title elementor-size-default\">BON POUR :<\/span>\t\t\t\t<\/div>\n\t\t\t\t<\/div>\n\t\t\t\t<div class=\"elementor-element elementor-element-5b03a870 elementor-widget elementor-widget-heading\" data-id=\"5b03a870\" data-element_type=\"widget\" data-e-type=\"widget\" data-widget_type=\"heading.default\">\n\t\t\t\t<div class=\"elementor-widget-container\">\n\t\t\t\t\t<span class=\"elementor-heading-title elementor-size-default\">Des l\u00e8vres hydrat\u00e9es pendant 24 heures.<\/span>\t\t\t\t<\/div>\n\t\t\t\t<\/div>\n\t\t\t\t<\/div>\n\t\t\t\t<div class=\"elementor-element elementor-element-20ea676b elementor-widget-divider--view-line elementor-widget elementor-widget-divider\" data-id=\"20ea676b\" data-element_type=\"widget\" data-e-type=\"widget\" data-widget_type=\"divider.default\">\n\t\t\t\t<div class=\"elementor-widget-container\">\n\t\t\t\t\t\t\t<div class=\"elementor-divider\">\n\t\t\t<span class=\"elementor-divider-separator\">\n\t\t\t\t\t\t<\/span>\n\t\t<\/div>\n\t\t\t\t\t\t<\/div>\n\t\t\t\t<\/div>\n\t\t<div class=\"elementor-element elementor-element-3715a7ce e-grid e-con-full e-con e-child\" data-id=\"3715a7ce\" data-element_type=\"container\" data-e-type=\"container\">\n\t\t\t\t<div class=\"elementor-element elementor-element-9457d00 elementor-widget elementor-widget-heading\" data-id=\"9457d00\" data-element_type=\"widget\" data-e-type=\"widget\" data-widget_type=\"heading.default\">\n\t\t\t\t<div class=\"elementor-widget-container\">\n\t\t\t\t\t<span class=\"elementor-heading-title elementor-size-default\">FEELS LIKE :\n\n<\/span>\t\t\t\t<\/div>\n\t\t\t\t<\/div>\n\t\t\t\t<div class=\"elementor-element elementor-element-471b9749 elementor-widget elementor-widget-heading\" data-id=\"471b9749\" data-element_type=\"widget\" data-e-type=\"widget\" data-widget_type=\"heading.default\">\n\t\t\t\t<div class=\"elementor-widget-container\">\n\t\t\t\t\t<span class=\"elementor-heading-title elementor-size-default\">comme si vos l\u00e8vres reposaient sur un nuage.\n<\/span>\t\t\t\t<\/div>\n\t\t\t\t<\/div>\n\t\t\t\t<\/div>\n\t\t\t\t<div class=\"elementor-element elementor-element-7cfb9296 elementor-widget-divider--view-line elementor-widget elementor-widget-divider\" data-id=\"7cfb9296\" data-element_type=\"widget\" data-e-type=\"widget\" data-widget_type=\"divider.default\">\n\t\t\t\t<div class=\"elementor-widget-container\">\n\t\t\t\t\t\t\t<div class=\"elementor-divider\">\n\t\t\t<span class=\"elementor-divider-separator\">\n\t\t\t\t\t\t<\/span>\n\t\t<\/div>\n\t\t\t\t\t\t<\/div>\n\t\t\t\t<\/div>\n\t\t<div class=\"elementor-element elementor-element-3fec2080 e-grid e-con-full e-con e-child\" data-id=\"3fec2080\" data-element_type=\"container\" data-e-type=\"container\">\n\t\t\t\t<div class=\"elementor-element elementor-element-7f2cfb3f elementor-widget elementor-widget-heading\" data-id=\"7f2cfb3f\" data-element_type=\"widget\" data-e-type=\"widget\" data-widget_type=\"heading.default\">\n\t\t\t\t<div class=\"elementor-widget-container\">\n\t\t\t\t\t<span class=\"elementor-heading-title elementor-size-default\">SENT BON :<\/span>\t\t\t\t<\/div>\n\t\t\t\t<\/div>\n\t\t\t\t<div class=\"elementor-element elementor-element-76623cc0 elementor-widget elementor-widget-heading\" data-id=\"76623cc0\" data-element_type=\"widget\" data-e-type=\"widget\" data-widget_type=\"heading.default\">\n\t\t\t\t<div class=\"elementor-widget-container\">\n\t\t\t\t\t<span class=\"elementor-heading-title elementor-size-default\">Potiron \u00e9pic\u00e9 et cerise.<\/span>\t\t\t\t<\/div>\n\t\t\t\t<\/div>\n\t\t\t\t<\/div>\n\t\t\t\t<div class=\"elementor-element elementor-element-48ebe4db elementor-widget-divider--view-line elementor-widget elementor-widget-divider\" data-id=\"48ebe4db\" data-element_type=\"widget\" data-e-type=\"widget\" data-widget_type=\"divider.default\">\n\t\t\t\t<div class=\"elementor-widget-container\">\n\t\t\t\t\t\t\t<div class=\"elementor-divider\">\n\t\t\t<span class=\"elementor-divider-separator\">\n\t\t\t\t\t\t<\/span>\n\t\t<\/div>\n\t\t\t\t\t\t<\/div>\n\t\t\t\t<\/div>\n\t\t<div class=\"elementor-element elementor-element-3738c343 e-grid e-con-full e-con e-child\" data-id=\"3738c343\" data-element_type=\"container\" data-e-type=\"container\">\n\t\t\t\t<div class=\"elementor-element elementor-element-5ffb3c46 elementor-widget elementor-widget-heading\" data-id=\"5ffb3c46\" data-element_type=\"widget\" data-e-type=\"widget\" data-widget_type=\"heading.default\">\n\t\t\t\t<div class=\"elementor-widget-container\">\n\t\t\t\t\t<span class=\"elementor-heading-title elementor-size-default\">POUR INFORMATION :<\/span>\t\t\t\t<\/div>\n\t\t\t\t<\/div>\n\t\t\t\t<div class=\"elementor-element elementor-element-18d5756b elementor-widget elementor-widget-heading\" data-id=\"18d5756b\" data-element_type=\"widget\" data-e-type=\"widget\" data-widget_type=\"heading.default\">\n\t\t\t\t<div class=\"elementor-widget-container\">\n\t\t\t\t\t<span class=\"elementor-heading-title elementor-size-default\">Sans cruaut\u00e9 - Vegan - Sans gluten\n<\/span>\t\t\t\t<\/div>\n\t\t\t\t<\/div>\n\t\t\t\t<\/div>\n\t\t\t\t<\/div>\n\t\t\t\t<\/div>\n\t\t<div class=\"elementor-element elementor-element-7aa232f e-con-full e-flex e-con e-child\" data-id=\"7aa232f\" data-element_type=\"container\" data-e-type=\"container\">\n\t\t<div class=\"elementor-element elementor-element-16af856d e-con-full e-flex e-con e-child\" data-id=\"16af856d\" data-element_type=\"container\" data-e-type=\"container\">\n\t\t\t\t<div class=\"elementor-element elementor-element-4d62d868 elementor-widget elementor-widget-image\" data-id=\"4d62d868\" data-element_type=\"widget\" data-e-type=\"widget\" data-widget_type=\"image.default\">\n\t\t\t\t<div class=\"elementor-widget-container\">\n\t\t\t\t\t\t\t\t\t\t\t\t\t\t\t<img fetchpriority=\"high\" decoding=\"async\" width=\"683\" height=\"1024\" src=\"https:\/\/sugar-skin.gr\/wp-content\/uploads\/2025\/10\/sugar-skin-winter-shoot3256-100x150.jpg\" class=\"attachment-large size-large wp-image-18235 et-lazyload lazyload\" alt=\"contour des l\u00e8vres longue dur\u00e9e setx7\" data-src=\"https:\/\/sugar-skin.gr\/wp-content\/uploads\/2025\/10\/sugar-skin-winter-shoot3256-683x1024.jpg\" data-sizes=\"(max-width: 683px) 100vw, 683px\" data-srcset=\"https:\/\/sugar-skin.gr\/wp-content\/uploads\/2025\/10\/sugar-skin-winter-shoot3256-683x1024.jpg 683w, https:\/\/sugar-skin.gr\/wp-content\/uploads\/2025\/10\/sugar-skin-winter-shoot3256-200x300.jpg 200w, https:\/\/sugar-skin.gr\/wp-content\/uploads\/2025\/10\/sugar-skin-winter-shoot3256-768x1152.jpg 768w, https:\/\/sugar-skin.gr\/wp-content\/uploads\/2025\/10\/sugar-skin-winter-shoot3256-1024x1536.jpg 1024w, https:\/\/sugar-skin.gr\/wp-content\/uploads\/2025\/10\/sugar-skin-winter-shoot3256-1366x2048.jpg 1366w, https:\/\/sugar-skin.gr\/wp-content\/uploads\/2025\/10\/sugar-skin-winter-shoot3256-100x150.jpg 100w, https:\/\/sugar-skin.gr\/wp-content\/uploads\/2025\/10\/sugar-skin-winter-shoot3256-1000x1500.jpg 1000w, https:\/\/sugar-skin.gr\/wp-content\/uploads\/2025\/10\/sugar-skin-winter-shoot3256.jpg 1707w\" srcset=\"https:\/\/sugar-skin.gr\/wp-content\/uploads\/2025\/10\/sugar-skin-winter-shoot3256-100x150.jpg 100w, https:\/\/sugar-skin.gr\/wp-content\/uploads\/2025\/10\/sugar-skin-winter-shoot3256-200x300.jpg 200w, https:\/\/sugar-skin.gr\/wp-content\/uploads\/2025\/10\/sugar-skin-winter-shoot3256-683x1024.jpg 683w, https:\/\/sugar-skin.gr\/wp-content\/uploads\/2025\/10\/sugar-skin-winter-shoot3256-768x1152.jpg 768w, https:\/\/sugar-skin.gr\/wp-content\/uploads\/2025\/10\/sugar-skin-winter-shoot3256-1024x1536.jpg 1024w, https:\/\/sugar-skin.gr\/wp-content\/uploads\/2025\/10\/sugar-skin-winter-shoot3256-1366x2048.jpg 1366w, https:\/\/sugar-skin.gr\/wp-content\/uploads\/2025\/10\/sugar-skin-winter-shoot3256-1000x1500.jpg 1000w, https:\/\/sugar-skin.gr\/wp-content\/uploads\/2025\/10\/sugar-skin-winter-shoot3256.jpg 1707w\" sizes=\"(max-width: 683px) 100vw, 683px\" \/>\t\t\t\t\t\t\t\t\t\t\t\t\t\t\t<\/div>\n\t\t\t\t<\/div>\n\t\t\t\t<\/div>\n\t\t\t\t<\/div>\n\t\t\t\t<\/div>\n\t\t<div class=\"elementor-element elementor-element-78463c9f e-con-full e-flex e-con e-child\" data-id=\"78463c9f\" data-element_type=\"container\" data-e-type=\"container\">\n\t\t\t\t<div class=\"elementor-element elementor-element-7a00a08 elementor-widget elementor-widget-video\" data-id=\"7a00a08\" data-element_type=\"widget\" data-e-type=\"widget\" data-settings=\"{&quot;youtube_url&quot;:&quot;https:\\\/\\\/youtube.com\\\/shorts\\\/3QgMkTidbGM&quot;,&quot;video_type&quot;:&quot;youtube&quot;,&quot;controls&quot;:&quot;yes&quot;}\" data-widget_type=\"video.default\">\n\t\t\t\t<div class=\"elementor-widget-container\">\n\t\t\t\t\t\t\t<div class=\"elementor-wrapper elementor-open-inline\">\n\t\t\t<div class=\"elementor-video\"><\/div>\t\t<\/div>\n\t\t\t\t\t\t<\/div>\n\t\t\t\t<\/div>\n\t\t\t\t<\/div>\n\t\t\t\t\t<\/div>\n\t\t\t\t<\/div>\n\t\t\t\t<\/div>","protected":false},"excerpt":{"rendered":"<p>Lip balm \u03bc\u03b5 \u03c5\u03b1\u03bb\u03bf\u03c5\u03c1\u03bf\u03bd\u03b9\u03ba\u03cc \u03bf\u03be\u03cd, \u03ad\u03bb\u03b1\u03b9\u03b1 papaya \u03ba\u03b1\u03b9 passion fruit \u03c0\u03bf\u03c5 \u03bc\u03b1\u03bb\u03b1\u03ba\u03ce\u03bd\u03bf\u03c5\u03bd \u03c4\u03b1 \u03be\u03b7\u03c1\u03ac \u03c3\u03ba\u03b1\u03c3\u03bc\u03ad\u03bd\u03b1 \u03c7\u03b5\u03af\u03bb\u03b7 \u03ba\u03b1\u03b9 \u03c7\u03b1\u03c1\u03af\u03b6\u03bf\u03c5\u03bd \u03b2\u03b1\u03b8\u03b9\u03ac \u03b5\u03bd\u03c5\u03b4\u03ac\u03c4\u03c9\u03c3\u03b7 \u03ba\u03b1\u03b9 \u03cc\u03b3\u03ba\u03bf, \u03b3\u03b9\u03b1 \u03c5\u03c0\u03ad\u03c1\u03bf\u03c7\u03b1 \u03bb\u03b1\u03bc\u03c0\u03b5\u03c1\u03ac, \u03b6\u03bf\u03c5\u03bc\u03b5\u03c1\u03ac \u03ba\u03b1\u03b9 \u03bc\u03b1\u03bb\u03b1\u03ba\u03ac \u03c7\u03b5\u03af\u03bb\u03b7. EN: Lip balm with hyaluronic acid, papaya and passion fruit oils that soften dry, chapped lips and provide deep hydration and [&hellip;]<\/p>\n","protected":false},"featured_media":22474,"comment_status":"closed","ping_status":"closed","template":"","meta":{"_acf_changed":false,"_seopress_robots_primary_cat":"none","_seopress_titles_title":"","_seopress_titles_desc":"","_seopress_robots_index":"","_mo_disable_npp":""},"product_brand":[],"product_cat":[132],"product_tag":[],"class_list":{"0":"post-18135","1":"product","2":"type-product","3":"status-publish","4":"has-post-thumbnail","6":"product_cat-lip-cheek","8":"first","9":"instock","10":"shipping-taxable","11":"purchasable","12":"product-type-variable"},"acf":[],"_links":{"self":[{"href":"https:\/\/sugar-skin.gr\/fr\/wp-json\/wp\/v2\/product\/18135","targetHints":{"allow":["GET"]}}],"collection":[{"href":"https:\/\/sugar-skin.gr\/fr\/wp-json\/wp\/v2\/product"}],"about":[{"href":"https:\/\/sugar-skin.gr\/fr\/wp-json\/wp\/v2\/types\/product"}],"replies":[{"embeddable":true,"href":"https:\/\/sugar-skin.gr\/fr\/wp-json\/wp\/v2\/comments?post=18135"}],"version-history":[{"count":24,"href":"https:\/\/sugar-skin.gr\/fr\/wp-json\/wp\/v2\/product\/18135\/revisions"}],"predecessor-version":[{"id":24648,"href":"https:\/\/sugar-skin.gr\/fr\/wp-json\/wp\/v2\/product\/18135\/revisions\/24648"}],"wp:featuredmedia":[{"embeddable":true,"href":"https:\/\/sugar-skin.gr\/fr\/wp-json\/wp\/v2\/media\/22474"}],"wp:attachment":[{"href":"https:\/\/sugar-skin.gr\/fr\/wp-json\/wp\/v2\/media?parent=18135"}],"wp:term":[{"taxonomy":"product_brand","embeddable":true,"href":"https:\/\/sugar-skin.gr\/fr\/wp-json\/wp\/v2\/product_brand?post=18135"},{"taxonomy":"product_cat","embeddable":true,"href":"https:\/\/sugar-skin.gr\/fr\/wp-json\/wp\/v2\/product_cat?post=18135"},{"taxonomy":"product_tag","embeddable":true,"href":"https:\/\/sugar-skin.gr\/fr\/wp-json\/wp\/v2\/product_tag?post=18135"}],"curies":[{"name":"wp","href":"https:\/\/api.w.org\/{rel}","templated":true}]}}