{"id":15382,"date":"2025-07-31T17:01:27","date_gmt":"2025-07-31T14:01:27","guid":{"rendered":"https:\/\/sugar-skin.gr\/?post_type=product&#038;p=15382"},"modified":"2026-05-02T22:04:42","modified_gmt":"2026-05-02T19:04:42","slug":"%ce%b8%ce%b7%ce%ba%ce%b7-cell-promo-1","status":"publish","type":"product","link":"https:\/\/sugar-skin.gr\/fr\/product\/%ce%b8%ce%b7%ce%ba%ce%b7-cell-promo-1\/","title":{"rendered":"Support de t\u00e9l\u00e9phone portable en silicone Collection Love"},"content":{"rendered":"<p class=\"p1\"><span class=\"s1\">\u00a0D\u00e9collez le film protecteur et appliquez le produit au dos de votre t\u00e9l\u00e9phone ou de votre \u00e9tui. Gr\u00e2ce \u00e0 la puissante bande adh\u00e9sive 3M, il reste fermement en place et vous permet de poser votre t\u00e9l\u00e9phone sur des surfaces lisses - id\u00e9al pour une utilisation mains libres, des photos ou des vid\u00e9os.<\/span><\/p>","protected":false},"excerpt":{"rendered":"<p class=\"p1\"><span class=\"s1\">Le <\/span><span class=\"s2\">Grip Pad pour t\u00e9l\u00e9phone Sugar Skin<\/span><span class=\"s1\"> est la solution ultime pour allier praticit\u00e9 et style. Il s'agit d'un coussin minimaliste en silicone transparent dot\u00e9 d'un puissant support adh\u00e9sif 3M qui adh\u00e8re \u00e0 votre t\u00e9l\u00e9phone ou \u00e0 votre \u00e9tui et vous permet de le poser facilement sur des surfaces lisses. Parfait pour les vid\u00e9os et les photos en mains libres, TikTok ou FaceTime.<\/span><\/p>","protected":false},"featured_media":22550,"comment_status":"closed","ping_status":"closed","template":"","meta":{"_acf_changed":false,"_seopress_robots_primary_cat":"none","_seopress_titles_title":"","_seopress_titles_desc":"","_seopress_robots_index":"","_mo_disable_npp":""},"product_brand":[],"product_cat":[133],"product_tag":[],"class_list":{"0":"post-15382","1":"product","2":"type-product","3":"status-publish","4":"has-post-thumbnail","6":"product_cat-accessories","8":"first","9":"instock","10":"shipping-taxable","11":"purchasable","12":"product-type-simple"},"acf":[],"_links":{"self":[{"href":"https:\/\/sugar-skin.gr\/fr\/wp-json\/wp\/v2\/product\/15382","targetHints":{"allow":["GET"]}}],"collection":[{"href":"https:\/\/sugar-skin.gr\/fr\/wp-json\/wp\/v2\/product"}],"about":[{"href":"https:\/\/sugar-skin.gr\/fr\/wp-json\/wp\/v2\/types\/product"}],"replies":[{"embeddable":true,"href":"https:\/\/sugar-skin.gr\/fr\/wp-json\/wp\/v2\/comments?post=15382"}],"version-history":[{"count":3,"href":"https:\/\/sugar-skin.gr\/fr\/wp-json\/wp\/v2\/product\/15382\/revisions"}],"predecessor-version":[{"id":22517,"href":"https:\/\/sugar-skin.gr\/fr\/wp-json\/wp\/v2\/product\/15382\/revisions\/22517"}],"wp:featuredmedia":[{"embeddable":true,"href":"https:\/\/sugar-skin.gr\/fr\/wp-json\/wp\/v2\/media\/22550"}],"wp:attachment":[{"href":"https:\/\/sugar-skin.gr\/fr\/wp-json\/wp\/v2\/media?parent=15382"}],"wp:term":[{"taxonomy":"product_brand","embeddable":true,"href":"https:\/\/sugar-skin.gr\/fr\/wp-json\/wp\/v2\/product_brand?post=15382"},{"taxonomy":"product_cat","embeddable":true,"href":"https:\/\/sugar-skin.gr\/fr\/wp-json\/wp\/v2\/product_cat?post=15382"},{"taxonomy":"product_tag","embeddable":true,"href":"https:\/\/sugar-skin.gr\/fr\/wp-json\/wp\/v2\/product_tag?post=15382"}],"curies":[{"name":"wp","href":"https:\/\/api.w.org\/{rel}","templated":true}]}}