{"id":15288,"date":"2025-07-30T14:31:44","date_gmt":"2025-07-30T11:31:44","guid":{"rendered":"https:\/\/sugar-skin.gr\/?post_type=product&#038;p=15288"},"modified":"2026-05-04T19:22:51","modified_gmt":"2026-05-04T16:22:51","slug":"avocado-bi-phase-face-cleansins-gel","status":"publish","type":"product","link":"https:\/\/sugar-skin.gr\/fr\/product\/avocado-bi-phase-face-cleansins-gel\/","title":{"rendered":"Gel nettoyant biphas\u00e9 pour le visage \u00e0 l'avocat"},"content":{"rendered":"<div data-elementor-type=\"product-post\" data-elementor-id=\"15288\" class=\"elementor elementor-15288\" data-elementor-post-type=\"product\">\n\t\t\t\t<div class=\"elementor-element elementor-element-63033088 e-flex e-con-boxed e-con e-parent\" data-id=\"63033088\" data-element_type=\"container\" data-e-type=\"container\">\n\t\t\t\t\t<div class=\"e-con-inner\">\n\t\t<div class=\"elementor-element elementor-element-20fa033 e-con-full e-flex e-con e-child\" data-id=\"20fa033\" data-element_type=\"container\" data-e-type=\"container\">\n\t\t<div class=\"elementor-element elementor-element-726f5e75 e-con-full e-flex e-con e-child\" data-id=\"726f5e75\" data-element_type=\"container\" data-e-type=\"container\">\n\t\t<div class=\"elementor-element elementor-element-627f82a5 e-con-full e-flex e-con e-child\" data-id=\"627f82a5\" data-element_type=\"container\" data-e-type=\"container\" data-settings=\"{&quot;background_background&quot;:&quot;classic&quot;}\">\n\t\t\t\t<div class=\"elementor-element elementor-element-4bb3d10e elementor-widget elementor-widget-heading\" data-id=\"4bb3d10e\" data-element_type=\"widget\" data-e-type=\"widget\" data-widget_type=\"heading.default\">\n\t\t\t\t<div class=\"elementor-widget-container\">\n\t\t\t\t\t<h2 class=\"elementor-heading-title elementor-size-default\">GEL NETTOYANT<\/h2>\t\t\t\t<\/div>\n\t\t\t\t<\/div>\n\t\t\t\t<div class=\"elementor-element elementor-element-660a868c elementor-widget elementor-widget-text-editor\" data-id=\"660a868c\" data-element_type=\"widget\" data-e-type=\"widget\" data-widget_type=\"text-editor.default\">\n\t\t\t\t<div class=\"elementor-widget-container\">\n\t\t\t\t\t\t\t\t\t<p>Gel nettoyant biphas\u00e9 pour le visage \u00e0 l'avocat 200ml<\/p>\t\t\t\t\t\t\t\t<\/div>\n\t\t\t\t<\/div>\n\t\t<div class=\"elementor-element elementor-element-b08c12d e-grid e-con-full e-con e-child\" data-id=\"b08c12d\" data-element_type=\"container\" data-e-type=\"container\">\n\t\t\t\t<div class=\"elementor-element elementor-element-2df167a3 elementor-widget elementor-widget-heading\" data-id=\"2df167a3\" data-element_type=\"widget\" data-e-type=\"widget\" data-widget_type=\"heading.default\">\n\t\t\t\t<div class=\"elementor-widget-container\">\n\t\t\t\t\t<span class=\"elementor-heading-title elementor-size-default\">BON POUR :<\/span>\t\t\t\t<\/div>\n\t\t\t\t<\/div>\n\t\t\t\t<div class=\"elementor-element elementor-element-5f7edcd3 elementor-widget elementor-widget-heading\" data-id=\"5f7edcd3\" data-element_type=\"widget\" data-e-type=\"widget\" data-widget_type=\"heading.default\">\n\t\t\t\t<div class=\"elementor-widget-container\">\n\t\t\t\t\t<span class=\"elementor-heading-title elementor-size-default\">Nettoyage quotidien, adapt\u00e9 \u00e0 tous les types de peau, y compris les peaux d\u00e9licates et \u00e9quilibr\u00e9es.\n<\/span>\t\t\t\t<\/div>\n\t\t\t\t<\/div>\n\t\t\t\t<\/div>\n\t\t\t\t<div class=\"elementor-element elementor-element-7f4149b4 elementor-widget-divider--view-line elementor-widget elementor-widget-divider\" data-id=\"7f4149b4\" data-element_type=\"widget\" data-e-type=\"widget\" data-widget_type=\"divider.default\">\n\t\t\t\t<div class=\"elementor-widget-container\">\n\t\t\t\t\t\t\t<div class=\"elementor-divider\">\n\t\t\t<span class=\"elementor-divider-separator\">\n\t\t\t\t\t\t<\/span>\n\t\t<\/div>\n\t\t\t\t\t\t<\/div>\n\t\t\t\t<\/div>\n\t\t<div class=\"elementor-element elementor-element-322fa3c4 e-grid e-con-full e-con e-child\" data-id=\"322fa3c4\" data-element_type=\"container\" data-e-type=\"container\">\n\t\t\t\t<div class=\"elementor-element elementor-element-3c19684f elementor-widget elementor-widget-heading\" data-id=\"3c19684f\" data-element_type=\"widget\" data-e-type=\"widget\" data-widget_type=\"heading.default\">\n\t\t\t\t<div class=\"elementor-widget-container\">\n\t\t\t\t\t<span class=\"elementor-heading-title elementor-size-default\">FEELS LIKE :\n\n<\/span>\t\t\t\t<\/div>\n\t\t\t\t<\/div>\n\t\t\t\t<div class=\"elementor-element elementor-element-707a9d6c elementor-widget elementor-widget-heading\" data-id=\"707a9d6c\" data-element_type=\"widget\" data-e-type=\"widget\" data-widget_type=\"heading.default\">\n\t\t\t\t<div class=\"elementor-widget-container\">\n\t\t\t\t\t<span class=\"elementor-heading-title elementor-size-default\">\t\n\u00c9claboussures soyeuses avec une finition \u00e0 l'huile douce.\n<\/span>\t\t\t\t<\/div>\n\t\t\t\t<\/div>\n\t\t\t\t<\/div>\n\t\t\t\t<div class=\"elementor-element elementor-element-4908092a elementor-widget-divider--view-line elementor-widget elementor-widget-divider\" data-id=\"4908092a\" data-element_type=\"widget\" data-e-type=\"widget\" data-widget_type=\"divider.default\">\n\t\t\t\t<div class=\"elementor-widget-container\">\n\t\t\t\t\t\t\t<div class=\"elementor-divider\">\n\t\t\t<span class=\"elementor-divider-separator\">\n\t\t\t\t\t\t<\/span>\n\t\t<\/div>\n\t\t\t\t\t\t<\/div>\n\t\t\t\t<\/div>\n\t\t<div class=\"elementor-element elementor-element-23a5c8e9 e-grid e-con-full e-con e-child\" data-id=\"23a5c8e9\" data-element_type=\"container\" data-e-type=\"container\">\n\t\t\t\t<div class=\"elementor-element elementor-element-3d4292b7 elementor-widget elementor-widget-heading\" data-id=\"3d4292b7\" data-element_type=\"widget\" data-e-type=\"widget\" data-widget_type=\"heading.default\">\n\t\t\t\t<div class=\"elementor-widget-container\">\n\t\t\t\t\t<span class=\"elementor-heading-title elementor-size-default\">SENT BON :<\/span>\t\t\t\t<\/div>\n\t\t\t\t<\/div>\n\t\t\t\t<div class=\"elementor-element elementor-element-7ef655e7 elementor-widget elementor-widget-heading\" data-id=\"7ef655e7\" data-element_type=\"widget\" data-e-type=\"widget\" data-widget_type=\"heading.default\">\n\t\t\t\t<div class=\"elementor-widget-container\">\n\t\t\t\t\t<span class=\"elementor-heading-title elementor-size-default\">Une \u00e9l\u00e9gance tranquille, chaleureuse et sereine.\n\n<\/span>\t\t\t\t<\/div>\n\t\t\t\t<\/div>\n\t\t\t\t<\/div>\n\t\t\t\t<div class=\"elementor-element elementor-element-44ebc9d8 elementor-widget-divider--view-line elementor-widget elementor-widget-divider\" data-id=\"44ebc9d8\" data-element_type=\"widget\" data-e-type=\"widget\" data-widget_type=\"divider.default\">\n\t\t\t\t<div class=\"elementor-widget-container\">\n\t\t\t\t\t\t\t<div class=\"elementor-divider\">\n\t\t\t<span class=\"elementor-divider-separator\">\n\t\t\t\t\t\t<\/span>\n\t\t<\/div>\n\t\t\t\t\t\t<\/div>\n\t\t\t\t<\/div>\n\t\t<div class=\"elementor-element elementor-element-62b19cdb e-grid e-con-full e-con e-child\" data-id=\"62b19cdb\" data-element_type=\"container\" data-e-type=\"container\">\n\t\t\t\t<div class=\"elementor-element elementor-element-5454ae1 elementor-widget elementor-widget-heading\" data-id=\"5454ae1\" data-element_type=\"widget\" data-e-type=\"widget\" data-widget_type=\"heading.default\">\n\t\t\t\t<div class=\"elementor-widget-container\">\n\t\t\t\t\t<span class=\"elementor-heading-title elementor-size-default\">POUR INFORMATION :<\/span>\t\t\t\t<\/div>\n\t\t\t\t<\/div>\n\t\t\t\t<div class=\"elementor-element elementor-element-4744fb6 elementor-widget elementor-widget-heading\" data-id=\"4744fb6\" data-element_type=\"widget\" data-e-type=\"widget\" data-widget_type=\"heading.default\">\n\t\t\t\t<div class=\"elementor-widget-container\">\n\t\t\t\t\t<span class=\"elementor-heading-title elementor-size-default\">Vegan , Sans cruaut\u00e9 , Sans gluten , Sans parab\u00e8nes , Sans sulfates , Sans huiles min\u00e9rales .<\/span>\t\t\t\t<\/div>\n\t\t\t\t<\/div>\n\t\t\t\t<\/div>\n\t\t\t\t<\/div>\n\t\t\t\t<\/div>\n\t\t<div class=\"elementor-element elementor-element-3e0a8208 e-con-full e-flex e-con e-child\" data-id=\"3e0a8208\" data-element_type=\"container\" data-e-type=\"container\">\n\t\t<div class=\"elementor-element elementor-element-285431c7 e-con-full e-flex e-con e-child\" data-id=\"285431c7\" data-element_type=\"container\" data-e-type=\"container\">\n\t\t\t\t<div class=\"elementor-element elementor-element-3f3d1ee8 elementor-widget elementor-widget-image\" data-id=\"3f3d1ee8\" data-element_type=\"widget\" data-e-type=\"widget\" data-widget_type=\"image.default\">\n\t\t\t\t<div class=\"elementor-widget-container\">\n\t\t\t\t\t\t\t\t\t\t\t\t\t\t\t<img fetchpriority=\"high\" decoding=\"async\" width=\"683\" height=\"1024\" src=\"https:\/\/sugar-skin.gr\/wp-content\/uploads\/2025\/07\/619a3110_ok-1_g_res-100x150.jpg\" class=\"attachment-large size-large wp-image-17541 et-lazyload lazyload\" alt=\"gel nettoyant biphase pour le visage \u00e0 l&#039;avocat\" data-src=\"https:\/\/sugar-skin.gr\/wp-content\/uploads\/2025\/07\/619a3110_ok-1_g_res-683x1024.jpg\" data-sizes=\"(max-width: 683px) 100vw, 683px\" data-srcset=\"https:\/\/sugar-skin.gr\/wp-content\/uploads\/2025\/07\/619a3110_ok-1_g_res-683x1024.jpg 683w, https:\/\/sugar-skin.gr\/wp-content\/uploads\/2025\/07\/619a3110_ok-1_g_res-200x300.jpg 200w, https:\/\/sugar-skin.gr\/wp-content\/uploads\/2025\/07\/619a3110_ok-1_g_res-768x1152.jpg 768w, https:\/\/sugar-skin.gr\/wp-content\/uploads\/2025\/07\/619a3110_ok-1_g_res-1024x1536.jpg 1024w, https:\/\/sugar-skin.gr\/wp-content\/uploads\/2025\/07\/619a3110_ok-1_g_res-1366x2048.jpg 1366w, https:\/\/sugar-skin.gr\/wp-content\/uploads\/2025\/07\/619a3110_ok-1_g_res-100x150.jpg 100w, https:\/\/sugar-skin.gr\/wp-content\/uploads\/2025\/07\/619a3110_ok-1_g_res-1000x1500.jpg 1000w, https:\/\/sugar-skin.gr\/wp-content\/uploads\/2025\/07\/619a3110_ok-1_g_res.jpg 1707w\" srcset=\"https:\/\/sugar-skin.gr\/wp-content\/uploads\/2025\/07\/619a3110_ok-1_g_res-100x150.jpg 100w, https:\/\/sugar-skin.gr\/wp-content\/uploads\/2025\/07\/619a3110_ok-1_g_res-200x300.jpg 200w, https:\/\/sugar-skin.gr\/wp-content\/uploads\/2025\/07\/619a3110_ok-1_g_res-683x1024.jpg 683w, https:\/\/sugar-skin.gr\/wp-content\/uploads\/2025\/07\/619a3110_ok-1_g_res-768x1152.jpg 768w, https:\/\/sugar-skin.gr\/wp-content\/uploads\/2025\/07\/619a3110_ok-1_g_res-1024x1536.jpg 1024w, https:\/\/sugar-skin.gr\/wp-content\/uploads\/2025\/07\/619a3110_ok-1_g_res-1366x2048.jpg 1366w, https:\/\/sugar-skin.gr\/wp-content\/uploads\/2025\/07\/619a3110_ok-1_g_res-1000x1500.jpg 1000w, https:\/\/sugar-skin.gr\/wp-content\/uploads\/2025\/07\/619a3110_ok-1_g_res.jpg 1707w\" sizes=\"(max-width: 683px) 100vw, 683px\" \/>\t\t\t\t\t\t\t\t\t\t\t\t\t\t\t<\/div>\n\t\t\t\t<\/div>\n\t\t\t\t<\/div>\n\t\t\t\t<\/div>\n\t\t\t\t<\/div>\n\t\t<div class=\"elementor-element elementor-element-ab75ad5 e-con-full e-flex e-con e-child\" data-id=\"ab75ad5\" data-element_type=\"container\" data-e-type=\"container\">\n\t\t\t\t<div class=\"elementor-element elementor-element-43ca177 elementor-widget elementor-widget-video\" data-id=\"43ca177\" data-element_type=\"widget\" data-e-type=\"widget\" data-settings=\"{&quot;youtube_url&quot;:&quot;https:\\\/\\\/youtube.com\\\/shorts\\\/SvZOg0vEkos?si=ezxznwLVGc75NJIX&quot;,&quot;video_type&quot;:&quot;youtube&quot;,&quot;controls&quot;:&quot;yes&quot;}\" data-widget_type=\"video.default\">\n\t\t\t\t<div class=\"elementor-widget-container\">\n\t\t\t\t\t\t\t<div class=\"elementor-wrapper elementor-open-inline\">\n\t\t\t<div class=\"elementor-video\"><\/div>\t\t<\/div>\n\t\t\t\t\t\t<\/div>\n\t\t\t\t<\/div>\n\t\t\t\t<\/div>\n\t\t\t\t\t<\/div>\n\t\t\t\t<\/div>\n\t\t\t\t<\/div>","protected":false},"excerpt":{"rendered":"<p class=\"p1\">Gel nettoyant pour le visage enrichi d'extrait d'avocat PH, de vitamine E encapsul\u00e9e, d'aloe vera et d'eau de citron - des ingr\u00e9dients qui renforcent l'hydratation, l'\u00e9lasticit\u00e9 et la protection de la peau. Il \u00e9limine les impuret\u00e9s tout en pr\u00e9servant l'\u00e9quilibre hydrique naturel de la peau.<\/p>\n<p>Produit en Gr\u00e8ce - Produit en Gr\u00e8ce, 200 ml<\/p>","protected":false},"featured_media":17480,"comment_status":"open","ping_status":"closed","template":"","meta":{"_acf_changed":false,"_seopress_robots_primary_cat":"none","_seopress_titles_title":"","_seopress_titles_desc":"","_seopress_robots_index":"","_mo_disable_npp":""},"product_brand":[],"product_cat":[131],"product_tag":[135],"class_list":{"0":"post-15288","1":"product","2":"type-product","3":"status-publish","4":"has-post-thumbnail","6":"product_cat-skin-care","7":"product_tag-show-extra-tabs","9":"first","10":"instock","11":"shipping-taxable","12":"purchasable","13":"product-type-simple"},"acf":[],"_links":{"self":[{"href":"https:\/\/sugar-skin.gr\/fr\/wp-json\/wp\/v2\/product\/15288","targetHints":{"allow":["GET"]}}],"collection":[{"href":"https:\/\/sugar-skin.gr\/fr\/wp-json\/wp\/v2\/product"}],"about":[{"href":"https:\/\/sugar-skin.gr\/fr\/wp-json\/wp\/v2\/types\/product"}],"replies":[{"embeddable":true,"href":"https:\/\/sugar-skin.gr\/fr\/wp-json\/wp\/v2\/comments?post=15288"}],"version-history":[{"count":25,"href":"https:\/\/sugar-skin.gr\/fr\/wp-json\/wp\/v2\/product\/15288\/revisions"}],"predecessor-version":[{"id":22424,"href":"https:\/\/sugar-skin.gr\/fr\/wp-json\/wp\/v2\/product\/15288\/revisions\/22424"}],"wp:featuredmedia":[{"embeddable":true,"href":"https:\/\/sugar-skin.gr\/fr\/wp-json\/wp\/v2\/media\/17480"}],"wp:attachment":[{"href":"https:\/\/sugar-skin.gr\/fr\/wp-json\/wp\/v2\/media?parent=15288"}],"wp:term":[{"taxonomy":"product_brand","embeddable":true,"href":"https:\/\/sugar-skin.gr\/fr\/wp-json\/wp\/v2\/product_brand?post=15288"},{"taxonomy":"product_cat","embeddable":true,"href":"https:\/\/sugar-skin.gr\/fr\/wp-json\/wp\/v2\/product_cat?post=15288"},{"taxonomy":"product_tag","embeddable":true,"href":"https:\/\/sugar-skin.gr\/fr\/wp-json\/wp\/v2\/product_tag?post=15288"}],"curies":[{"name":"wp","href":"https:\/\/api.w.org\/{rel}","templated":true}]}}