{"id":15284,"date":"2025-07-30T14:28:48","date_gmt":"2025-07-30T11:28:48","guid":{"rendered":"https:\/\/sugar-skin.gr\/?post_type=product&#038;p=15284"},"modified":"2026-05-02T19:32:54","modified_gmt":"2026-05-02T16:32:54","slug":"avocado-boost-hydrating-face-cream-24h","status":"publish","type":"product","link":"https:\/\/sugar-skin.gr\/fr\/product\/avocado-boost-hydrating-face-cream-24h\/","title":{"rendered":"Cr\u00e8me visage hydratante Avocado Boost 24H"},"content":{"rendered":"<div data-elementor-type=\"product-post\" data-elementor-id=\"15284\" class=\"elementor elementor-15284\" data-elementor-post-type=\"product\">\n\t\t\t\t<div class=\"elementor-element elementor-element-efdf232 e-flex e-con-boxed e-con e-parent\" data-id=\"efdf232\" data-element_type=\"container\" data-e-type=\"container\">\n\t\t\t\t\t<div class=\"e-con-inner\">\n\t\t\t\t<div class=\"elementor-element elementor-element-317179db elementor-widget elementor-widget-text-editor\" data-id=\"317179db\" data-element_type=\"widget\" data-e-type=\"widget\" data-widget_type=\"text-editor.default\">\n\t\t\t\t<div class=\"elementor-widget-container\">\n\t\t\t\t\t\t\t\t\t<p class=\"p1\">Gel-cr\u00e8me de soin quotidien l\u00e9ger, enrichi d'huile d'avocat, de deux types d'acide hyaluronique (MMW, SMW), de panth\u00e9nol, d'\u00e9lixir et d'extrait de marguerite, de bio-oligosaccharides et de pr\u00e9biotiques, des ingr\u00e9dients qui offrent une sensation imm\u00e9diate d'hydratation et de confort, tout en am\u00e9liorant l'aspect de la peau, en la rendant plus lisse et plus \u00e9lastique, en soutenant son \u00e9quilibre naturel et son microbiome.<\/p>\r\nRespect du microbiome - Respect du microbiome\r\n<p class=\"p1\">TEST\u00c9 DERMATOLOGIQUEMENT \/ TEST\u00c9 DERMATOLOGIQUEMENT<\/p>\r\n<p class=\"p1\">50 ml \/ 1.69 fl oz<\/p>\r\n<p class=\"p1\">Produit en Gr\u00e8ce - Produit en Gr\u00e8ce<\/p>\t\t\t\t\t\t\t\t<\/div>\n\t\t\t\t<\/div>\n\t\t\t\t\t<\/div>\n\t\t\t\t<\/div>\n\t\t<div class=\"elementor-element elementor-element-6e6790b7 e-flex e-con-boxed e-con e-parent\" data-id=\"6e6790b7\" data-element_type=\"container\" data-e-type=\"container\">\n\t\t\t\t\t<div class=\"e-con-inner\">\n\t\t<div class=\"elementor-element elementor-element-4c08a114 e-con-full e-flex e-con e-child\" data-id=\"4c08a114\" data-element_type=\"container\" data-e-type=\"container\">\n\t\t<div class=\"elementor-element elementor-element-733efb38 e-con-full e-flex e-con e-child\" data-id=\"733efb38\" data-element_type=\"container\" data-e-type=\"container\">\n\t\t<div class=\"elementor-element elementor-element-71022616 e-con-full e-flex e-con e-child\" data-id=\"71022616\" data-element_type=\"container\" data-e-type=\"container\" data-settings=\"{&quot;background_background&quot;:&quot;classic&quot;}\">\n\t\t\t\t<div class=\"elementor-element elementor-element-543c9a5c elementor-widget elementor-widget-heading\" data-id=\"543c9a5c\" data-element_type=\"widget\" data-e-type=\"widget\" data-widget_type=\"heading.default\">\n\t\t\t\t<div class=\"elementor-widget-container\">\n\t\t\t\t\t<h2 class=\"elementor-heading-title elementor-size-default\">cr\u00e8me pour le visage<\/h2>\t\t\t\t<\/div>\n\t\t\t\t<\/div>\n\t\t\t\t<div class=\"elementor-element elementor-element-32a61820 elementor-widget elementor-widget-text-editor\" data-id=\"32a61820\" data-element_type=\"widget\" data-e-type=\"widget\" data-widget_type=\"text-editor.default\">\n\t\t\t\t<div class=\"elementor-widget-container\">\n\t\t\t\t\t\t\t\t\t<p>Cr\u00e8me hydratante pour le visage 24h 50ml.<\/p>\t\t\t\t\t\t\t\t<\/div>\n\t\t\t\t<\/div>\n\t\t<div class=\"elementor-element elementor-element-2b47eebb e-grid e-con-full e-con e-child\" data-id=\"2b47eebb\" data-element_type=\"container\" data-e-type=\"container\">\n\t\t\t\t<div class=\"elementor-element elementor-element-13aa666 elementor-widget elementor-widget-heading\" data-id=\"13aa666\" data-element_type=\"widget\" data-e-type=\"widget\" data-widget_type=\"heading.default\">\n\t\t\t\t<div class=\"elementor-widget-container\">\n\t\t\t\t\t<span class=\"elementor-heading-title elementor-size-default\">BON POUR :<\/span>\t\t\t\t<\/div>\n\t\t\t\t<\/div>\n\t\t\t\t<div class=\"elementor-element elementor-element-43e28fe6 elementor-widget elementor-widget-heading\" data-id=\"43e28fe6\" data-element_type=\"widget\" data-e-type=\"widget\" data-widget_type=\"heading.default\">\n\t\t\t\t<div class=\"elementor-widget-container\">\n\t\t\t\t\t<span class=\"elementor-heading-title elementor-size-default\">Tous les types de peau, en particulier les peaux d\u00e9shydrat\u00e9es, sensibles ou stress\u00e9es\n\n<\/span>\t\t\t\t<\/div>\n\t\t\t\t<\/div>\n\t\t\t\t<\/div>\n\t\t\t\t<div class=\"elementor-element elementor-element-5a575035 elementor-widget-divider--view-line elementor-widget elementor-widget-divider\" data-id=\"5a575035\" data-element_type=\"widget\" data-e-type=\"widget\" data-widget_type=\"divider.default\">\n\t\t\t\t<div class=\"elementor-widget-container\">\n\t\t\t\t\t\t\t<div class=\"elementor-divider\">\n\t\t\t<span class=\"elementor-divider-separator\">\n\t\t\t\t\t\t<\/span>\n\t\t<\/div>\n\t\t\t\t\t\t<\/div>\n\t\t\t\t<\/div>\n\t\t<div class=\"elementor-element elementor-element-5576b6da e-grid e-con-full e-con e-child\" data-id=\"5576b6da\" data-element_type=\"container\" data-e-type=\"container\">\n\t\t\t\t<div class=\"elementor-element elementor-element-244b331f elementor-widget elementor-widget-heading\" data-id=\"244b331f\" data-element_type=\"widget\" data-e-type=\"widget\" data-widget_type=\"heading.default\">\n\t\t\t\t<div class=\"elementor-widget-container\">\n\t\t\t\t\t<span class=\"elementor-heading-title elementor-size-default\">FEELS LIKE :\n\n<\/span>\t\t\t\t<\/div>\n\t\t\t\t<\/div>\n\t\t\t\t<div class=\"elementor-element elementor-element-19717f7c elementor-widget elementor-widget-heading\" data-id=\"19717f7c\" data-element_type=\"widget\" data-e-type=\"widget\" data-widget_type=\"heading.default\">\n\t\t\t\t<div class=\"elementor-widget-container\">\n\t\t\t\t\t<span class=\"elementor-heading-title elementor-size-default\">Un voile soyeux qui fond instantan\u00e9ment sur la peau<\/span>\t\t\t\t<\/div>\n\t\t\t\t<\/div>\n\t\t\t\t<\/div>\n\t\t\t\t<div class=\"elementor-element elementor-element-375665e9 elementor-widget-divider--view-line elementor-widget elementor-widget-divider\" data-id=\"375665e9\" data-element_type=\"widget\" data-e-type=\"widget\" data-widget_type=\"divider.default\">\n\t\t\t\t<div class=\"elementor-widget-container\">\n\t\t\t\t\t\t\t<div class=\"elementor-divider\">\n\t\t\t<span class=\"elementor-divider-separator\">\n\t\t\t\t\t\t<\/span>\n\t\t<\/div>\n\t\t\t\t\t\t<\/div>\n\t\t\t\t<\/div>\n\t\t<div class=\"elementor-element elementor-element-191dfa32 e-grid e-con-full e-con e-child\" data-id=\"191dfa32\" data-element_type=\"container\" data-e-type=\"container\">\n\t\t\t\t<div class=\"elementor-element elementor-element-41f3ec39 elementor-widget elementor-widget-heading\" data-id=\"41f3ec39\" data-element_type=\"widget\" data-e-type=\"widget\" data-widget_type=\"heading.default\">\n\t\t\t\t<div class=\"elementor-widget-container\">\n\t\t\t\t\t<span class=\"elementor-heading-title elementor-size-default\">SENT BON :<\/span>\t\t\t\t<\/div>\n\t\t\t\t<\/div>\n\t\t\t\t<div class=\"elementor-element elementor-element-19483549 elementor-widget elementor-widget-heading\" data-id=\"19483549\" data-element_type=\"widget\" data-e-type=\"widget\" data-widget_type=\"heading.default\">\n\t\t\t\t<div class=\"elementor-widget-container\">\n\t\t\t\t\t<span class=\"elementor-heading-title elementor-size-default\">Douce lumi\u00e8re du matin, fra\u00eeche et pure\n<\/span>\t\t\t\t<\/div>\n\t\t\t\t<\/div>\n\t\t\t\t<\/div>\n\t\t\t\t<div class=\"elementor-element elementor-element-527b575c elementor-widget-divider--view-line elementor-widget elementor-widget-divider\" data-id=\"527b575c\" data-element_type=\"widget\" data-e-type=\"widget\" data-widget_type=\"divider.default\">\n\t\t\t\t<div class=\"elementor-widget-container\">\n\t\t\t\t\t\t\t<div class=\"elementor-divider\">\n\t\t\t<span class=\"elementor-divider-separator\">\n\t\t\t\t\t\t<\/span>\n\t\t<\/div>\n\t\t\t\t\t\t<\/div>\n\t\t\t\t<\/div>\n\t\t<div class=\"elementor-element elementor-element-676403fd e-grid e-con-full e-con e-child\" data-id=\"676403fd\" data-element_type=\"container\" data-e-type=\"container\">\n\t\t\t\t<div class=\"elementor-element elementor-element-22a415ff elementor-widget elementor-widget-heading\" data-id=\"22a415ff\" data-element_type=\"widget\" data-e-type=\"widget\" data-widget_type=\"heading.default\">\n\t\t\t\t<div class=\"elementor-widget-container\">\n\t\t\t\t\t<span class=\"elementor-heading-title elementor-size-default\">POUR INFORMATION :<\/span>\t\t\t\t<\/div>\n\t\t\t\t<\/div>\n\t\t\t\t<div class=\"elementor-element elementor-element-2f76beaa elementor-widget elementor-widget-heading\" data-id=\"2f76beaa\" data-element_type=\"widget\" data-e-type=\"widget\" data-widget_type=\"heading.default\">\n\t\t\t\t<div class=\"elementor-widget-container\">\n\t\t\t\t\t<span class=\"elementor-heading-title elementor-size-default\">Test\u00e9 dermatologiquement\nVegan , Cruelty free , Gluten free , Microbiome friendly , sans parab\u00e8nes , sans sulfates , sans huiles min\u00e9rales .<\/span>\t\t\t\t<\/div>\n\t\t\t\t<\/div>\n\t\t\t\t<\/div>\n\t\t\t\t<\/div>\n\t\t\t\t<\/div>\n\t\t<div class=\"elementor-element elementor-element-10824d29 e-con-full e-flex e-con e-child\" data-id=\"10824d29\" data-element_type=\"container\" data-e-type=\"container\">\n\t\t<div class=\"elementor-element elementor-element-448b3899 e-con-full e-flex e-con e-child\" data-id=\"448b3899\" data-element_type=\"container\" data-e-type=\"container\">\n\t\t\t\t<div class=\"elementor-element elementor-element-bb5af28 elementor-widget elementor-widget-image\" data-id=\"bb5af28\" data-element_type=\"widget\" data-e-type=\"widget\" data-widget_type=\"image.default\">\n\t\t\t\t<div class=\"elementor-widget-container\">\n\t\t\t\t\t\t\t\t\t\t\t\t\t\t\t<img fetchpriority=\"high\" decoding=\"async\" width=\"683\" height=\"1024\" src=\"https:\/\/sugar-skin.gr\/wp-content\/uploads\/2025\/07\/facetune_29-09-2025-17-46-52-100x150.jpg\" class=\"attachment-large size-large wp-image-17464 et-lazyload lazyload\" alt=\"cr\u00e8me hydratante pour le visage \u00e0 l&#039;avocat 24h\" data-src=\"https:\/\/sugar-skin.gr\/wp-content\/uploads\/2025\/07\/facetune_29-09-2025-17-46-52-683x1024.jpg\" data-sizes=\"(max-width: 683px) 100vw, 683px\" data-srcset=\"https:\/\/sugar-skin.gr\/wp-content\/uploads\/2025\/07\/facetune_29-09-2025-17-46-52-683x1024.jpg 683w, https:\/\/sugar-skin.gr\/wp-content\/uploads\/2025\/07\/facetune_29-09-2025-17-46-52-200x300.jpg 200w, https:\/\/sugar-skin.gr\/wp-content\/uploads\/2025\/07\/facetune_29-09-2025-17-46-52-768x1152.jpg 768w, https:\/\/sugar-skin.gr\/wp-content\/uploads\/2025\/07\/facetune_29-09-2025-17-46-52-1024x1536.jpg 1024w, https:\/\/sugar-skin.gr\/wp-content\/uploads\/2025\/07\/facetune_29-09-2025-17-46-52-1365x2048.jpg 1365w, https:\/\/sugar-skin.gr\/wp-content\/uploads\/2025\/07\/facetune_29-09-2025-17-46-52-100x150.jpg 100w, https:\/\/sugar-skin.gr\/wp-content\/uploads\/2025\/07\/facetune_29-09-2025-17-46-52-1000x1500.jpg 1000w\" srcset=\"https:\/\/sugar-skin.gr\/wp-content\/uploads\/2025\/07\/facetune_29-09-2025-17-46-52-100x150.jpg 100w, https:\/\/sugar-skin.gr\/wp-content\/uploads\/2025\/07\/facetune_29-09-2025-17-46-52-200x300.jpg 200w, https:\/\/sugar-skin.gr\/wp-content\/uploads\/2025\/07\/facetune_29-09-2025-17-46-52-683x1024.jpg 683w, https:\/\/sugar-skin.gr\/wp-content\/uploads\/2025\/07\/facetune_29-09-2025-17-46-52-768x1152.jpg 768w, https:\/\/sugar-skin.gr\/wp-content\/uploads\/2025\/07\/facetune_29-09-2025-17-46-52-1024x1536.jpg 1024w, https:\/\/sugar-skin.gr\/wp-content\/uploads\/2025\/07\/facetune_29-09-2025-17-46-52-1365x2048.jpg 1365w, https:\/\/sugar-skin.gr\/wp-content\/uploads\/2025\/07\/facetune_29-09-2025-17-46-52-1000x1500.jpg 1000w\" sizes=\"(max-width: 683px) 100vw, 683px\" \/>\t\t\t\t\t\t\t\t\t\t\t\t\t\t\t<\/div>\n\t\t\t\t<\/div>\n\t\t\t\t<\/div>\n\t\t\t\t<\/div>\n\t\t\t\t<\/div>\n\t\t<div class=\"elementor-element elementor-element-43341577 e-con-full e-flex e-con e-child\" data-id=\"43341577\" data-element_type=\"container\" data-e-type=\"container\">\n\t\t\t\t<div class=\"elementor-element elementor-element-35763882 elementor-widget elementor-widget-video\" data-id=\"35763882\" data-element_type=\"widget\" data-e-type=\"widget\" data-settings=\"{&quot;youtube_url&quot;:&quot;https:\\\/\\\/youtube.com\\\/shorts\\\/cIyDDXEcaHY?si=W9CsO0Rv9DDo0rg-&quot;,&quot;video_type&quot;:&quot;youtube&quot;,&quot;controls&quot;:&quot;yes&quot;}\" data-widget_type=\"video.default\">\n\t\t\t\t<div class=\"elementor-widget-container\">\n\t\t\t\t\t\t\t<div class=\"elementor-wrapper elementor-open-inline\">\n\t\t\t<div class=\"elementor-video\"><\/div>\t\t<\/div>\n\t\t\t\t\t\t<\/div>\n\t\t\t\t<\/div>\n\t\t\t\t<\/div>\n\t\t\t\t\t<\/div>\n\t\t\t\t<\/div>\n\t\t\t\t<\/div>","protected":false},"excerpt":{"rendered":"<p class=\"p1\">Gel-cr\u00e8me de soin quotidien l\u00e9ger, enrichi d'huile d'avocat, de deux types d'acide hyaluronique (MMW, SMW), de panth\u00e9nol, d'\u00e9lixir et d'extrait de marguerite, de bio-oligosaccharides et de pr\u00e9biotiques, des ingr\u00e9dients qui offrent une sensation imm\u00e9diate d'hydratation et de confort, tout en am\u00e9liorant l'aspect de la peau, en la rendant plus lisse et plus \u00e9lastique, en soutenant son \u00e9quilibre naturel et son microbiome.<\/p>\n<p class=\"p1\">Respect du microbiome - Respect du microbiome<\/p>\n<p class=\"p1\">TEST\u00c9 DERMATOLOGIQUEMENT \/ TEST\u00c9 DERMATOLOGIQUEMENT<\/p>\n<p class=\"p1\">50 ml \/ 1.69 fl oz<\/p>\n<p class=\"p1\">Produit en Gr\u00e8ce - Produit en Gr\u00e8ce<\/p>","protected":false},"featured_media":17490,"comment_status":"open","ping_status":"closed","template":"","meta":{"_acf_changed":false,"_seopress_robots_primary_cat":"none","_seopress_titles_title":"","_seopress_titles_desc":"","_seopress_robots_index":"","_mo_disable_npp":""},"product_brand":[],"product_cat":[131],"product_tag":[135],"class_list":{"0":"post-15284","1":"product","2":"type-product","3":"status-publish","4":"has-post-thumbnail","6":"product_cat-skin-care","7":"product_tag-show-extra-tabs","9":"first","10":"instock","11":"shipping-taxable","12":"purchasable","13":"product-type-simple"},"acf":[],"_links":{"self":[{"href":"https:\/\/sugar-skin.gr\/fr\/wp-json\/wp\/v2\/product\/15284","targetHints":{"allow":["GET"]}}],"collection":[{"href":"https:\/\/sugar-skin.gr\/fr\/wp-json\/wp\/v2\/product"}],"about":[{"href":"https:\/\/sugar-skin.gr\/fr\/wp-json\/wp\/v2\/types\/product"}],"replies":[{"embeddable":true,"href":"https:\/\/sugar-skin.gr\/fr\/wp-json\/wp\/v2\/comments?post=15284"}],"version-history":[{"count":20,"href":"https:\/\/sugar-skin.gr\/fr\/wp-json\/wp\/v2\/product\/15284\/revisions"}],"predecessor-version":[{"id":22425,"href":"https:\/\/sugar-skin.gr\/fr\/wp-json\/wp\/v2\/product\/15284\/revisions\/22425"}],"wp:featuredmedia":[{"embeddable":true,"href":"https:\/\/sugar-skin.gr\/fr\/wp-json\/wp\/v2\/media\/17490"}],"wp:attachment":[{"href":"https:\/\/sugar-skin.gr\/fr\/wp-json\/wp\/v2\/media?parent=15284"}],"wp:term":[{"taxonomy":"product_brand","embeddable":true,"href":"https:\/\/sugar-skin.gr\/fr\/wp-json\/wp\/v2\/product_brand?post=15284"},{"taxonomy":"product_cat","embeddable":true,"href":"https:\/\/sugar-skin.gr\/fr\/wp-json\/wp\/v2\/product_cat?post=15284"},{"taxonomy":"product_tag","embeddable":true,"href":"https:\/\/sugar-skin.gr\/fr\/wp-json\/wp\/v2\/product_tag?post=15284"}],"curies":[{"name":"wp","href":"https:\/\/api.w.org\/{rel}","templated":true}]}}