{"id":12991,"date":"2025-05-29T23:11:38","date_gmt":"2025-05-29T20:11:38","guid":{"rendered":"https:\/\/sugar-skin.gr\/?post_type=product&#038;p=12991"},"modified":"2026-05-02T14:43:26","modified_gmt":"2026-05-02T11:43:26","slug":"luminous-roller-liquid-highlighter","status":"publish","type":"product","link":"https:\/\/sugar-skin.gr\/fr\/product\/luminous-roller-liquid-highlighter\/","title":{"rendered":"Luminous Roller Liquid Highlighter"},"content":{"rendered":"<p class=\"s28\"><span class=\"s27\">FR<\/span><span class=\"s27\">: \u00a0<\/span><span class=\"s27\">Surligneur<\/span> <span class=\"s27\">\u00e0<\/span> <span class=\"s27\">Humide<\/span> <span class=\"s27\">formulaire<\/span> <span class=\"s27\">sur<\/span> <span class=\"s27\">luminosit\u00e9 que<\/span> <span class=\"s27\">dure<\/span><span class=\"s27\">. Il offre un aspect naturel et brillant sans alt\u00e9rer le maquillage. L\u00e9ger et sans <\/span><span class=\"s27\">paillettes<\/span><span class=\"s27\">, La couleur de la peau, id\u00e9ale pour un look parfait \u00e0 chaque fois.<\/span><\/p>\n<p class=\"s28\"><span class=\"s27\">EN : \u00a0<\/span> <span class=\"s27\">Highlighter liquide pour rehausser l'\u00e9clat. L'applicateur roller innovant permet d'obtenir un \u00e9clat lisse et lumineux sans perturber le maquillage. L\u00e9ger et sans paillettes, il offre un fini naturel et ros\u00e9 pour une perfection en d\u00e9placement.<\/span><\/p>\n<p class=\"s6\">PR\u00c9CAUTIONS : Utilisation \u00e0 l'ext\u00e9rieur. \u00c9viter le contour des yeux. Conserver dans un endroit frais et ombrag\u00e9, hors de port\u00e9e des enfants. En cas d'ingestion, appeler le centre antipoison : 2107793777<\/p>\n<p class=\"s6\">AVERTISSEMENTS : Usage externe uniquement, \u00e9viter le contact avec les yeux.  Conserver dans un endroit sombre et frais et hors de port\u00e9e des enfants. <span class=\"s36\">En cas d'ingestion, appeler le centre antipoison : <\/span><span class=\"s36\">+30<\/span><span class=\"s36\">210 7793777<\/span><\/p>","protected":false},"excerpt":{"rendered":"<p>EL: \u00a0Highlighter \u03c3\u03b5 \u03c5\u03b3\u03c1\u03ae \u03bc\u03bf\u03c1\u03c6\u03ae \u03b3\u03b9\u03b1 \u03c6\u03c9\u03c4\u03b5\u03b9\u03bd\u03cc\u03c4\u03b7\u03c4\u03b1 \u03c0\u03bf\u03c5 \u03b4\u03b9\u03b1\u03c1\u03ba\u03b5\u03af. \u03a0\u03c1\u03bf\u03c3\u03c6\u03ad\u03c1\u03b5\u03b9 \u03c6\u03c5\u03c3\u03b9\u03ba\u03ae, \u03bb\u03b1\u03bc\u03c0\u03b5\u03c1\u03ae \u03cc\u03c8\u03b7 \u03c7\u03c9\u03c1\u03af\u03c2 \u03bd\u03b1 \u03b1\u03bb\u03bb\u03bf\u03b9\u03ce\u03bd\u03b5\u03b9 \u03c4\u03bf \u03bc\u03b1\u03ba\u03b9\u03b3\u03b9\u03ac\u03b6. \u0391\u03bd\u03ac\u03bb\u03b1\u03c6\u03c1\u03bf \u03ba\u03b1\u03b9 \u03c7\u03c9\u03c1\u03af\u03c2 glitter, \u03b9\u03b4\u03b1\u03bd\u03b9\u03ba\u03cc \u03b3\u03b9\u03b1 \u03c4\u03ad\u03bb\u03b5\u03b9\u03b1 \u03b5\u03bc\u03c6\u03ac\u03bd\u03b9\u03c3\u03b7 \u03ba\u03ac\u03b8\u03b5 \u03c3\u03c4\u03b9\u03b3\u03bc\u03ae. EN: \u00a0 Liquid Highlighter for radiance enhancing. The innovative rollerball applicator delivers a smooth, luminous glow without disrupting makeup. Lightweight and glitter [&hellip;]<\/p>\n","protected":false},"featured_media":22488,"comment_status":"closed","ping_status":"closed","template":"","meta":{"_acf_changed":false,"_seopress_robots_primary_cat":"none","_seopress_titles_title":"","_seopress_titles_desc":"","_seopress_robots_index":"","_mo_disable_npp":""},"product_brand":[],"product_cat":[132],"product_tag":[135],"class_list":{"0":"post-12991","1":"product","2":"type-product","3":"status-publish","4":"has-post-thumbnail","6":"product_cat-lip-cheek","7":"product_tag-show-extra-tabs","9":"first","10":"instock","11":"shipping-taxable","12":"purchasable","13":"product-type-variable"},"acf":[],"_links":{"self":[{"href":"https:\/\/sugar-skin.gr\/fr\/wp-json\/wp\/v2\/product\/12991","targetHints":{"allow":["GET"]}}],"collection":[{"href":"https:\/\/sugar-skin.gr\/fr\/wp-json\/wp\/v2\/product"}],"about":[{"href":"https:\/\/sugar-skin.gr\/fr\/wp-json\/wp\/v2\/types\/product"}],"replies":[{"embeddable":true,"href":"https:\/\/sugar-skin.gr\/fr\/wp-json\/wp\/v2\/comments?post=12991"}],"version-history":[{"count":6,"href":"https:\/\/sugar-skin.gr\/fr\/wp-json\/wp\/v2\/product\/12991\/revisions"}],"predecessor-version":[{"id":22489,"href":"https:\/\/sugar-skin.gr\/fr\/wp-json\/wp\/v2\/product\/12991\/revisions\/22489"}],"wp:featuredmedia":[{"embeddable":true,"href":"https:\/\/sugar-skin.gr\/fr\/wp-json\/wp\/v2\/media\/22488"}],"wp:attachment":[{"href":"https:\/\/sugar-skin.gr\/fr\/wp-json\/wp\/v2\/media?parent=12991"}],"wp:term":[{"taxonomy":"product_brand","embeddable":true,"href":"https:\/\/sugar-skin.gr\/fr\/wp-json\/wp\/v2\/product_brand?post=12991"},{"taxonomy":"product_cat","embeddable":true,"href":"https:\/\/sugar-skin.gr\/fr\/wp-json\/wp\/v2\/product_cat?post=12991"},{"taxonomy":"product_tag","embeddable":true,"href":"https:\/\/sugar-skin.gr\/fr\/wp-json\/wp\/v2\/product_tag?post=12991"}],"curies":[{"name":"wp","href":"https:\/\/api.w.org\/{rel}","templated":true}]}}