{"id":4138,"date":"2024-05-23T10:18:45","date_gmt":"2024-05-23T07:18:45","guid":{"rendered":"https:\/\/sugar-skin.gr\/?page_id=4138"},"modified":"2024-05-23T10:23:07","modified_gmt":"2024-05-23T07:23:07","slug":"sxetika-me-emas","status":"publish","type":"page","link":"https:\/\/sugar-skin.gr\/fr\/sxetika-me-emas\/","title":{"rendered":"A propos de nous"},"content":{"rendered":"<div data-elementor-type=\"wp-page\" data-elementor-id=\"4138\" class=\"elementor elementor-4138\" data-elementor-post-type=\"page\">\n\t\t\t\t<div class=\"elementor-element elementor-element-c125c6b e-grid e-con-boxed e-con e-parent\" data-id=\"c125c6b\" data-element_type=\"container\" data-e-type=\"container\">\n\t\t\t\t\t<div class=\"e-con-inner\">\n\t\t<div class=\"elementor-element elementor-element-5d9712d e-con-full e-flex e-con e-child\" data-id=\"5d9712d\" data-element_type=\"container\" data-e-type=\"container\" data-settings=\"{&quot;background_background&quot;:&quot;classic&quot;}\">\n\t\t\t\t<div class=\"elementor-element elementor-element-fdcd2ec elementor-widget elementor-widget-heading\" data-id=\"fdcd2ec\" data-element_type=\"widget\" data-e-type=\"widget\" data-widget_type=\"heading.default\">\n\t\t\t\t<div class=\"elementor-widget-container\">\n\t\t\t\t\t<h1 class=\"elementor-heading-title elementor-size-default\">Notre histoire <\/h1>\t\t\t\t<\/div>\n\t\t\t\t<\/div>\n\t\t\t\t<div class=\"elementor-element elementor-element-5cedadf elementor-widget-divider--view-line elementor-widget elementor-widget-divider\" data-id=\"5cedadf\" data-element_type=\"widget\" data-e-type=\"widget\" data-widget_type=\"divider.default\">\n\t\t\t\t<div class=\"elementor-widget-container\">\n\t\t\t\t\t\t\t<div class=\"elementor-divider\">\n\t\t\t<span class=\"elementor-divider-separator\">\n\t\t\t\t\t\t<\/span>\n\t\t<\/div>\n\t\t\t\t\t\t<\/div>\n\t\t\t\t<\/div>\n\t\t\t\t<div class=\"elementor-element elementor-element-b24cbc2 elementor-widget elementor-widget-text-editor\" data-id=\"b24cbc2\" data-element_type=\"widget\" data-e-type=\"widget\" data-widget_type=\"text-editor.default\">\n\t\t\t\t<div class=\"elementor-widget-container\">\n\t\t\t\t\t\t\t\t\t<p>Nous sommes Garifalia et Ioanna, deux femmes pleines de passion et de r\u00eaves pour notre propre am\u00e9lioration, deux femmes, amies, partenaires qui sont unies par quelque chose, quelque chose de plus profond, peut-\u00eatre un chemin commun, des exp\u00e9riences communes que personne n'expliquera. .<\/p><p>Apr\u00e8s 1,5 ann\u00e9e de recherche et de d\u00e9veloppement, nous sommes s\u00fbrs de vous surprendre.<\/p><p>Notre entreprise est n\u00e9e d'un amour tendre pour les soins de la peau. . <br \/>Apr\u00e8s m\u00fbre r\u00e9flexion, nous avons voulu que notre entreprise d\u00e9coule d'un doux souvenir que laisseront ceux qui choisiront nos produits. . <br \/>Apr\u00e8s un an de r\u00e9flexion et de nombreuses r\u00e9unions, la peau de sucre est n\u00e9e. . <br \/>Ce \u00e0 quoi Garifalia a pens\u00e9 en \u00e9coutant l'une de ses chansons pr\u00e9f\u00e9r\u00e9es lors d'un beau voyage. .<br \/>SU = Je suis ( L'\u00eatre refl\u00e8te ce qui est. Il d\u00e9rive du verbe \u00ab\u03b5\u03b9\u03bc\u03af\u00bb (je suis, latin esse) et est un concept philosophique, qui exprime et contient tous les concepts de l'existence, du pr\u00e9-\u00e9crit, du tout, et de la divinit\u00e9 supr\u00eame).<br \/>GAR = @garifalia.caliphoni <br \/>Un dernier concept est celui de sugar qui signifie sucre ou d\u00e9note un go\u00fbt sucr\u00e9. .<\/p>\t\t\t\t\t\t\t\t<\/div>\n\t\t\t\t<\/div>\n\t\t\t\t<\/div>\n\t\t<div class=\"elementor-element elementor-element-3e2cf7a e-con-full e-flex e-con e-child\" data-id=\"3e2cf7a\" data-element_type=\"container\" data-e-type=\"container\">\n\t\t\t\t<div class=\"elementor-element elementor-element-6fde43c elementor-widget elementor-widget-image\" data-id=\"6fde43c\" data-element_type=\"widget\" data-e-type=\"widget\" data-widget_type=\"image.default\">\n\t\t\t\t<div class=\"elementor-widget-container\">\n\t\t\t\t\t\t\t\t\t\t\t\t\t\t\t<img fetchpriority=\"high\" decoding=\"async\" width=\"682\" height=\"1024\" src=\"https:\/\/sugar-skin.gr\/wp-content\/uploads\/2024\/05\/IMG_5019-100x150.jpg\" class=\"attachment-large size-large wp-image-4016 et-lazyload lazyload\" alt=\"\" data-src=\"https:\/\/sugar-skin.gr\/wp-content\/uploads\/2024\/05\/IMG_5019-682x1024.jpg\" data-sizes=\"(max-width: 682px) 100vw, 682px\" data-srcset=\"https:\/\/sugar-skin.gr\/wp-content\/uploads\/2024\/05\/IMG_5019-682x1024.jpg.webp 682w, https:\/\/sugar-skin.gr\/wp-content\/uploads\/2024\/05\/IMG_5019-1000x1503.jpg.webp 1000w, https:\/\/sugar-skin.gr\/wp-content\/uploads\/2024\/05\/IMG_5019-200x300.jpg.webp 200w, https:\/\/sugar-skin.gr\/wp-content\/uploads\/2024\/05\/IMG_5019-768x1154.jpg.webp 768w, https:\/\/sugar-skin.gr\/wp-content\/uploads\/2024\/05\/IMG_5019-1022x1536.jpg.webp 1022w, https:\/\/sugar-skin.gr\/wp-content\/uploads\/2024\/05\/IMG_5019-100x150.jpg.webp 100w, https:\/\/sugar-skin.gr\/wp-content\/uploads\/2024\/05\/IMG_5019.jpg.webp 1198w\" srcset=\"https:\/\/sugar-skin.gr\/wp-content\/uploads\/2024\/05\/IMG_5019-100x150.jpg 100w, https:\/\/sugar-skin.gr\/wp-content\/uploads\/2024\/05\/IMG_5019-1000x1503.jpg 1000w, https:\/\/sugar-skin.gr\/wp-content\/uploads\/2024\/05\/IMG_5019-200x300.jpg 200w, https:\/\/sugar-skin.gr\/wp-content\/uploads\/2024\/05\/IMG_5019-682x1024.jpg 682w, https:\/\/sugar-skin.gr\/wp-content\/uploads\/2024\/05\/IMG_5019-768x1154.jpg 768w, https:\/\/sugar-skin.gr\/wp-content\/uploads\/2024\/05\/IMG_5019-1022x1536.jpg 1022w, https:\/\/sugar-skin.gr\/wp-content\/uploads\/2024\/05\/IMG_5019.jpg 1198w\" sizes=\"(max-width: 682px) 100vw, 682px\" \/>\t\t\t\t\t\t\t\t\t\t\t\t\t\t\t<\/div>\n\t\t\t\t<\/div>\n\t\t\t\t<\/div>\n\t\t\t\t\t<\/div>\n\t\t\t\t<\/div>\n\t\t\t\t<\/div>","protected":false},"excerpt":{"rendered":"<p>Our story \u0395\u03af\u03bc\u03b1\u03c3\u03c4\u03b5 \u03b7 \u0393\u03b1\u03c1\u03c5\u03c6\u03b1\u03bb\u03b9\u03ac \u03ba\u03b1\u03b9 \u03b7 \u0399\u03c9\u03ac\u03bd\u03bd\u03b1 \u03b4\u03c5\u03bf \u03b3\u03c5\u03bd\u03b1\u03af\u03ba\u03b5\u03c2 \u03b3\u03b5\u03bc\u03ac\u03c4\u03b5\u03c2 \u03c0\u03ac\u03b8\u03bf\u03c2 \u03ba\u03b1\u03b9 \u03cc\u03bd\u03b5\u03b9\u03c1\u03b1 \u03b3\u03b9\u03b1 \u03c4\u03b7\u03bd \u03b1\u03c5\u03c4\u03cc \u03b2\u03b5\u03bb\u03c4\u03af\u03c9\u03c3\u03b7 \u03bc\u03b1\u03c2 , \u03b4\u03c5\u03bf \u03b3\u03c5\u03bd\u03b1\u03af\u03ba\u03b5\u03c2 , \u03c6\u03af\u03bb\u03b5\u03c2 , \u03c3\u03c5\u03bd\u03b5\u03c1\u03b3\u03ac\u03c4\u03b5\u03c2 \u03c0\u03bf\u03c5 \u03bc\u03b1\u03c2 \u03b5\u03bd\u03ce\u03bd\u03b5\u03b9 \u03ba\u03ac\u03c4\u03b9, \u03ba\u03ac\u03c4\u03b9 \u03b2\u03b1\u03b8\u03cd\u03c4\u03b5\u03c1\u03bf, \u03af\u03c3\u03c9\u03c2 \u03bc\u03b9\u03b1 \u03ba\u03bf\u03b9\u03bd\u03ae \u03c0\u03bf\u03c1\u03b5\u03af\u03b1 , \u03ba\u03bf\u03b9\u03bd\u03ac \u03b2\u03b9\u03ce\u03bc\u03b1\u03c4\u03b1 \u03c0\u03bf\u03c5 \u03ba\u03b1\u03bd\u03b5\u03af\u03c2 \u03b4\u03b5\u03bd \u03b8\u03b1 \u03b5\u03be\u03b7\u03b3\u03ae\u03c3\u03b5\u03b9 . \u039c\u03ad\u03c4\u03b1 \u03b1\u03c0\u03cc 1,5 \u03c7\u03c1\u03cc\u03bd\u03bf \u03ad\u03c1\u03b5\u03c5\u03bd\u03b1\u03c2 [&hellip;]<\/p>\n","protected":false},"author":1,"featured_media":0,"parent":0,"menu_order":0,"comment_status":"closed","ping_status":"closed","template":"elementor_header_footer","meta":{"_acf_changed":false,"_seopress_robots_primary_cat":"","_seopress_titles_title":"","_seopress_titles_desc":"","_seopress_robots_index":"","_mo_disable_npp":"","footnotes":""},"class_list":["post-4138","page","type-page","status-publish"],"acf":[],"_links":{"self":[{"href":"https:\/\/sugar-skin.gr\/fr\/wp-json\/wp\/v2\/pages\/4138","targetHints":{"allow":["GET"]}}],"collection":[{"href":"https:\/\/sugar-skin.gr\/fr\/wp-json\/wp\/v2\/pages"}],"about":[{"href":"https:\/\/sugar-skin.gr\/fr\/wp-json\/wp\/v2\/types\/page"}],"author":[{"embeddable":true,"href":"https:\/\/sugar-skin.gr\/fr\/wp-json\/wp\/v2\/users\/1"}],"replies":[{"embeddable":true,"href":"https:\/\/sugar-skin.gr\/fr\/wp-json\/wp\/v2\/comments?post=4138"}],"version-history":[{"count":5,"href":"https:\/\/sugar-skin.gr\/fr\/wp-json\/wp\/v2\/pages\/4138\/revisions"}],"predecessor-version":[{"id":4146,"href":"https:\/\/sugar-skin.gr\/fr\/wp-json\/wp\/v2\/pages\/4138\/revisions\/4146"}],"wp:attachment":[{"href":"https:\/\/sugar-skin.gr\/fr\/wp-json\/wp\/v2\/media?parent=4138"}],"curies":[{"name":"wp","href":"https:\/\/api.w.org\/{rel}","templated":true}]}}