{"id":3454,"date":"2024-03-21T14:55:46","date_gmt":"2024-03-21T12:55:46","guid":{"rendered":"https:\/\/sugar-skin.gr\/?post_type=product&#038;p=3454"},"modified":"2026-05-04T00:19:38","modified_gmt":"2026-05-03T21:19:38","slug":"lip-and-cheek-6gr","status":"publish","type":"product","link":"https:\/\/sugar-skin.gr\/de\/product\/lip-and-cheek-6gr\/","title":{"rendered":"Lippe + Wange"},"content":{"rendered":"<p style=\"text-align: center\">Lippen und Wangen 3gr<\/p>\n<p>2-in-1-Mehrzweck-Stick, der den Lippen und Wangenknochen Farbe verleiht (Farbton mit anpassbarer Intensit\u00e4t). Angereichert mit Hyalurons\u00e4ure, Avocado\u00f6l, Aprikosen\u00f6l, Kakaobutter und Vitamin E f\u00fcr ultimative Hydratation.<br \/>\n2-in-1-Mehrzweckstift, der Lippen und Wangenknochen Farbe verleiht (Farbton mit einstellbarer Intensit\u00e4t), angereichert mit Hyalurons\u00e4ure, Avocado\u00f6l, Aprikosen\u00f6l, Kakaobutter und Vitamin E f\u00fcr ultimative Feuchtigkeit.<\/p>","protected":false},"excerpt":{"rendered":"<p>2-in-1-Mehrzweck-Stick, der den Lippen und Wangenknochen Farbe verleiht (Farbton mit anpassbarer Intensit\u00e4t). Angereichert mit Hyalurons\u00e4ure, Avocado\u00f6l, Aprikosen\u00f6l, Kakaobutter und Vitamin E f\u00fcr ultimative Hydratation. In drei verschiedenen Farben f\u00fcr ein nat\u00fcrliches Gef\u00fchl auf Lippen und Wangenknochen. .<\/p>\n<p>2 in 1 Mehrzweckstift, der Lippen und Wangenknochen Farbe verleiht (Farbton mit einstellbarer Intensit\u00e4t), angereichert mit Hyalurons\u00e4ure, Avocado\u00f6l, Aprikosen\u00f6l, Kakaobutter und Vitamin E f\u00fcr ultimative HydratationIn drei verschiedenen Farbt\u00f6nen f\u00fcr eine nat\u00fcrliche T\u00f6nung von Wangen und Lippen.<\/p>","protected":false},"featured_media":22481,"comment_status":"closed","ping_status":"closed","template":"","meta":{"_acf_changed":false,"_seopress_robots_primary_cat":"none","_seopress_titles_title":"","_seopress_titles_desc":"","_seopress_robots_index":"","_mo_disable_npp":""},"product_brand":[],"product_cat":[132],"product_tag":[135],"class_list":{"0":"post-3454","1":"product","2":"type-product","3":"status-publish","4":"has-post-thumbnail","6":"product_cat-lip-cheek","7":"product_tag-show-extra-tabs","9":"first","10":"instock","11":"shipping-taxable","12":"purchasable","13":"product-type-variable"},"acf":[],"_links":{"self":[{"href":"https:\/\/sugar-skin.gr\/de\/wp-json\/wp\/v2\/product\/3454","targetHints":{"allow":["GET"]}}],"collection":[{"href":"https:\/\/sugar-skin.gr\/de\/wp-json\/wp\/v2\/product"}],"about":[{"href":"https:\/\/sugar-skin.gr\/de\/wp-json\/wp\/v2\/types\/product"}],"replies":[{"embeddable":true,"href":"https:\/\/sugar-skin.gr\/de\/wp-json\/wp\/v2\/comments?post=3454"}],"version-history":[{"count":15,"href":"https:\/\/sugar-skin.gr\/de\/wp-json\/wp\/v2\/product\/3454\/revisions"}],"predecessor-version":[{"id":24705,"href":"https:\/\/sugar-skin.gr\/de\/wp-json\/wp\/v2\/product\/3454\/revisions\/24705"}],"wp:featuredmedia":[{"embeddable":true,"href":"https:\/\/sugar-skin.gr\/de\/wp-json\/wp\/v2\/media\/22481"}],"wp:attachment":[{"href":"https:\/\/sugar-skin.gr\/de\/wp-json\/wp\/v2\/media?parent=3454"}],"wp:term":[{"taxonomy":"product_brand","embeddable":true,"href":"https:\/\/sugar-skin.gr\/de\/wp-json\/wp\/v2\/product_brand?post=3454"},{"taxonomy":"product_cat","embeddable":true,"href":"https:\/\/sugar-skin.gr\/de\/wp-json\/wp\/v2\/product_cat?post=3454"},{"taxonomy":"product_tag","embeddable":true,"href":"https:\/\/sugar-skin.gr\/de\/wp-json\/wp\/v2\/product_tag?post=3454"}],"curies":[{"name":"wp","href":"https:\/\/api.w.org\/{rel}","templated":true}]}}