{"id":24251,"date":"2026-04-06T16:20:04","date_gmt":"2026-04-06T13:20:04","guid":{"rendered":"https:\/\/sugar-skin.gr\/?post_type=product&#038;p=24251"},"modified":"2026-04-24T18:17:22","modified_gmt":"2026-04-24T15:17:22","slug":"peach-sorbet-mocha-nude","status":"publish","type":"product","link":"https:\/\/sugar-skin.gr\/de\/product\/peach-sorbet-mocha-nude\/","title":{"rendered":"Peach sorbet + Mocha nude"},"content":{"rendered":"<p><span class=\"s8\">Lip contour\u00a0 Long Lasting Mocha Mocha Nude + Hyaluronic lip oil with Vitamin E &amp; Castor Oil Peach Sorbet<\/span><\/p>\n<p>Lippenkontur \u00a0<span class=\"s8\">Mokka Nackt<\/span> \u00a0:\u00a0 \u039c\u03bf\u03bb\u03cd\u03b2\u03b9 <span class=\"s8\">\u03c7\u03b5\u03b9\u03bb\u03b9\u03ce\u03bd \u03b3\u03b9\u03b1 \u03c4\u03bf\u03bd \u03c3\u03c7\u03b5\u03b4\u03b9\u03b1\u03c3\u03bc\u03cc \u03c0\u03b5\u03c1\u03b9\u03b3\u03c1\u03ac\u03bc\u03bc\u03b1\u03c4\u03bf\u03c2,<\/span>\u00a0<span class=\"s8\">dass\u00a0<\/span><span class=\"s8\">URL<\/span><span class=\"s8\">Hallo<\/span><span class=\"s8\">\u00a0und Stress<\/span><span class=\"s8\">Hallo\u00a0<\/span><span class=\"s8\">die nat\u00fcrliche Form<\/span><span class=\"s8\">\u00a0ihre<\/span><span class=\"s8\">.<br \/>\n<\/span>ANWENDUNGSHINWEISE: Zeichnen Sie die Umrisse Ihrer Lippenform oder f\u00fcllen Sie Ihre Lippen aus, bevor Sie Ihr bevorzugtes Lippenprodukt auftragen.<\/p>\n<p>Hyalurons\u00e4ure-Lippen\u00f6l mit Vitamin E und Rizinus\u00f6l <span class=\"s8\">Peach Sorbet<\/span> Feuchtigkeitsspendendes Lippen\u00f6l mit Hyalurons\u00e4ure, Vitamin E und Rizinus\u00f6l, das die Lippen n\u00e4hrt, sch\u00fctzt und ihnen einen sanften Glanz verleiht. Die leichte Formel schlie\u00dft die Feuchtigkeit ein und macht die Lippen glatt und prall.<\/p>\n<h1 class=\"product_title entry-title\" data-no-translation=\"\"><\/h1>","protected":false},"excerpt":{"rendered":"<p><strong data-start=\"104\" data-end=\"119\">Holen Sie sich das Duo<\/strong><br data-start=\"119\" data-end=\"122\" \/>Zwei Produkte, die perfekt zusammenarbeiten.<br data-start=\"162\" data-end=\"165\" data-is-only-node=\"\" \/>Die <strong data-start=\"168\" data-end=\"183\">Holen Sie sich das Duo<\/strong> Die Kombinationen von Sugar Skin sind f\u00fcr eine einfache Auswahl und vollst\u00e4ndige Ergebnisse konzipiert. Sorgf\u00e4ltig kombinierte Farbt\u00f6ne und Texturen, die Ihren Look in perfekter Balance aufwerten.<\/p>","protected":false},"featured_media":24254,"comment_status":"open","ping_status":"closed","template":"","meta":{"_acf_changed":false,"_seopress_robots_primary_cat":"none","_seopress_titles_title":"","_seopress_titles_desc":"","_seopress_robots_index":"","_mo_disable_npp":""},"product_brand":[],"product_cat":[169],"product_tag":[],"class_list":{"0":"post-24251","1":"product","2":"type-product","3":"status-publish","4":"has-post-thumbnail","6":"product_cat-duos","8":"first","9":"instock","10":"sale","11":"shipping-taxable","12":"purchasable","13":"product-type-simple"},"acf":[],"_links":{"self":[{"href":"https:\/\/sugar-skin.gr\/de\/wp-json\/wp\/v2\/product\/24251","targetHints":{"allow":["GET"]}}],"collection":[{"href":"https:\/\/sugar-skin.gr\/de\/wp-json\/wp\/v2\/product"}],"about":[{"href":"https:\/\/sugar-skin.gr\/de\/wp-json\/wp\/v2\/types\/product"}],"replies":[{"embeddable":true,"href":"https:\/\/sugar-skin.gr\/de\/wp-json\/wp\/v2\/comments?post=24251"}],"version-history":[{"count":3,"href":"https:\/\/sugar-skin.gr\/de\/wp-json\/wp\/v2\/product\/24251\/revisions"}],"predecessor-version":[{"id":24858,"href":"https:\/\/sugar-skin.gr\/de\/wp-json\/wp\/v2\/product\/24251\/revisions\/24858"}],"wp:featuredmedia":[{"embeddable":true,"href":"https:\/\/sugar-skin.gr\/de\/wp-json\/wp\/v2\/media\/24254"}],"wp:attachment":[{"href":"https:\/\/sugar-skin.gr\/de\/wp-json\/wp\/v2\/media?parent=24251"}],"wp:term":[{"taxonomy":"product_brand","embeddable":true,"href":"https:\/\/sugar-skin.gr\/de\/wp-json\/wp\/v2\/product_brand?post=24251"},{"taxonomy":"product_cat","embeddable":true,"href":"https:\/\/sugar-skin.gr\/de\/wp-json\/wp\/v2\/product_cat?post=24251"},{"taxonomy":"product_tag","embeddable":true,"href":"https:\/\/sugar-skin.gr\/de\/wp-json\/wp\/v2\/product_tag?post=24251"}],"curies":[{"name":"wp","href":"https:\/\/api.w.org\/{rel}","templated":true}]}}