{"id":21956,"date":"2026-01-23T10:35:27","date_gmt":"2026-01-23T08:35:27","guid":{"rendered":"https:\/\/sugar-skin.gr\/?post_type=product&#038;p=21956"},"modified":"2026-04-14T20:59:18","modified_gmt":"2026-04-14T17:59:18","slug":"get-the-duo-14","status":"publish","type":"product","link":"https:\/\/sugar-skin.gr\/de\/product\/get-the-duo-14\/","title":{"rendered":"Dark Choco + Moody Heart"},"content":{"rendered":"<p><span class=\"s8\">Lippenkontur Long Lasting Dark Choco + Lippenstift Moody Heart<\/span><\/p>\n<p>Lippenkontur Long Lasting <span class=\"s8\">Schoko dunkel<\/span><span class=\"s8\">\u00a0<\/span>: Lang anhaltender Lippenstift zum Konturieren, Definieren und Akzentuieren der nat\u00fcrlichen Lippenform.<br \/>\nANWENDUNGSHINWEISE: Zeichnen Sie die Umrisse Ihrer Lippenform oder f\u00fcllen Sie Ihre Lippen aus, bevor Sie Ihr bevorzugtes Lippenprodukt auftragen.<\/p>\n<p>Lippenstift\u00a0 <span class=\"s8\">Das launische Herz<\/span><span class=\"s8\">\u00a0<\/span> Ein einzigartiger Zwei-Phasen-Lippenstift mit einem markanten herzf\u00f6rmigen Kern, der mit beruhigenden Pflanzenextrakten angereichert ist und von einer seidigen H\u00fclle aus satter Farbe umgeben wird. Dieser innovative Lippenstift vereint Pflege und Farbe in einem einzigen Strich.<\/p>","protected":false},"excerpt":{"rendered":"<p><strong data-start=\"104\" data-end=\"119\">Holen Sie sich das Duo<\/strong><br data-start=\"119\" data-end=\"122\" \/>Zwei Produkte, die perfekt zusammenarbeiten.<br data-start=\"162\" data-end=\"165\" data-is-only-node=\"\" \/>Die <strong data-start=\"168\" data-end=\"183\">Holen Sie sich das Duo<\/strong> Die Kombinationen von Sugar Skin sind f\u00fcr eine einfache Auswahl und vollst\u00e4ndige Ergebnisse konzipiert. Sorgf\u00e4ltig kombinierte Farbt\u00f6ne und Texturen, die Ihren Look in perfekter Balance aufwerten.<\/p>","protected":false},"featured_media":22495,"comment_status":"open","ping_status":"closed","template":"","meta":{"_acf_changed":false,"_seopress_robots_primary_cat":"none","_seopress_titles_title":"","_seopress_titles_desc":"","_seopress_robots_index":"","_mo_disable_npp":""},"product_brand":[],"product_cat":[169,16],"product_tag":[],"class_list":{"0":"post-21956","1":"product","2":"type-product","3":"status-publish","4":"has-post-thumbnail","6":"product_cat-duos","7":"product_cat-uncategorized","9":"first","10":"instock","11":"sale","12":"shipping-taxable","13":"purchasable","14":"product-type-simple"},"acf":[],"_links":{"self":[{"href":"https:\/\/sugar-skin.gr\/de\/wp-json\/wp\/v2\/product\/21956","targetHints":{"allow":["GET"]}}],"collection":[{"href":"https:\/\/sugar-skin.gr\/de\/wp-json\/wp\/v2\/product"}],"about":[{"href":"https:\/\/sugar-skin.gr\/de\/wp-json\/wp\/v2\/types\/product"}],"replies":[{"embeddable":true,"href":"https:\/\/sugar-skin.gr\/de\/wp-json\/wp\/v2\/comments?post=21956"}],"version-history":[{"count":8,"href":"https:\/\/sugar-skin.gr\/de\/wp-json\/wp\/v2\/product\/21956\/revisions"}],"predecessor-version":[{"id":23493,"href":"https:\/\/sugar-skin.gr\/de\/wp-json\/wp\/v2\/product\/21956\/revisions\/23493"}],"wp:featuredmedia":[{"embeddable":true,"href":"https:\/\/sugar-skin.gr\/de\/wp-json\/wp\/v2\/media\/22495"}],"wp:attachment":[{"href":"https:\/\/sugar-skin.gr\/de\/wp-json\/wp\/v2\/media?parent=21956"}],"wp:term":[{"taxonomy":"product_brand","embeddable":true,"href":"https:\/\/sugar-skin.gr\/de\/wp-json\/wp\/v2\/product_brand?post=21956"},{"taxonomy":"product_cat","embeddable":true,"href":"https:\/\/sugar-skin.gr\/de\/wp-json\/wp\/v2\/product_cat?post=21956"},{"taxonomy":"product_tag","embeddable":true,"href":"https:\/\/sugar-skin.gr\/de\/wp-json\/wp\/v2\/product_tag?post=21956"}],"curies":[{"name":"wp","href":"https:\/\/api.w.org\/{rel}","templated":true}]}}