{"id":21875,"date":"2026-01-22T17:35:53","date_gmt":"2026-01-22T15:35:53","guid":{"rendered":"https:\/\/sugar-skin.gr\/?post_type=product&#038;p=21875"},"modified":"2026-05-02T20:14:08","modified_gmt":"2026-05-02T17:14:08","slug":"get-the-duo-8","status":"publish","type":"product","link":"https:\/\/sugar-skin.gr\/de\/product\/get-the-duo-8\/","title":{"rendered":"Rosa E'Clair + Rosenkuchen"},"content":{"rendered":"<p><span class=\"s8\">Lippenkontur Long Lasting Pink E'Clair + Hyalurons\u00e4ure-Lippen\u00f6l mit Vitamin E &amp; Rizinus\u00f6l Rosy Tart<\/span><\/p>\n<p>Lippenkontur Long Lasting <span class=\"s8\">Rosa E'Clair<\/span> \u00a0: Lang anhaltender Lippenstift zum Konturieren, Definieren und Akzentuieren der nat\u00fcrlichen Lippenform.<br \/>\nANWENDUNGSHINWEISE: Zeichnen Sie die Umrisse Ihrer Lippenform oder f\u00fcllen Sie Ihre Lippen aus, bevor Sie Ihr bevorzugtes Lippenprodukt auftragen.<\/p>\n<p>Hyalurons\u00e4ure-Lippen\u00f6l mit Vitamin E und Rizinus\u00f6l <span class=\"s8\">Rosenkavalier<\/span> Feuchtigkeitsspendendes Lippen\u00f6l mit Hyalurons\u00e4ure, Vitamin E und Rizinus\u00f6l, das die Lippen n\u00e4hrt, sch\u00fctzt und ihnen einen sanften Glanz verleiht. Die leichte Formel schlie\u00dft die Feuchtigkeit ein und macht die Lippen glatt und prall.<\/p>\n<h1 class=\"product_title entry-title\" data-no-translation=\"\"><\/h1>\n<p><span class=\"s8\">\u00a0<\/span><\/p>","protected":false},"excerpt":{"rendered":"<p><strong data-start=\"104\" data-end=\"119\">Holen Sie sich das Duo<\/strong><br data-start=\"119\" data-end=\"122\" \/>Zwei Produkte, die perfekt zusammenarbeiten.<br data-start=\"162\" data-end=\"165\" data-is-only-node=\"\" \/>Die <strong data-start=\"168\" data-end=\"183\">Holen Sie sich das Duo<\/strong> Die Kombinationen von Sugar Skin sind f\u00fcr eine einfache Auswahl und vollst\u00e4ndige Ergebnisse konzipiert. Sorgf\u00e4ltig kombinierte Farbt\u00f6ne und Texturen, die Ihren Look in perfekter Balance aufwerten.<\/p>","protected":false},"featured_media":22500,"comment_status":"open","ping_status":"closed","template":"","meta":{"_acf_changed":false,"_seopress_robots_primary_cat":"none","_seopress_titles_title":"","_seopress_titles_desc":"","_seopress_robots_index":"","_mo_disable_npp":""},"product_brand":[],"product_cat":[169,16],"product_tag":[],"class_list":{"0":"post-21875","1":"product","2":"type-product","3":"status-publish","4":"has-post-thumbnail","6":"product_cat-duos","7":"product_cat-uncategorized","9":"first","10":"instock","11":"sale","12":"shipping-taxable","13":"purchasable","14":"product-type-simple"},"acf":[],"_links":{"self":[{"href":"https:\/\/sugar-skin.gr\/de\/wp-json\/wp\/v2\/product\/21875","targetHints":{"allow":["GET"]}}],"collection":[{"href":"https:\/\/sugar-skin.gr\/de\/wp-json\/wp\/v2\/product"}],"about":[{"href":"https:\/\/sugar-skin.gr\/de\/wp-json\/wp\/v2\/types\/product"}],"replies":[{"embeddable":true,"href":"https:\/\/sugar-skin.gr\/de\/wp-json\/wp\/v2\/comments?post=21875"}],"version-history":[{"count":12,"href":"https:\/\/sugar-skin.gr\/de\/wp-json\/wp\/v2\/product\/21875\/revisions"}],"predecessor-version":[{"id":22129,"href":"https:\/\/sugar-skin.gr\/de\/wp-json\/wp\/v2\/product\/21875\/revisions\/22129"}],"wp:featuredmedia":[{"embeddable":true,"href":"https:\/\/sugar-skin.gr\/de\/wp-json\/wp\/v2\/media\/22500"}],"wp:attachment":[{"href":"https:\/\/sugar-skin.gr\/de\/wp-json\/wp\/v2\/media?parent=21875"}],"wp:term":[{"taxonomy":"product_brand","embeddable":true,"href":"https:\/\/sugar-skin.gr\/de\/wp-json\/wp\/v2\/product_brand?post=21875"},{"taxonomy":"product_cat","embeddable":true,"href":"https:\/\/sugar-skin.gr\/de\/wp-json\/wp\/v2\/product_cat?post=21875"},{"taxonomy":"product_tag","embeddable":true,"href":"https:\/\/sugar-skin.gr\/de\/wp-json\/wp\/v2\/product_tag?post=21875"}],"curies":[{"name":"wp","href":"https:\/\/api.w.org\/{rel}","templated":true}]}}