{"id":21869,"date":"2026-01-22T17:32:54","date_gmt":"2026-01-22T15:32:54","guid":{"rendered":"https:\/\/sugar-skin.gr\/?post_type=product&#038;p=21869"},"modified":"2026-05-03T12:05:36","modified_gmt":"2026-05-03T09:05:36","slug":"get-the-duo-7","status":"publish","type":"product","link":"https:\/\/sugar-skin.gr\/de\/product\/get-the-duo-7\/","title":{"rendered":"Mokka-Tr\u00fcffel + gesalzenes Karamell"},"content":{"rendered":"<p><span class=\"s8\">Lippenkontur Long Lasting Mocha Truffle + Hyalurons\u00e4ure-Lippen\u00f6l mit Vitamin E &amp; Rizinus\u00f6l Salted Caramel<\/span><\/p>\n<p>Lip Contour Long Lasting Mocha Truffle : Lang anhaltender Lippenstift zum Konturieren, Definieren und Betonen der nat\u00fcrlichen Lippenform.<br \/>\nANWENDUNGSHINWEISE: Zeichnen Sie die Umrisse Ihrer Lippenform oder f\u00fcllen Sie Ihre Lippen aus, bevor Sie Ihr bevorzugtes Lippenprodukt auftragen.<\/p>\n<p>Hyalurons\u00e4ure-Lippen\u00f6l mit Vitamin E und Rizinus\u00f6l Salted Caramel : Das feuchtigkeitsspendende Lippen\u00f6l mit Hyalurons\u00e4ure, Vitamin E und Rizinus\u00f6l n\u00e4hrt und sch\u00fctzt die Lippen und verleiht ihnen einen sanften Glanz. Die leichte Formel schlie\u00dft die Feuchtigkeit ein und macht die Lippen glatt und prall.<\/p>\n<h1 class=\"product_title entry-title\" data-no-translation=\"\"><\/h1>","protected":false},"excerpt":{"rendered":"<p><strong data-start=\"104\" data-end=\"119\">Holen Sie sich das Duo<\/strong><br data-start=\"119\" data-end=\"122\" \/>Zwei Produkte, die perfekt zusammenarbeiten.<br data-start=\"162\" data-end=\"165\" data-is-only-node=\"\" \/>Die <strong data-start=\"168\" data-end=\"183\">Holen Sie sich das Duo<\/strong> Die Kombinationen von Sugar Skin sind f\u00fcr eine einfache Auswahl und vollst\u00e4ndige Ergebnisse konzipiert. Sorgf\u00e4ltig kombinierte Farbt\u00f6ne und Texturen, die Ihren Look in perfekter Balance aufwerten.<\/p>","protected":false},"featured_media":22499,"comment_status":"open","ping_status":"closed","template":"","meta":{"_acf_changed":false,"_seopress_robots_primary_cat":"none","_seopress_titles_title":"","_seopress_titles_desc":"","_seopress_robots_index":"","_mo_disable_npp":""},"product_brand":[],"product_cat":[169,16],"product_tag":[],"class_list":{"0":"post-21869","1":"product","2":"type-product","3":"status-publish","4":"has-post-thumbnail","6":"product_cat-duos","7":"product_cat-uncategorized","9":"first","10":"instock","11":"sale","12":"shipping-taxable","13":"purchasable","14":"product-type-simple"},"acf":[],"_links":{"self":[{"href":"https:\/\/sugar-skin.gr\/de\/wp-json\/wp\/v2\/product\/21869","targetHints":{"allow":["GET"]}}],"collection":[{"href":"https:\/\/sugar-skin.gr\/de\/wp-json\/wp\/v2\/product"}],"about":[{"href":"https:\/\/sugar-skin.gr\/de\/wp-json\/wp\/v2\/types\/product"}],"replies":[{"embeddable":true,"href":"https:\/\/sugar-skin.gr\/de\/wp-json\/wp\/v2\/comments?post=21869"}],"version-history":[{"count":8,"href":"https:\/\/sugar-skin.gr\/de\/wp-json\/wp\/v2\/product\/21869\/revisions"}],"predecessor-version":[{"id":23495,"href":"https:\/\/sugar-skin.gr\/de\/wp-json\/wp\/v2\/product\/21869\/revisions\/23495"}],"wp:featuredmedia":[{"embeddable":true,"href":"https:\/\/sugar-skin.gr\/de\/wp-json\/wp\/v2\/media\/22499"}],"wp:attachment":[{"href":"https:\/\/sugar-skin.gr\/de\/wp-json\/wp\/v2\/media?parent=21869"}],"wp:term":[{"taxonomy":"product_brand","embeddable":true,"href":"https:\/\/sugar-skin.gr\/de\/wp-json\/wp\/v2\/product_brand?post=21869"},{"taxonomy":"product_cat","embeddable":true,"href":"https:\/\/sugar-skin.gr\/de\/wp-json\/wp\/v2\/product_cat?post=21869"},{"taxonomy":"product_tag","embeddable":true,"href":"https:\/\/sugar-skin.gr\/de\/wp-json\/wp\/v2\/product_tag?post=21869"}],"curies":[{"name":"wp","href":"https:\/\/api.w.org\/{rel}","templated":true}]}}