{"id":21863,"date":"2026-01-22T17:28:06","date_gmt":"2026-01-22T15:28:06","guid":{"rendered":"https:\/\/sugar-skin.gr\/?post_type=product&#038;p=21863"},"modified":"2026-04-21T21:47:19","modified_gmt":"2026-04-21T18:47:19","slug":"get-the-duo-6","status":"publish","type":"product","link":"https:\/\/sugar-skin.gr\/de\/product\/get-the-duo-6\/","title":{"rendered":"Toffee Glow +Toffee Tan"},"content":{"rendered":"<p><span class=\"s8\">Hyaluronic Lip Restore Balm Toffee Glow + Lip&amp;check Toffee Tan<\/span><\/p>\n<p>Hyaluronic Lip Restore Balm Toffee Glow : Lippenbalsam mit Hyalurons\u00e4ure, Papaya- und Passionsfrucht\u00f6len, die trockene, rissige Lippen weich machen und f\u00fcr intensive Feuchtigkeit und Volumen sorgen. In sechs Nuancen f\u00fcr wunderbar gl\u00e4nzende, saftige und weiche Lippen<\/p>\n<p>Lip &amp; Cheek Toffe Tan: 2-in-1-Mehrzweckstift, der Lippen und Wangenknochen Farbe verleiht (Farbton mit einstellbarer Intensit\u00e4t). Angereichert mit Hyalurons\u00e4ure, Avocado\u00f6l, Aprikosen\u00f6l, Kakaobutter und Vitamin E f\u00fcr ultimative Feuchtigkeitszufuhr.<br \/>\nANWENDUNGSHINWEISE: Je nach Bedarf direkt auf die Lippen und Wangenknochen auftragen und mit den Fingern oder mit einem Pinsel nach Belieben auftragen\/schichten.<\/p>","protected":false},"excerpt":{"rendered":"<p><strong data-start=\"104\" data-end=\"119\">Holen Sie sich das Duo<\/strong><br data-start=\"119\" data-end=\"122\" \/>Zwei Produkte, die perfekt zusammenarbeiten.<br data-start=\"162\" data-end=\"165\" data-is-only-node=\"\" \/>Die <strong data-start=\"168\" data-end=\"183\">Holen Sie sich das Duo<\/strong> Die Kombinationen von Sugar Skin sind f\u00fcr eine einfache Auswahl und vollst\u00e4ndige Ergebnisse konzipiert. Sorgf\u00e4ltig kombinierte Farbt\u00f6ne und Texturen, die Ihren Look in perfekter Balance aufwerten.<\/p>","protected":false},"featured_media":24094,"comment_status":"open","ping_status":"closed","template":"","meta":{"_acf_changed":false,"_seopress_robots_primary_cat":"none","_seopress_titles_title":"","_seopress_titles_desc":"","_seopress_robots_index":"","_mo_disable_npp":""},"product_brand":[],"product_cat":[169,16],"product_tag":[],"class_list":{"0":"post-21863","1":"product","2":"type-product","3":"status-publish","4":"has-post-thumbnail","6":"product_cat-duos","7":"product_cat-uncategorized","9":"first","10":"instock","11":"sale","12":"shipping-taxable","13":"purchasable","14":"product-type-simple"},"acf":[],"_links":{"self":[{"href":"https:\/\/sugar-skin.gr\/de\/wp-json\/wp\/v2\/product\/21863","targetHints":{"allow":["GET"]}}],"collection":[{"href":"https:\/\/sugar-skin.gr\/de\/wp-json\/wp\/v2\/product"}],"about":[{"href":"https:\/\/sugar-skin.gr\/de\/wp-json\/wp\/v2\/types\/product"}],"replies":[{"embeddable":true,"href":"https:\/\/sugar-skin.gr\/de\/wp-json\/wp\/v2\/comments?post=21863"}],"version-history":[{"count":8,"href":"https:\/\/sugar-skin.gr\/de\/wp-json\/wp\/v2\/product\/21863\/revisions"}],"predecessor-version":[{"id":24095,"href":"https:\/\/sugar-skin.gr\/de\/wp-json\/wp\/v2\/product\/21863\/revisions\/24095"}],"wp:featuredmedia":[{"embeddable":true,"href":"https:\/\/sugar-skin.gr\/de\/wp-json\/wp\/v2\/media\/24094"}],"wp:attachment":[{"href":"https:\/\/sugar-skin.gr\/de\/wp-json\/wp\/v2\/media?parent=21863"}],"wp:term":[{"taxonomy":"product_brand","embeddable":true,"href":"https:\/\/sugar-skin.gr\/de\/wp-json\/wp\/v2\/product_brand?post=21863"},{"taxonomy":"product_cat","embeddable":true,"href":"https:\/\/sugar-skin.gr\/de\/wp-json\/wp\/v2\/product_cat?post=21863"},{"taxonomy":"product_tag","embeddable":true,"href":"https:\/\/sugar-skin.gr\/de\/wp-json\/wp\/v2\/product_tag?post=21863"}],"curies":[{"name":"wp","href":"https:\/\/api.w.org\/{rel}","templated":true}]}}