{"id":21850,"date":"2026-01-22T17:19:54","date_gmt":"2026-01-22T15:19:54","guid":{"rendered":"https:\/\/sugar-skin.gr\/?post_type=product&#038;p=21850"},"modified":"2026-04-03T22:59:07","modified_gmt":"2026-04-03T19:59:07","slug":"get-the-duo-4","status":"publish","type":"product","link":"https:\/\/sugar-skin.gr\/de\/product\/get-the-duo-4\/","title":{"rendered":"Terrakottabraun + Toffeebraun"},"content":{"rendered":"<p><span class=\"s8\">Lippenkontur Long Lasting Terracotta Brown + Lip&amp;check Toffee Tan<\/span><\/p>\n<p>Lippenkontur Long Lasting <span class=\"s8\"> Terrakotta Braun<\/span><span class=\"s8\">\u00a0<\/span>\u00a0: Lang anhaltender Lippenstift zum Konturieren, <span class=\"s8\">dass <\/span><span class=\"s8\">URL<\/span><span class=\"s8\">Hallo<\/span><span class=\"s8\"> und Stress<\/span><span class=\"s8\">Hallo <\/span><span class=\"s8\">die nat\u00fcrliche Form<\/span><span class=\"s8\"> ihre<\/span><span class=\"s8\">.<br \/>\nANWENDUNGSHINWEISE: Zeichnen Sie die Umrisse Ihrer Lippenform oder f\u00fcllen Sie Ihre Lippen aus, bevor Sie Ihr bevorzugtes Lippenprodukt auftragen.<\/span><\/p>\n<p><span class=\"s8\">Lip&amp;check Toffe Tan <\/span>2-in-1-Mehrzweckstift, der Lippen und Wangenknochen Farbe verleiht (Farbton mit einstellbarer Intensit\u00e4t). Angereichert mit Hyalurons\u00e4ure, Avocado\u00f6l, Aprikosen\u00f6l, Kakaobutter und Vitamin E f\u00fcr ultimative Hydratation.<br \/>\nANWENDUNGSHINWEISE: Je nach Bedarf direkt auf die Lippen und Wangenknochen auftragen und mit den Fingern oder mit einem Pinsel nach Belieben auftragen\/schichten.<\/p>","protected":false},"excerpt":{"rendered":"<p><strong data-start=\"104\" data-end=\"119\">Holen Sie sich das Duo<\/strong><br data-start=\"119\" data-end=\"122\" \/>Zwei Produkte, die perfekt zusammenarbeiten.<br data-start=\"162\" data-end=\"165\" data-is-only-node=\"\" \/>Die <strong data-start=\"168\" data-end=\"183\">Holen Sie sich das Duo<\/strong> Die Kombinationen von Sugar Skin sind f\u00fcr eine einfache Auswahl und vollst\u00e4ndige Ergebnisse konzipiert. Sorgf\u00e4ltig kombinierte Farbt\u00f6ne und Texturen, die Ihren Look in perfekter Balance aufwerten.<\/p>","protected":false},"featured_media":22504,"comment_status":"open","ping_status":"closed","template":"","meta":{"_acf_changed":false,"_seopress_robots_primary_cat":"none","_seopress_titles_title":"","_seopress_titles_desc":"","_seopress_robots_index":"","_mo_disable_npp":""},"product_brand":[],"product_cat":[169,16],"product_tag":[],"class_list":{"0":"post-21850","1":"product","2":"type-product","3":"status-publish","4":"has-post-thumbnail","6":"product_cat-duos","7":"product_cat-uncategorized","9":"first","10":"instock","11":"sale","12":"shipping-taxable","13":"purchasable","14":"product-type-simple"},"acf":[],"_links":{"self":[{"href":"https:\/\/sugar-skin.gr\/de\/wp-json\/wp\/v2\/product\/21850","targetHints":{"allow":["GET"]}}],"collection":[{"href":"https:\/\/sugar-skin.gr\/de\/wp-json\/wp\/v2\/product"}],"about":[{"href":"https:\/\/sugar-skin.gr\/de\/wp-json\/wp\/v2\/types\/product"}],"replies":[{"embeddable":true,"href":"https:\/\/sugar-skin.gr\/de\/wp-json\/wp\/v2\/comments?post=21850"}],"version-history":[{"count":8,"href":"https:\/\/sugar-skin.gr\/de\/wp-json\/wp\/v2\/product\/21850\/revisions"}],"predecessor-version":[{"id":23496,"href":"https:\/\/sugar-skin.gr\/de\/wp-json\/wp\/v2\/product\/21850\/revisions\/23496"}],"wp:featuredmedia":[{"embeddable":true,"href":"https:\/\/sugar-skin.gr\/de\/wp-json\/wp\/v2\/media\/22504"}],"wp:attachment":[{"href":"https:\/\/sugar-skin.gr\/de\/wp-json\/wp\/v2\/media?parent=21850"}],"wp:term":[{"taxonomy":"product_brand","embeddable":true,"href":"https:\/\/sugar-skin.gr\/de\/wp-json\/wp\/v2\/product_brand?post=21850"},{"taxonomy":"product_cat","embeddable":true,"href":"https:\/\/sugar-skin.gr\/de\/wp-json\/wp\/v2\/product_cat?post=21850"},{"taxonomy":"product_tag","embeddable":true,"href":"https:\/\/sugar-skin.gr\/de\/wp-json\/wp\/v2\/product_tag?post=21850"}],"curies":[{"name":"wp","href":"https:\/\/api.w.org\/{rel}","templated":true}]}}