{"id":20643,"date":"2025-12-03T18:35:22","date_gmt":"2025-12-03T16:35:22","guid":{"rendered":"https:\/\/sugar-skin.gr\/?post_type=product&#038;p=20643"},"modified":"2026-04-28T16:39:36","modified_gmt":"2026-04-28T13:39:36","slug":"the-sugar-brush-set-x-4","status":"publish","type":"product","link":"https:\/\/sugar-skin.gr\/de\/product\/the-sugar-brush-set-x-4\/","title":{"rendered":"Holen Sie sich alle - die SUGAR-B\u00fcrste"},"content":{"rendered":"<p><span class=\"s8\">Das Set enth\u00e4lt alle folgenden Pinsel:<\/span><\/p>\n<p>01. runder Foundation-Gesichtspinsel - volle Deckkraft<\/p>\n<p>-Ein dichter, runder Basispinsel, der f\u00fcr einen makellosen Auftrag mit voller Deckkraft sorgt.<\/p>\n<p>02. runder Foundation-Gesichtspinsel - leichte Deckkraft<\/p>\n<p>-Dieser Pinsel hat einen fluffigeren, flexiblen runden Kopf, der das Produkt sanft verteilt und so einen nat\u00fcrlichen und \u201chaut\u00e4hnlichen\u201d Effekt erzielt.<\/p>\n<p>03. konturenpinsel - Creme- oder Fl\u00fcssigprodukte<\/p>\n<p>-Ein hochpr\u00e4ziser Konturenpinsel, der f\u00fcr die einfache Modellierung des Gesichts mit cremigen oder fl\u00fcssigen Formeln entwickelt wurde.<\/p>\n<p>04. \u201cPerfect Blend\u201d Pinsel - f\u00fcr Creme-\/Pulver-Rouge, Bronzer und Highlighter<\/p>\n<p>-Der ultimative Mehrzweckpinsel f\u00fcr Rouge, Bronzer und Glanz.<\/p>","protected":false},"excerpt":{"rendered":"<p>\u03a4\u03bf set \u03c0\u03b5\u03c1\u03b9\u03bb\u03b1\u03bc\u03b2\u03ac\u03bd\u03b5\u03b9 \u03cc\u03bb\u03b1 \u03c4\u03b1 \u03c0\u03b1\u03c1\u03b1\u03ba\u03ac\u03c4\u03c9 \u03c0\u03b9\u03bd\u03ad\u03bb\u03b1: 01.Round Foundation Face Brush \u2013 Full Coverage -\u0388\u03bd\u03b1 \u03c0\u03c5\u03ba\u03bd\u03cc, \u03c3\u03c4\u03c1\u03bf\u03b3\u03b3\u03c5\u03bb\u03cc \u03c0\u03b9\u03bd\u03ad\u03bb\u03bf \u03b2\u03ac\u03c3\u03b7\u03c2, \u03c3\u03c7\u03b5\u03b4\u03b9\u03b1\u03c3\u03bc\u03ad\u03bd\u03bf \u03b3\u03b9\u03b1 \u03ac\u03c8\u03bf\u03b3\u03b7 \u03b5\u03c6\u03b1\u03c1\u03bc\u03bf\u03b3\u03ae \u03bc\u03b5 \u03c0\u03bb\u03ae\u03c1\u03b7 \u03ba\u03ac\u03bb\u03c5\u03c8\u03b7. 02.Round Foundation Face Brush \u2013 Light Coverage -\u0391\u03c5\u03c4\u03cc \u03c4\u03bf \u03c0\u03b9\u03bd\u03ad\u03bb\u03bf \u03b4\u03b9\u03b1\u03b8\u03ad\u03c4\u03b5\u03b9 \u03c0\u03b9\u03bf \u03b1\u03c6\u03c1\u03ac\u03c4\u03b7, \u03b5\u03c5\u03ad\u03bb\u03b9\u03ba\u03c4\u03b7 \u03c3\u03c4\u03c1\u03bf\u03b3\u03b3\u03c5\u03bb\u03ae \u03ba\u03b5\u03c6\u03b1\u03bb\u03ae \u03c0\u03bf\u03c5 \u03b1\u03c0\u03bb\u03ce\u03bd\u03b5\u03b9 \u03c4\u03bf \u03c0\u03c1\u03bf\u03ca\u03cc\u03bd \u03b1\u03c0\u03b1\u03bb\u03ac, \u03b3\u03b9\u03b1 \u03c6\u03c5\u03c3\u03b9\u03ba\u03cc \u03ba\u03b1\u03b9 [&hellip;]<\/p>\n","protected":false},"featured_media":22467,"comment_status":"open","ping_status":"closed","template":"","meta":{"_acf_changed":false,"_seopress_robots_primary_cat":"none","_seopress_titles_title":"","_seopress_titles_desc":"","_seopress_robots_index":"","_mo_disable_npp":""},"product_brand":[],"product_cat":[133,99],"product_tag":[],"class_list":{"0":"post-20643","1":"product","2":"type-product","3":"status-publish","4":"has-post-thumbnail","6":"product_cat-accessories","7":"product_cat-sets","9":"first","10":"instock","11":"sale","12":"shipping-taxable","13":"purchasable","14":"product-type-simple"},"acf":[],"_links":{"self":[{"href":"https:\/\/sugar-skin.gr\/de\/wp-json\/wp\/v2\/product\/20643","targetHints":{"allow":["GET"]}}],"collection":[{"href":"https:\/\/sugar-skin.gr\/de\/wp-json\/wp\/v2\/product"}],"about":[{"href":"https:\/\/sugar-skin.gr\/de\/wp-json\/wp\/v2\/types\/product"}],"replies":[{"embeddable":true,"href":"https:\/\/sugar-skin.gr\/de\/wp-json\/wp\/v2\/comments?post=20643"}],"version-history":[{"count":10,"href":"https:\/\/sugar-skin.gr\/de\/wp-json\/wp\/v2\/product\/20643\/revisions"}],"predecessor-version":[{"id":24732,"href":"https:\/\/sugar-skin.gr\/de\/wp-json\/wp\/v2\/product\/20643\/revisions\/24732"}],"wp:featuredmedia":[{"embeddable":true,"href":"https:\/\/sugar-skin.gr\/de\/wp-json\/wp\/v2\/media\/22467"}],"wp:attachment":[{"href":"https:\/\/sugar-skin.gr\/de\/wp-json\/wp\/v2\/media?parent=20643"}],"wp:term":[{"taxonomy":"product_brand","embeddable":true,"href":"https:\/\/sugar-skin.gr\/de\/wp-json\/wp\/v2\/product_brand?post=20643"},{"taxonomy":"product_cat","embeddable":true,"href":"https:\/\/sugar-skin.gr\/de\/wp-json\/wp\/v2\/product_cat?post=20643"},{"taxonomy":"product_tag","embeddable":true,"href":"https:\/\/sugar-skin.gr\/de\/wp-json\/wp\/v2\/product_tag?post=20643"}],"curies":[{"name":"wp","href":"https:\/\/api.w.org\/{rel}","templated":true}]}}