{"id":19181,"date":"2025-11-20T14:55:43","date_gmt":"2025-11-20T12:55:43","guid":{"rendered":"https:\/\/sugar-skin.gr\/?post_type=product&#038;p=19181"},"modified":"2026-05-04T00:19:37","modified_gmt":"2026-05-03T21:19:37","slug":"the-sugar-brush-03","status":"publish","type":"product","link":"https:\/\/sugar-skin.gr\/de\/product\/the-sugar-brush-03\/","title":{"rendered":"Die SUGAR-B\u00fcrste 03"},"content":{"rendered":"<p>Konturenpinsel - Creme- oder Fl\u00fcssigprodukte<\/p>\n<p>Ein hochpr\u00e4ziser Konturenpinsel, der f\u00fcr die einfache Modellierung des Gesichts mit cremigen oder fl\u00fcssigen Formeln entwickelt wurde. Seine spezielle Form schmiegt sich nat\u00fcrlich an die Gesichtskonturen an und erm\u00f6glicht es Ihnen, intensive oder weiche Schattierungen mit absoluter Kontrolle zu kreieren. Er l\u00e4sst sich perfekt verblenden, ohne die Basis zu verschieben.<\/p>","protected":false},"excerpt":{"rendered":"<p>Konturenpinsel - Creme- oder Fl\u00fcssigprodukte<\/p>\n<p>Ein hochpr\u00e4ziser Konturenpinsel, der f\u00fcr die einfache Modellierung des Gesichts mit cremigen oder fl\u00fcssigen Formeln entwickelt wurde.<\/p>","protected":false},"featured_media":22485,"comment_status":"open","ping_status":"closed","template":"","meta":{"_acf_changed":false,"_seopress_robots_primary_cat":"none","_seopress_titles_title":"","_seopress_titles_desc":"","_seopress_robots_index":"","_mo_disable_npp":""},"product_brand":[],"product_cat":[133],"product_tag":[],"class_list":{"0":"post-19181","1":"product","2":"type-product","3":"status-publish","4":"has-post-thumbnail","6":"product_cat-accessories","8":"first","9":"instock","10":"shipping-taxable","11":"purchasable","12":"product-type-simple"},"acf":[],"_links":{"self":[{"href":"https:\/\/sugar-skin.gr\/de\/wp-json\/wp\/v2\/product\/19181","targetHints":{"allow":["GET"]}}],"collection":[{"href":"https:\/\/sugar-skin.gr\/de\/wp-json\/wp\/v2\/product"}],"about":[{"href":"https:\/\/sugar-skin.gr\/de\/wp-json\/wp\/v2\/types\/product"}],"replies":[{"embeddable":true,"href":"https:\/\/sugar-skin.gr\/de\/wp-json\/wp\/v2\/comments?post=19181"}],"version-history":[{"count":3,"href":"https:\/\/sugar-skin.gr\/de\/wp-json\/wp\/v2\/product\/19181\/revisions"}],"predecessor-version":[{"id":22429,"href":"https:\/\/sugar-skin.gr\/de\/wp-json\/wp\/v2\/product\/19181\/revisions\/22429"}],"wp:featuredmedia":[{"embeddable":true,"href":"https:\/\/sugar-skin.gr\/de\/wp-json\/wp\/v2\/media\/22485"}],"wp:attachment":[{"href":"https:\/\/sugar-skin.gr\/de\/wp-json\/wp\/v2\/media?parent=19181"}],"wp:term":[{"taxonomy":"product_brand","embeddable":true,"href":"https:\/\/sugar-skin.gr\/de\/wp-json\/wp\/v2\/product_brand?post=19181"},{"taxonomy":"product_cat","embeddable":true,"href":"https:\/\/sugar-skin.gr\/de\/wp-json\/wp\/v2\/product_cat?post=19181"},{"taxonomy":"product_tag","embeddable":true,"href":"https:\/\/sugar-skin.gr\/de\/wp-json\/wp\/v2\/product_tag?post=19181"}],"curies":[{"name":"wp","href":"https:\/\/api.w.org\/{rel}","templated":true}]}}