{"id":19177,"date":"2025-11-20T14:54:39","date_gmt":"2025-11-20T12:54:39","guid":{"rendered":"https:\/\/sugar-skin.gr\/?post_type=product&#038;p=19177"},"modified":"2026-04-30T17:46:47","modified_gmt":"2026-04-30T14:46:47","slug":"the-sugar-brush-02","status":"publish","type":"product","link":"https:\/\/sugar-skin.gr\/de\/product\/the-sugar-brush-02\/","title":{"rendered":"Die SUGAR-B\u00fcrste 02"},"content":{"rendered":"<p>Runder Foundation-Pinsel f\u00fcr das Gesicht - Leichte Deckkraft<\/p>\n<p>Dieser Pinsel verf\u00fcgt \u00fcber einen fluffigeren, flexiblen runden Kopf, der das Produkt sanft auftr\u00e4gt und einen nat\u00fcrlichen, \u201chaut\u00e4hnlichen\u201d Effekt erzielt. Er ist ideal f\u00fcr eine leichte oder aufbaubare Deckkraft und verblendet fl\u00fcssige und cremige Foundations m\u00fchelos, sodass die Haut frisch, ebenm\u00e4\u00dfig und leicht wirkt. Perfekt f\u00fcr das t\u00e4gliche Make-up.<\/p>","protected":false},"excerpt":{"rendered":"<p>Runder Foundation-Pinsel f\u00fcr das Gesicht - Leichte Deckkraft<\/p>\n<p>Dieser Pinsel verf\u00fcgt \u00fcber einen fluffigeren, flexiblen runden Kopf, der das Produkt sanft auftr\u00e4gt und einen nat\u00fcrlichen, \u201chaut\u00e4hnlichen\u201d Effekt erzielt.<\/p>","protected":false},"featured_media":22484,"comment_status":"open","ping_status":"closed","template":"","meta":{"_acf_changed":false,"_seopress_robots_primary_cat":"none","_seopress_titles_title":"","_seopress_titles_desc":"","_seopress_robots_index":"","_mo_disable_npp":""},"product_brand":[],"product_cat":[133],"product_tag":[],"class_list":{"0":"post-19177","1":"product","2":"type-product","3":"status-publish","4":"has-post-thumbnail","6":"product_cat-accessories","8":"first","9":"instock","10":"shipping-taxable","11":"purchasable","12":"product-type-simple"},"acf":[],"_links":{"self":[{"href":"https:\/\/sugar-skin.gr\/de\/wp-json\/wp\/v2\/product\/19177","targetHints":{"allow":["GET"]}}],"collection":[{"href":"https:\/\/sugar-skin.gr\/de\/wp-json\/wp\/v2\/product"}],"about":[{"href":"https:\/\/sugar-skin.gr\/de\/wp-json\/wp\/v2\/types\/product"}],"replies":[{"embeddable":true,"href":"https:\/\/sugar-skin.gr\/de\/wp-json\/wp\/v2\/comments?post=19177"}],"version-history":[{"count":3,"href":"https:\/\/sugar-skin.gr\/de\/wp-json\/wp\/v2\/product\/19177\/revisions"}],"predecessor-version":[{"id":22428,"href":"https:\/\/sugar-skin.gr\/de\/wp-json\/wp\/v2\/product\/19177\/revisions\/22428"}],"wp:featuredmedia":[{"embeddable":true,"href":"https:\/\/sugar-skin.gr\/de\/wp-json\/wp\/v2\/media\/22484"}],"wp:attachment":[{"href":"https:\/\/sugar-skin.gr\/de\/wp-json\/wp\/v2\/media?parent=19177"}],"wp:term":[{"taxonomy":"product_brand","embeddable":true,"href":"https:\/\/sugar-skin.gr\/de\/wp-json\/wp\/v2\/product_brand?post=19177"},{"taxonomy":"product_cat","embeddable":true,"href":"https:\/\/sugar-skin.gr\/de\/wp-json\/wp\/v2\/product_cat?post=19177"},{"taxonomy":"product_tag","embeddable":true,"href":"https:\/\/sugar-skin.gr\/de\/wp-json\/wp\/v2\/product_tag?post=19177"}],"curies":[{"name":"wp","href":"https:\/\/api.w.org\/{rel}","templated":true}]}}