{"id":19173,"date":"2025-11-20T14:53:05","date_gmt":"2025-11-20T12:53:05","guid":{"rendered":"https:\/\/sugar-skin.gr\/?post_type=product&#038;p=19173"},"modified":"2026-04-30T17:46:47","modified_gmt":"2026-04-30T14:46:47","slug":"the-sugar-brush-01","status":"publish","type":"product","link":"https:\/\/sugar-skin.gr\/de\/product\/the-sugar-brush-01\/","title":{"rendered":"Die SUGAR-B\u00fcrste 01"},"content":{"rendered":"<p>Runder Foundation-Pinsel f\u00fcr das Gesicht - volle Deckkraft<\/p>\n<p>Ein dichter, runder Basispinsel f\u00fcr einen makellosen Auftrag mit voller Deckkraft. Seine ultraweichen Borsten \u201carbeiten\u201d das Produkt in die Haut ein und sorgen so f\u00fcr einen glatten, gleichm\u00e4\u00dfigen und faltenfreien Look. Ideal f\u00fcr feuchte und cremige Foundations, wenn Sie maximale Deckkraft bei minimalem Aufwand w\u00fcnschen.<\/p>","protected":false},"excerpt":{"rendered":"<p>Runder Foundation-Pinsel f\u00fcr das Gesicht - volle Deckkraft<\/p>\n<p>Ein dichter, runder Basispinsel f\u00fcr einen makellosen Auftrag mit voller Deckkraft.<\/p>","protected":false},"featured_media":22483,"comment_status":"open","ping_status":"closed","template":"","meta":{"_acf_changed":false,"_seopress_robots_primary_cat":"none","_seopress_titles_title":"","_seopress_titles_desc":"","_seopress_robots_index":"","_mo_disable_npp":""},"product_brand":[],"product_cat":[133],"product_tag":[],"class_list":{"0":"post-19173","1":"product","2":"type-product","3":"status-publish","4":"has-post-thumbnail","6":"product_cat-accessories","8":"first","9":"instock","10":"shipping-taxable","11":"purchasable","12":"product-type-simple"},"acf":[],"_links":{"self":[{"href":"https:\/\/sugar-skin.gr\/de\/wp-json\/wp\/v2\/product\/19173","targetHints":{"allow":["GET"]}}],"collection":[{"href":"https:\/\/sugar-skin.gr\/de\/wp-json\/wp\/v2\/product"}],"about":[{"href":"https:\/\/sugar-skin.gr\/de\/wp-json\/wp\/v2\/types\/product"}],"replies":[{"embeddable":true,"href":"https:\/\/sugar-skin.gr\/de\/wp-json\/wp\/v2\/comments?post=19173"}],"version-history":[{"count":4,"href":"https:\/\/sugar-skin.gr\/de\/wp-json\/wp\/v2\/product\/19173\/revisions"}],"predecessor-version":[{"id":22427,"href":"https:\/\/sugar-skin.gr\/de\/wp-json\/wp\/v2\/product\/19173\/revisions\/22427"}],"wp:featuredmedia":[{"embeddable":true,"href":"https:\/\/sugar-skin.gr\/de\/wp-json\/wp\/v2\/media\/22483"}],"wp:attachment":[{"href":"https:\/\/sugar-skin.gr\/de\/wp-json\/wp\/v2\/media?parent=19173"}],"wp:term":[{"taxonomy":"product_brand","embeddable":true,"href":"https:\/\/sugar-skin.gr\/de\/wp-json\/wp\/v2\/product_brand?post=19173"},{"taxonomy":"product_cat","embeddable":true,"href":"https:\/\/sugar-skin.gr\/de\/wp-json\/wp\/v2\/product_cat?post=19173"},{"taxonomy":"product_tag","embeddable":true,"href":"https:\/\/sugar-skin.gr\/de\/wp-json\/wp\/v2\/product_tag?post=19173"}],"curies":[{"name":"wp","href":"https:\/\/api.w.org\/{rel}","templated":true}]}}