{"id":18160,"date":"2025-10-24T12:15:41","date_gmt":"2025-10-24T09:15:41","guid":{"rendered":"https:\/\/sugar-skin.gr\/?post_type=product&#038;p=18160"},"modified":"2026-05-04T22:07:28","modified_gmt":"2026-05-04T19:07:28","slug":"silicone-mobile-holder-winter-collection","status":"publish","type":"product","link":"https:\/\/sugar-skin.gr\/de\/product\/silicone-mobile-holder-winter-collection\/","title":{"rendered":"Silikonhandyhalter Winterkollektion"},"content":{"rendered":"<p><span class=\"s1\">Ziehen Sie die Schutzfolie ab und bringen Sie das Produkt auf der R\u00fcckseite Ihres Telefons oder Ihrer Tasche an. Dank des starken 3M-Klebebands bleibt es fest an Ort und Stelle und erm\u00f6glicht es Ihnen, Ihr Telefon auf glatten Oberfl\u00e4chen abzulegen - ideal f\u00fcr die Freisprechfunktion, Fotos oder Videos.<\/span><\/p>","protected":false},"excerpt":{"rendered":"<p>Ziehen Sie die Schutzfolie ab und bringen Sie das Produkt auf der R\u00fcckseite Ihres Telefons oder Ihrer Tasche an. Dank des starken 3M-Klebebands bleibt es fest an Ort und Stelle und erm\u00f6glicht es Ihnen, Ihr Telefon auf glatten Oberfl\u00e4chen abzulegen - ideal f\u00fcr die Freisprechfunktion, Fotos oder Videos.<\/p>","protected":false},"featured_media":22482,"comment_status":"closed","ping_status":"closed","template":"","meta":{"_acf_changed":false,"_seopress_robots_primary_cat":"none","_seopress_titles_title":"","_seopress_titles_desc":"","_seopress_robots_index":"","_mo_disable_npp":""},"product_brand":[],"product_cat":[133,16],"product_tag":[],"class_list":{"0":"post-18160","1":"product","2":"type-product","3":"status-publish","4":"has-post-thumbnail","6":"product_cat-accessories","7":"product_cat-uncategorized","9":"first","10":"instock","11":"shipping-taxable","12":"purchasable","13":"product-type-simple"},"acf":[],"_links":{"self":[{"href":"https:\/\/sugar-skin.gr\/de\/wp-json\/wp\/v2\/product\/18160","targetHints":{"allow":["GET"]}}],"collection":[{"href":"https:\/\/sugar-skin.gr\/de\/wp-json\/wp\/v2\/product"}],"about":[{"href":"https:\/\/sugar-skin.gr\/de\/wp-json\/wp\/v2\/types\/product"}],"replies":[{"embeddable":true,"href":"https:\/\/sugar-skin.gr\/de\/wp-json\/wp\/v2\/comments?post=18160"}],"version-history":[{"count":5,"href":"https:\/\/sugar-skin.gr\/de\/wp-json\/wp\/v2\/product\/18160\/revisions"}],"predecessor-version":[{"id":23299,"href":"https:\/\/sugar-skin.gr\/de\/wp-json\/wp\/v2\/product\/18160\/revisions\/23299"}],"wp:featuredmedia":[{"embeddable":true,"href":"https:\/\/sugar-skin.gr\/de\/wp-json\/wp\/v2\/media\/22482"}],"wp:attachment":[{"href":"https:\/\/sugar-skin.gr\/de\/wp-json\/wp\/v2\/media?parent=18160"}],"wp:term":[{"taxonomy":"product_brand","embeddable":true,"href":"https:\/\/sugar-skin.gr\/de\/wp-json\/wp\/v2\/product_brand?post=18160"},{"taxonomy":"product_cat","embeddable":true,"href":"https:\/\/sugar-skin.gr\/de\/wp-json\/wp\/v2\/product_cat?post=18160"},{"taxonomy":"product_tag","embeddable":true,"href":"https:\/\/sugar-skin.gr\/de\/wp-json\/wp\/v2\/product_tag?post=18160"}],"curies":[{"name":"wp","href":"https:\/\/api.w.org\/{rel}","templated":true}]}}