{"id":15280,"date":"2025-07-30T14:00:14","date_gmt":"2025-07-30T11:00:14","guid":{"rendered":"https:\/\/sugar-skin.gr\/?post_type=product&#038;p=15280"},"modified":"2026-05-04T20:21:13","modified_gmt":"2026-05-04T17:21:13","slug":"avocado-booster-bi-phase-toner","status":"publish","type":"product","link":"https:\/\/sugar-skin.gr\/de\/product\/avocado-booster-bi-phase-toner\/","title":{"rendered":"Bi Phase Avocado Boost Hydratisierendes Gesichtswasser 24H"},"content":{"rendered":"<div data-elementor-type=\"product-post\" data-elementor-id=\"15280\" class=\"elementor elementor-15280\" data-elementor-post-type=\"product\">\n\t\t\t\t<div class=\"elementor-element elementor-element-47d1eeb1 e-flex e-con-boxed e-con e-parent\" data-id=\"47d1eeb1\" data-element_type=\"container\" data-e-type=\"container\">\n\t\t\t\t\t<div class=\"e-con-inner\">\n\t\t<div class=\"elementor-element elementor-element-71f60e5d e-con-full e-flex e-con e-child\" data-id=\"71f60e5d\" data-element_type=\"container\" data-e-type=\"container\">\n\t\t<div class=\"elementor-element elementor-element-44792861 e-con-full e-flex e-con e-child\" data-id=\"44792861\" data-element_type=\"container\" data-e-type=\"container\">\n\t\t<div class=\"elementor-element elementor-element-4f4912b3 e-con-full e-flex e-con e-child\" data-id=\"4f4912b3\" data-element_type=\"container\" data-e-type=\"container\" data-settings=\"{&quot;background_background&quot;:&quot;classic&quot;}\">\n\t\t\t\t<div class=\"elementor-element elementor-element-5112d2ad elementor-widget elementor-widget-heading\" data-id=\"5112d2ad\" data-element_type=\"widget\" data-e-type=\"widget\" data-widget_type=\"heading.default\">\n\t\t\t\t<div class=\"elementor-widget-container\">\n\t\t\t\t\t<h2 class=\"elementor-heading-title elementor-size-default\">feuchtigkeitsspendendes Gesichtswasser<\/h2>\t\t\t\t<\/div>\n\t\t\t\t<\/div>\n\t\t\t\t<div class=\"elementor-element elementor-element-1772822f elementor-widget elementor-widget-text-editor\" data-id=\"1772822f\" data-element_type=\"widget\" data-e-type=\"widget\" data-widget_type=\"text-editor.default\">\n\t\t\t\t<div class=\"elementor-widget-container\">\n\t\t\t\t\t\t\t\t\t<p>Bi Phase Avocado Boost Feuchtigkeitsspendendes Gesichtswasser 100ml<\/p>\t\t\t\t\t\t\t\t<\/div>\n\t\t\t\t<\/div>\n\t\t<div class=\"elementor-element elementor-element-f75e70e e-grid e-con-full e-con e-child\" data-id=\"f75e70e\" data-element_type=\"container\" data-e-type=\"container\">\n\t\t\t\t<div class=\"elementor-element elementor-element-77f0a4d2 elementor-widget elementor-widget-heading\" data-id=\"77f0a4d2\" data-element_type=\"widget\" data-e-type=\"widget\" data-widget_type=\"heading.default\">\n\t\t\t\t<div class=\"elementor-widget-container\">\n\t\t\t\t\t<span class=\"elementor-heading-title elementor-size-default\">GUT F\u00dcR:<\/span>\t\t\t\t<\/div>\n\t\t\t\t<\/div>\n\t\t\t\t<div class=\"elementor-element elementor-element-68608fcb elementor-widget elementor-widget-heading\" data-id=\"68608fcb\" data-element_type=\"widget\" data-e-type=\"widget\" data-widget_type=\"heading.default\">\n\t\t\t\t<div class=\"elementor-widget-container\">\n\t\t\t\t\t<span class=\"elementor-heading-title elementor-size-default\">Alle Hauttypen, einschlie\u00dflich empfindlicher\nund zu Akne neigende Haut\n\n<\/span>\t\t\t\t<\/div>\n\t\t\t\t<\/div>\n\t\t\t\t<\/div>\n\t\t\t\t<div class=\"elementor-element elementor-element-5ef2aad0 elementor-widget-divider--view-line elementor-widget elementor-widget-divider\" data-id=\"5ef2aad0\" data-element_type=\"widget\" data-e-type=\"widget\" data-widget_type=\"divider.default\">\n\t\t\t\t<div class=\"elementor-widget-container\">\n\t\t\t\t\t\t\t<div class=\"elementor-divider\">\n\t\t\t<span class=\"elementor-divider-separator\">\n\t\t\t\t\t\t<\/span>\n\t\t<\/div>\n\t\t\t\t\t\t<\/div>\n\t\t\t\t<\/div>\n\t\t<div class=\"elementor-element elementor-element-2a6f3c0c e-grid e-con-full e-con e-child\" data-id=\"2a6f3c0c\" data-element_type=\"container\" data-e-type=\"container\">\n\t\t\t\t<div class=\"elementor-element elementor-element-596a3de1 elementor-widget elementor-widget-heading\" data-id=\"596a3de1\" data-element_type=\"widget\" data-e-type=\"widget\" data-widget_type=\"heading.default\">\n\t\t\t\t<div class=\"elementor-widget-container\">\n\t\t\t\t\t<span class=\"elementor-heading-title elementor-size-default\">F\u00dcHLT SICH AN:\n\n<\/span>\t\t\t\t<\/div>\n\t\t\t\t<\/div>\n\t\t\t\t<div class=\"elementor-element elementor-element-63a95cc1 elementor-widget elementor-widget-heading\" data-id=\"63a95cc1\" data-element_type=\"widget\" data-e-type=\"widget\" data-widget_type=\"heading.default\">\n\t\t\t\t<div class=\"elementor-widget-container\">\n\t\t\t\t\t<span class=\"elementor-heading-title elementor-size-default\">Ein superfeiner, erfrischender Nebel\n\n<\/span>\t\t\t\t<\/div>\n\t\t\t\t<\/div>\n\t\t\t\t<\/div>\n\t\t\t\t<div class=\"elementor-element elementor-element-750a0443 elementor-widget-divider--view-line elementor-widget elementor-widget-divider\" data-id=\"750a0443\" data-element_type=\"widget\" data-e-type=\"widget\" data-widget_type=\"divider.default\">\n\t\t\t\t<div class=\"elementor-widget-container\">\n\t\t\t\t\t\t\t<div class=\"elementor-divider\">\n\t\t\t<span class=\"elementor-divider-separator\">\n\t\t\t\t\t\t<\/span>\n\t\t<\/div>\n\t\t\t\t\t\t<\/div>\n\t\t\t\t<\/div>\n\t\t<div class=\"elementor-element elementor-element-6bc14d88 e-grid e-con-full e-con e-child\" data-id=\"6bc14d88\" data-element_type=\"container\" data-e-type=\"container\">\n\t\t\t\t<div class=\"elementor-element elementor-element-8228085 elementor-widget elementor-widget-heading\" data-id=\"8228085\" data-element_type=\"widget\" data-e-type=\"widget\" data-widget_type=\"heading.default\">\n\t\t\t\t<div class=\"elementor-widget-container\">\n\t\t\t\t\t<span class=\"elementor-heading-title elementor-size-default\">RIECHT NACH:<\/span>\t\t\t\t<\/div>\n\t\t\t\t<\/div>\n\t\t\t\t<div class=\"elementor-element elementor-element-4d92f16b elementor-widget elementor-widget-heading\" data-id=\"4d92f16b\" data-element_type=\"widget\" data-e-type=\"widget\" data-widget_type=\"heading.default\">\n\t\t\t\t<div class=\"elementor-widget-container\">\n\t\t\t\t\t<span class=\"elementor-heading-title elementor-size-default\">Parf\u00fcmfrei\n\n<\/span>\t\t\t\t<\/div>\n\t\t\t\t<\/div>\n\t\t\t\t<\/div>\n\t\t\t\t<div class=\"elementor-element elementor-element-6ba2d687 elementor-widget-divider--view-line elementor-widget elementor-widget-divider\" data-id=\"6ba2d687\" data-element_type=\"widget\" data-e-type=\"widget\" data-widget_type=\"divider.default\">\n\t\t\t\t<div class=\"elementor-widget-container\">\n\t\t\t\t\t\t\t<div class=\"elementor-divider\">\n\t\t\t<span class=\"elementor-divider-separator\">\n\t\t\t\t\t\t<\/span>\n\t\t<\/div>\n\t\t\t\t\t\t<\/div>\n\t\t\t\t<\/div>\n\t\t<div class=\"elementor-element elementor-element-57037a01 e-grid e-con-full e-con e-child\" data-id=\"57037a01\" data-element_type=\"container\" data-e-type=\"container\">\n\t\t\t\t<div class=\"elementor-element elementor-element-9fa7b48 elementor-widget elementor-widget-heading\" data-id=\"9fa7b48\" data-element_type=\"widget\" data-e-type=\"widget\" data-widget_type=\"heading.default\">\n\t\t\t\t<div class=\"elementor-widget-container\">\n\t\t\t\t\t<span class=\"elementor-heading-title elementor-size-default\">ZU IHRER INFORMATION:<\/span>\t\t\t\t<\/div>\n\t\t\t\t<\/div>\n\t\t\t\t<div class=\"elementor-element elementor-element-30844535 elementor-widget elementor-widget-heading\" data-id=\"30844535\" data-element_type=\"widget\" data-e-type=\"widget\" data-widget_type=\"heading.default\">\n\t\t\t\t<div class=\"elementor-widget-container\">\n\t\t\t\t\t<span class=\"elementor-heading-title elementor-size-default\">Cruelty-Free - Vegan - Glutenfrei\nDermatologisch getestet - Ophthalmologisch getestet\n<\/span>\t\t\t\t<\/div>\n\t\t\t\t<\/div>\n\t\t\t\t<\/div>\n\t\t\t\t<\/div>\n\t\t\t\t<\/div>\n\t\t<div class=\"elementor-element elementor-element-4f9aa5c9 e-con-full e-flex e-con e-child\" data-id=\"4f9aa5c9\" data-element_type=\"container\" data-e-type=\"container\">\n\t\t<div class=\"elementor-element elementor-element-7c93ecef e-con-full e-flex e-con e-child\" data-id=\"7c93ecef\" data-element_type=\"container\" data-e-type=\"container\">\n\t\t\t\t<div class=\"elementor-element elementor-element-778ecd2e elementor-widget elementor-widget-image\" data-id=\"778ecd2e\" data-element_type=\"widget\" data-e-type=\"widget\" data-widget_type=\"image.default\">\n\t\t\t\t<div class=\"elementor-widget-container\">\n\t\t\t\t\t\t\t\t\t\t\t\t\t\t\t<img fetchpriority=\"high\" decoding=\"async\" width=\"682\" height=\"1024\" src=\"https:\/\/sugar-skin.gr\/wp-content\/uploads\/2025\/07\/7f653a0c-7d61-49c2-b8b5-9b99ce507567-100x150.jpg\" class=\"attachment-large size-large wp-image-17468 et-lazyload lazyload\" alt=\"bi phase avocado boost feuchtigkeitsspendendes Gesichtswasser 24h\" data-src=\"https:\/\/sugar-skin.gr\/wp-content\/uploads\/2025\/07\/7f653a0c-7d61-49c2-b8b5-9b99ce507567-682x1024.jpg\" data-sizes=\"(max-width: 682px) 100vw, 682px\" data-srcset=\"https:\/\/sugar-skin.gr\/wp-content\/uploads\/2025\/07\/7f653a0c-7d61-49c2-b8b5-9b99ce507567-682x1024.jpg 682w, https:\/\/sugar-skin.gr\/wp-content\/uploads\/2025\/07\/7f653a0c-7d61-49c2-b8b5-9b99ce507567-200x300.jpg 200w, https:\/\/sugar-skin.gr\/wp-content\/uploads\/2025\/07\/7f653a0c-7d61-49c2-b8b5-9b99ce507567-768x1152.jpg 768w, https:\/\/sugar-skin.gr\/wp-content\/uploads\/2025\/07\/7f653a0c-7d61-49c2-b8b5-9b99ce507567-100x150.jpg 100w, https:\/\/sugar-skin.gr\/wp-content\/uploads\/2025\/07\/7f653a0c-7d61-49c2-b8b5-9b99ce507567.jpg 853w\" srcset=\"https:\/\/sugar-skin.gr\/wp-content\/uploads\/2025\/07\/7f653a0c-7d61-49c2-b8b5-9b99ce507567-100x150.jpg 100w, https:\/\/sugar-skin.gr\/wp-content\/uploads\/2025\/07\/7f653a0c-7d61-49c2-b8b5-9b99ce507567-200x300.jpg 200w, https:\/\/sugar-skin.gr\/wp-content\/uploads\/2025\/07\/7f653a0c-7d61-49c2-b8b5-9b99ce507567-682x1024.jpg 682w, https:\/\/sugar-skin.gr\/wp-content\/uploads\/2025\/07\/7f653a0c-7d61-49c2-b8b5-9b99ce507567-768x1152.jpg 768w, https:\/\/sugar-skin.gr\/wp-content\/uploads\/2025\/07\/7f653a0c-7d61-49c2-b8b5-9b99ce507567.jpg 853w\" sizes=\"(max-width: 682px) 100vw, 682px\" \/>\t\t\t\t\t\t\t\t\t\t\t\t\t\t\t<\/div>\n\t\t\t\t<\/div>\n\t\t\t\t<\/div>\n\t\t\t\t<\/div>\n\t\t\t\t<\/div>\n\t\t<div class=\"elementor-element elementor-element-3a5b2fb5 e-con-full e-flex e-con e-child\" data-id=\"3a5b2fb5\" data-element_type=\"container\" data-e-type=\"container\">\n\t\t\t\t<div class=\"elementor-element elementor-element-1a7ed089 elementor-widget elementor-widget-video\" data-id=\"1a7ed089\" data-element_type=\"widget\" data-e-type=\"widget\" data-settings=\"{&quot;youtube_url&quot;:&quot;https:\\\/\\\/youtube.com\\\/shorts\\\/XBi_FSLhQQk?si=RePUHdjuioV8jifW&quot;,&quot;video_type&quot;:&quot;youtube&quot;,&quot;controls&quot;:&quot;yes&quot;}\" data-widget_type=\"video.default\">\n\t\t\t\t<div class=\"elementor-widget-container\">\n\t\t\t\t\t\t\t<div class=\"elementor-wrapper elementor-open-inline\">\n\t\t\t<div class=\"elementor-video\"><\/div>\t\t<\/div>\n\t\t\t\t\t\t<\/div>\n\t\t\t\t<\/div>\n\t\t\t\t<\/div>\n\t\t\t\t\t<\/div>\n\t\t\t\t<\/div>\n\t\t\t\t<\/div>","protected":false},"excerpt":{"rendered":"<p class=\"p1\">Bi-Phasen-Toner<\/p>\n<p class=\"p1\">wurde entwickelt, um die Haut zu verj\u00fcngen, mit Feuchtigkeit zu versorgen und sie sanft zu peelen. Sie kombiniert die n\u00e4hrenden und feuchtigkeitsspendenden Eigenschaften von Pflanzen\u00f6len wie Avocado-, Traubenkern-, Oliven-, Aprikosen-, Mandel- und Passionsfrucht\u00f6l, um die Haut mit Feuchtigkeit zu versorgen, sie zum Strahlen zu bringen, sie zu n\u00e4hren, vor Antioxidantien zu sch\u00fctzen und sie zu gl\u00e4tten. Gleichzeitig enth\u00e4lt sie einen leistungsstarken Anti-Falten- und Straffungskomplex mit Carthamus tinctorius-Samen\u00f6l, Spilanthes acmella-Extrakt, Astragalus membranaceus-Extrakt, Coenzym Q10 und Vitamin E, der hilft, feine Linien zu reduzieren und einen sofortigen Lifting-Effekt zu erzielen.<\/p>\n<p>Produziert in Griechenland - Produziert in Griechenland , 100 ml<\/p>","protected":false},"featured_media":17486,"comment_status":"open","ping_status":"closed","template":"","meta":{"_acf_changed":false,"_seopress_robots_primary_cat":"none","_seopress_titles_title":"","_seopress_titles_desc":"","_seopress_robots_index":"","_mo_disable_npp":""},"product_brand":[],"product_cat":[131],"product_tag":[135],"class_list":{"0":"post-15280","1":"product","2":"type-product","3":"status-publish","4":"has-post-thumbnail","6":"product_cat-skin-care","7":"product_tag-show-extra-tabs","9":"first","10":"instock","11":"shipping-taxable","12":"purchasable","13":"product-type-simple"},"acf":[],"_links":{"self":[{"href":"https:\/\/sugar-skin.gr\/de\/wp-json\/wp\/v2\/product\/15280","targetHints":{"allow":["GET"]}}],"collection":[{"href":"https:\/\/sugar-skin.gr\/de\/wp-json\/wp\/v2\/product"}],"about":[{"href":"https:\/\/sugar-skin.gr\/de\/wp-json\/wp\/v2\/types\/product"}],"replies":[{"embeddable":true,"href":"https:\/\/sugar-skin.gr\/de\/wp-json\/wp\/v2\/comments?post=15280"}],"version-history":[{"count":28,"href":"https:\/\/sugar-skin.gr\/de\/wp-json\/wp\/v2\/product\/15280\/revisions"}],"predecessor-version":[{"id":15287,"href":"https:\/\/sugar-skin.gr\/de\/wp-json\/wp\/v2\/product\/15280\/revisions\/15287"}],"wp:featuredmedia":[{"embeddable":true,"href":"https:\/\/sugar-skin.gr\/de\/wp-json\/wp\/v2\/media\/17486"}],"wp:attachment":[{"href":"https:\/\/sugar-skin.gr\/de\/wp-json\/wp\/v2\/media?parent=15280"}],"wp:term":[{"taxonomy":"product_brand","embeddable":true,"href":"https:\/\/sugar-skin.gr\/de\/wp-json\/wp\/v2\/product_brand?post=15280"},{"taxonomy":"product_cat","embeddable":true,"href":"https:\/\/sugar-skin.gr\/de\/wp-json\/wp\/v2\/product_cat?post=15280"},{"taxonomy":"product_tag","embeddable":true,"href":"https:\/\/sugar-skin.gr\/de\/wp-json\/wp\/v2\/product_tag?post=15280"}],"curies":[{"name":"wp","href":"https:\/\/api.w.org\/{rel}","templated":true}]}}