{"id":13014,"date":"2025-05-30T01:32:17","date_gmt":"2025-05-29T22:32:17","guid":{"rendered":"https:\/\/sugar-skin.gr\/?post_type=product&#038;p=13014"},"modified":"2026-05-04T20:17:13","modified_gmt":"2026-05-04T17:17:13","slug":"hyaluronic-lip-oil-vitamin-e-castor-oil","status":"publish","type":"product","link":"https:\/\/sugar-skin.gr\/de\/product\/hyaluronic-lip-oil-vitamin-e-castor-oil\/","title":{"rendered":"Hyalurons\u00e4ure-Lippen\u00f6l Vitamin E &amp; Rizinus\u00f6l"},"content":{"rendered":"<div data-elementor-type=\"product-post\" data-elementor-id=\"13014\" class=\"elementor elementor-13014\" data-elementor-post-type=\"product\">\n\t\t\t\t<div class=\"elementor-element elementor-element-86e8ce3 e-flex e-con-boxed e-con e-parent\" data-id=\"86e8ce3\" data-element_type=\"container\" data-e-type=\"container\">\n\t\t\t\t\t<div class=\"e-con-inner\">\n\t\t\t\t<div class=\"elementor-element elementor-element-6a0978f1 elementor-widget elementor-widget-text-editor\" data-id=\"6a0978f1\" data-element_type=\"widget\" data-e-type=\"widget\" data-widget_type=\"text-editor.default\">\n\t\t\t\t<div class=\"elementor-widget-container\">\n\t\t\t\t\t\t\t\t\t<p class=\"s6\" style=\"text-align: center;\">EL: Feuchtigkeitsspendendes Lippen\u00f6l mit Hyalurons\u00e4ure, Vitamin E und Rizinus\u00f6l, das die Lippen n\u00e4hrt, sch\u00fctzt und ihnen einen sanften Glanz verleiht. Die leichte Formel schlie\u00dft Feuchtigkeit ein und macht die Lippen glatt und prall.<\/p>\r\n<p class=\"s6\">DE: Das feuchtigkeitsspendende Lippen\u00f6l mit Hyalurons\u00e4ure, Vitamin E und Rizinus\u00f6l n\u00e4hrt und sch\u00fctzt die Lippen und verleiht ihnen einen sanften Glanz. Die leichte Formel schlie\u00dft die Feuchtigkeit ein und macht die Lippen glatt und prall.<\/p>\t\t\t\t\t\t\t\t<\/div>\n\t\t\t\t<\/div>\n\t\t\t\t\t<\/div>\n\t\t\t\t<\/div>\n\t\t<div class=\"elementor-element elementor-element-482eafdb e-flex e-con-boxed e-con e-parent\" data-id=\"482eafdb\" data-element_type=\"container\" data-e-type=\"container\">\n\t\t\t\t\t<div class=\"e-con-inner\">\n\t\t<div class=\"elementor-element elementor-element-2da84392 e-con-full e-flex e-con e-child\" data-id=\"2da84392\" data-element_type=\"container\" data-e-type=\"container\">\n\t\t<div class=\"elementor-element elementor-element-6449361d e-con-full e-flex e-con e-child\" data-id=\"6449361d\" data-element_type=\"container\" data-e-type=\"container\">\n\t\t<div class=\"elementor-element elementor-element-7d3c8901 e-con-full e-flex e-con e-child\" data-id=\"7d3c8901\" data-element_type=\"container\" data-e-type=\"container\" data-settings=\"{&quot;background_background&quot;:&quot;classic&quot;}\">\n\t\t\t\t<div class=\"elementor-element elementor-element-7b17f2d9 elementor-widget elementor-widget-heading\" data-id=\"7b17f2d9\" data-element_type=\"widget\" data-e-type=\"widget\" data-widget_type=\"heading.default\">\n\t\t\t\t<div class=\"elementor-widget-container\">\n\t\t\t\t\t<h2 class=\"elementor-heading-title elementor-size-default\">Hyalurons\u00e4ure-Lippen\u00f6l Vitamin E &amp; Rizinus\u00f6l<\/h2>\t\t\t\t<\/div>\n\t\t\t\t<\/div>\n\t\t\t\t<div class=\"elementor-element elementor-element-6d424624 elementor-widget elementor-widget-text-editor\" data-id=\"6d424624\" data-element_type=\"widget\" data-e-type=\"widget\" data-widget_type=\"text-editor.default\">\n\t\t\t\t<div class=\"elementor-widget-container\">\n\t\t\t\t\t\t\t\t\t<p>in 2 Formeln.<\/p>\t\t\t\t\t\t\t\t<\/div>\n\t\t\t\t<\/div>\n\t\t<div class=\"elementor-element elementor-element-5f40d444 e-grid e-con-full e-con e-child\" data-id=\"5f40d444\" data-element_type=\"container\" data-e-type=\"container\">\n\t\t\t\t<div class=\"elementor-element elementor-element-3ff77649 elementor-widget elementor-widget-heading\" data-id=\"3ff77649\" data-element_type=\"widget\" data-e-type=\"widget\" data-widget_type=\"heading.default\">\n\t\t\t\t<div class=\"elementor-widget-container\">\n\t\t\t\t\t<span class=\"elementor-heading-title elementor-size-default\">GUT F\u00dcR:<\/span>\t\t\t\t<\/div>\n\t\t\t\t<\/div>\n\t\t\t\t<div class=\"elementor-element elementor-element-44a9e73f elementor-widget elementor-widget-heading\" data-id=\"44a9e73f\" data-element_type=\"widget\" data-e-type=\"widget\" data-widget_type=\"heading.default\">\n\t\t\t\t<div class=\"elementor-widget-container\">\n\t\t\t\t\t<span class=\"elementor-heading-title elementor-size-default\">F\u00fcr alle Lippentypen, einschlie\u00dflich trockener und feuchtigkeitsarmer Lippen.<\/span>\t\t\t\t<\/div>\n\t\t\t\t<\/div>\n\t\t\t\t<\/div>\n\t\t\t\t<div class=\"elementor-element elementor-element-62c05877 elementor-widget-divider--view-line elementor-widget elementor-widget-divider\" data-id=\"62c05877\" data-element_type=\"widget\" data-e-type=\"widget\" data-widget_type=\"divider.default\">\n\t\t\t\t<div class=\"elementor-widget-container\">\n\t\t\t\t\t\t\t<div class=\"elementor-divider\">\n\t\t\t<span class=\"elementor-divider-separator\">\n\t\t\t\t\t\t<\/span>\n\t\t<\/div>\n\t\t\t\t\t\t<\/div>\n\t\t\t\t<\/div>\n\t\t<div class=\"elementor-element elementor-element-5c0d754c e-grid e-con-full e-con e-child\" data-id=\"5c0d754c\" data-element_type=\"container\" data-e-type=\"container\">\n\t\t\t\t<div class=\"elementor-element elementor-element-546c1f00 elementor-widget elementor-widget-heading\" data-id=\"546c1f00\" data-element_type=\"widget\" data-e-type=\"widget\" data-widget_type=\"heading.default\">\n\t\t\t\t<div class=\"elementor-widget-container\">\n\t\t\t\t\t<span class=\"elementor-heading-title elementor-size-default\">F\u00dcHLT SICH AN:\n\n<\/span>\t\t\t\t<\/div>\n\t\t\t\t<\/div>\n\t\t\t\t<div class=\"elementor-element elementor-element-240ef7e2 elementor-widget elementor-widget-heading\" data-id=\"240ef7e2\" data-element_type=\"widget\" data-e-type=\"widget\" data-widget_type=\"heading.default\">\n\t\t\t\t<div class=\"elementor-widget-container\">\n\t\t\t\t\t<span class=\"elementor-heading-title elementor-size-default\">Ein leichtes, nicht klebriges \u00d6l, das sofort Feuchtigkeit spendet und die Haut gl\u00e4ttet.\n<\/span>\t\t\t\t<\/div>\n\t\t\t\t<\/div>\n\t\t\t\t<\/div>\n\t\t\t\t<div class=\"elementor-element elementor-element-6367fa97 elementor-widget-divider--view-line elementor-widget elementor-widget-divider\" data-id=\"6367fa97\" data-element_type=\"widget\" data-e-type=\"widget\" data-widget_type=\"divider.default\">\n\t\t\t\t<div class=\"elementor-widget-container\">\n\t\t\t\t\t\t\t<div class=\"elementor-divider\">\n\t\t\t<span class=\"elementor-divider-separator\">\n\t\t\t\t\t\t<\/span>\n\t\t<\/div>\n\t\t\t\t\t\t<\/div>\n\t\t\t\t<\/div>\n\t\t<div class=\"elementor-element elementor-element-d163fd8 e-grid e-con-full e-con e-child\" data-id=\"d163fd8\" data-element_type=\"container\" data-e-type=\"container\">\n\t\t\t\t<div class=\"elementor-element elementor-element-3d599baf elementor-widget elementor-widget-heading\" data-id=\"3d599baf\" data-element_type=\"widget\" data-e-type=\"widget\" data-widget_type=\"heading.default\">\n\t\t\t\t<div class=\"elementor-widget-container\">\n\t\t\t\t\t<span class=\"elementor-heading-title elementor-size-default\">RIECHT NACH:<\/span>\t\t\t\t<\/div>\n\t\t\t\t<\/div>\n\t\t\t\t<div class=\"elementor-element elementor-element-24dbc338 elementor-widget elementor-widget-heading\" data-id=\"24dbc338\" data-element_type=\"widget\" data-e-type=\"widget\" data-widget_type=\"heading.default\">\n\t\t\t\t<div class=\"elementor-widget-container\">\n\t\t\t\t\t<span class=\"elementor-heading-title elementor-size-default\">Parf\u00fcmfrei\n\n<\/span>\t\t\t\t<\/div>\n\t\t\t\t<\/div>\n\t\t\t\t<\/div>\n\t\t\t\t<div class=\"elementor-element elementor-element-56bdab0b elementor-widget-divider--view-line elementor-widget elementor-widget-divider\" data-id=\"56bdab0b\" data-element_type=\"widget\" data-e-type=\"widget\" data-widget_type=\"divider.default\">\n\t\t\t\t<div class=\"elementor-widget-container\">\n\t\t\t\t\t\t\t<div class=\"elementor-divider\">\n\t\t\t<span class=\"elementor-divider-separator\">\n\t\t\t\t\t\t<\/span>\n\t\t<\/div>\n\t\t\t\t\t\t<\/div>\n\t\t\t\t<\/div>\n\t\t<div class=\"elementor-element elementor-element-52ff2485 e-grid e-con-full e-con e-child\" data-id=\"52ff2485\" data-element_type=\"container\" data-e-type=\"container\">\n\t\t\t\t<div class=\"elementor-element elementor-element-6817e221 elementor-widget elementor-widget-heading\" data-id=\"6817e221\" data-element_type=\"widget\" data-e-type=\"widget\" data-widget_type=\"heading.default\">\n\t\t\t\t<div class=\"elementor-widget-container\">\n\t\t\t\t\t<span class=\"elementor-heading-title elementor-size-default\">ZU IHRER INFORMATION:<\/span>\t\t\t\t<\/div>\n\t\t\t\t<\/div>\n\t\t\t\t<div class=\"elementor-element elementor-element-57dbe904 elementor-widget elementor-widget-heading\" data-id=\"57dbe904\" data-element_type=\"widget\" data-e-type=\"widget\" data-widget_type=\"heading.default\">\n\t\t\t\t<div class=\"elementor-widget-container\">\n\t\t\t\t\t<span class=\"elementor-heading-title elementor-size-default\">Grausamkeitsfrei - Vegan - Glutenfrei\n<\/span>\t\t\t\t<\/div>\n\t\t\t\t<\/div>\n\t\t\t\t<\/div>\n\t\t\t\t<\/div>\n\t\t\t\t<\/div>\n\t\t<div class=\"elementor-element elementor-element-59c9c9a1 e-con-full e-flex e-con e-child\" data-id=\"59c9c9a1\" data-element_type=\"container\" data-e-type=\"container\">\n\t\t<div class=\"elementor-element elementor-element-5eaaf578 e-con-full e-flex e-con e-child\" data-id=\"5eaaf578\" data-element_type=\"container\" data-e-type=\"container\">\n\t\t\t\t<div class=\"elementor-element elementor-element-68e9a305 elementor-widget elementor-widget-image\" data-id=\"68e9a305\" data-element_type=\"widget\" data-e-type=\"widget\" data-widget_type=\"image.default\">\n\t\t\t\t<div class=\"elementor-widget-container\">\n\t\t\t\t\t\t\t\t\t\t\t\t\t\t\t<img fetchpriority=\"high\" decoding=\"async\" width=\"683\" height=\"1024\" src=\"https:\/\/sugar-skin.gr\/wp-content\/uploads\/2025\/06\/619a8956_ok-100x150.jpg\" class=\"attachment-large size-large wp-image-13302 et-lazyload lazyload\" alt=\"619a8956 ok\" data-src=\"https:\/\/sugar-skin.gr\/wp-content\/uploads\/2025\/06\/619a8956_ok-683x1024.jpg\" data-sizes=\"(max-width: 683px) 100vw, 683px\" data-srcset=\"https:\/\/sugar-skin.gr\/wp-content\/uploads\/2025\/06\/619a8956_ok-683x1024.jpg 683w, https:\/\/sugar-skin.gr\/wp-content\/uploads\/2025\/06\/619a8956_ok-scaled-1000x1500.jpg 1000w, https:\/\/sugar-skin.gr\/wp-content\/uploads\/2025\/06\/619a8956_ok-200x300.jpg 200w, https:\/\/sugar-skin.gr\/wp-content\/uploads\/2025\/06\/619a8956_ok-768x1152.jpg 768w, https:\/\/sugar-skin.gr\/wp-content\/uploads\/2025\/06\/619a8956_ok-1024x1536.jpg 1024w, https:\/\/sugar-skin.gr\/wp-content\/uploads\/2025\/06\/619a8956_ok-1365x2048.jpg 1365w, https:\/\/sugar-skin.gr\/wp-content\/uploads\/2025\/06\/619a8956_ok-100x150.jpg 100w, https:\/\/sugar-skin.gr\/wp-content\/uploads\/2025\/06\/619a8956_ok-scaled.jpg 1707w\" srcset=\"https:\/\/sugar-skin.gr\/wp-content\/uploads\/2025\/06\/619a8956_ok-100x150.jpg 100w, https:\/\/sugar-skin.gr\/wp-content\/uploads\/2025\/06\/619a8956_ok-scaled-1000x1500.jpg 1000w, https:\/\/sugar-skin.gr\/wp-content\/uploads\/2025\/06\/619a8956_ok-200x300.jpg 200w, https:\/\/sugar-skin.gr\/wp-content\/uploads\/2025\/06\/619a8956_ok-683x1024.jpg 683w, https:\/\/sugar-skin.gr\/wp-content\/uploads\/2025\/06\/619a8956_ok-768x1152.jpg 768w, https:\/\/sugar-skin.gr\/wp-content\/uploads\/2025\/06\/619a8956_ok-1024x1536.jpg 1024w, https:\/\/sugar-skin.gr\/wp-content\/uploads\/2025\/06\/619a8956_ok-1365x2048.jpg 1365w, https:\/\/sugar-skin.gr\/wp-content\/uploads\/2025\/06\/619a8956_ok-scaled.jpg 1707w\" sizes=\"(max-width: 683px) 100vw, 683px\" \/>\t\t\t\t\t\t\t\t\t\t\t\t\t\t\t<\/div>\n\t\t\t\t<\/div>\n\t\t\t\t<\/div>\n\t\t\t\t<\/div>\n\t\t\t\t<\/div>\n\t\t<div class=\"elementor-element elementor-element-1eeca6d8 e-con-full e-flex e-con e-child\" data-id=\"1eeca6d8\" data-element_type=\"container\" data-e-type=\"container\">\n\t\t\t\t<div class=\"elementor-element elementor-element-7dca5a elementor-widget elementor-widget-video\" data-id=\"7dca5a\" data-element_type=\"widget\" data-e-type=\"widget\" data-settings=\"{&quot;youtube_url&quot;:&quot;https:\\\/\\\/youtu.be\\\/q7259g5sOcc&quot;,&quot;video_type&quot;:&quot;youtube&quot;,&quot;controls&quot;:&quot;yes&quot;}\" data-widget_type=\"video.default\">\n\t\t\t\t<div class=\"elementor-widget-container\">\n\t\t\t\t\t\t\t<div class=\"elementor-wrapper elementor-open-inline\">\n\t\t\t<div class=\"elementor-video\"><\/div>\t\t<\/div>\n\t\t\t\t\t\t<\/div>\n\t\t\t\t<\/div>\n\t\t\t\t<\/div>\n\t\t\t\t\t<\/div>\n\t\t\t\t<\/div>\n\t\t\t\t<\/div>","protected":false},"excerpt":{"rendered":"<p>EL: \u0395\u03bd\u03c5\u03b4\u03b1\u03c4\u03b9\u03ba\u03cc lip oil \u03bc\u03b5 \u03a5\u03b1\u03bb\u03bf\u03c5\u03c1\u03bf\u03bd\u03b9\u03ba\u03cc \u039f\u03be\u03cd, \u0392\u03b9\u03c4\u03b1\u03bc\u03af\u03bd\u03b7 \u0395 \u03ba\u03b1\u03b9 \u039a\u03b1\u03c3\u03c4\u03bf\u03c1\u03ad\u03bb\u03b1\u03b9\u03bf \u03c0\u03bf\u03c5 \u03b8\u03c1\u03ad\u03c6\u03b5\u03b9, \u03c0\u03c1\u03bf\u03c3\u03c4\u03b1\u03c4\u03b5\u03cd\u03b5\u03b9 \u03ba\u03b1\u03b9 \u03c7\u03b1\u03c1\u03af\u03b6\u03b5\u03b9 \u03b1\u03c0\u03b1\u03bb\u03ae \u03bb\u03ac\u03bc\u03c8\u03b7 \u03c3\u03c4\u03b1 \u03c7\u03b5\u03af\u03bb\u03b7. \u0397 \u03b5\u03bb\u03b1\u03c6\u03c1\u03b9\u03ac \u03c3\u03cd\u03bd\u03b8\u03b5\u03c3\u03ae \u03c4\u03bf\u03c5 \u03ba\u03bb\u03b5\u03b9\u03b4\u03ce\u03bd\u03b5\u03b9 \u03c4\u03b7\u03bd \u03c5\u03b3\u03c1\u03b1\u03c3\u03af\u03b1, \u03b1\u03c6\u03ae\u03bd\u03bf\u03bd\u03c4\u03b1\u03c2 \u03c4\u03b1 \u03c7\u03b5\u03af\u03bb\u03b7 \u03bb\u03b5\u03af\u03b1 \u03ba\u03b1\u03b9 \u03b3\u03b5\u03bc\u03ac\u03c4\u03b1. EN: Hydrating lip oil with Hyaluronic Acid, Vitamin E, and Castor Oil that nourishes, protects, and provides [&hellip;]<\/p>\n","protected":false},"featured_media":22476,"comment_status":"closed","ping_status":"closed","template":"","meta":{"_acf_changed":false,"_seopress_robots_primary_cat":"none","_seopress_titles_title":"","_seopress_titles_desc":"","_seopress_robots_index":"","_mo_disable_npp":""},"product_brand":[],"product_cat":[132],"product_tag":[135],"class_list":{"0":"post-13014","1":"product","2":"type-product","3":"status-publish","4":"has-post-thumbnail","6":"product_cat-lip-cheek","7":"product_tag-show-extra-tabs","9":"first","10":"instock","11":"shipping-taxable","12":"purchasable","13":"product-type-variable"},"acf":[],"_links":{"self":[{"href":"https:\/\/sugar-skin.gr\/de\/wp-json\/wp\/v2\/product\/13014","targetHints":{"allow":["GET"]}}],"collection":[{"href":"https:\/\/sugar-skin.gr\/de\/wp-json\/wp\/v2\/product"}],"about":[{"href":"https:\/\/sugar-skin.gr\/de\/wp-json\/wp\/v2\/types\/product"}],"replies":[{"embeddable":true,"href":"https:\/\/sugar-skin.gr\/de\/wp-json\/wp\/v2\/comments?post=13014"}],"version-history":[{"count":17,"href":"https:\/\/sugar-skin.gr\/de\/wp-json\/wp\/v2\/product\/13014\/revisions"}],"predecessor-version":[{"id":24709,"href":"https:\/\/sugar-skin.gr\/de\/wp-json\/wp\/v2\/product\/13014\/revisions\/24709"}],"wp:featuredmedia":[{"embeddable":true,"href":"https:\/\/sugar-skin.gr\/de\/wp-json\/wp\/v2\/media\/22476"}],"wp:attachment":[{"href":"https:\/\/sugar-skin.gr\/de\/wp-json\/wp\/v2\/media?parent=13014"}],"wp:term":[{"taxonomy":"product_brand","embeddable":true,"href":"https:\/\/sugar-skin.gr\/de\/wp-json\/wp\/v2\/product_brand?post=13014"},{"taxonomy":"product_cat","embeddable":true,"href":"https:\/\/sugar-skin.gr\/de\/wp-json\/wp\/v2\/product_cat?post=13014"},{"taxonomy":"product_tag","embeddable":true,"href":"https:\/\/sugar-skin.gr\/de\/wp-json\/wp\/v2\/product_tag?post=13014"}],"curies":[{"name":"wp","href":"https:\/\/api.w.org\/{rel}","templated":true}]}}